{"id":12956444,"date":"2026-04-10T01:00:53","date_gmt":"2026-04-09T23:00:53","guid":{"rendered":"https:\/\/saint-denis-immobilier.fr\/transaction-location\/vendu-appartement-saint-denis-2-pieces-31-03-m2\/"},"modified":"2026-04-10T03:00:57","modified_gmt":"2026-04-10T01:00:57","slug":"verkauft-wohnung-saint-denis-2-zimmer-31-03-m2","status":"publish","type":"product","link":"https:\/\/saint-denis-immobilier.fr\/de\/transaktion-vermietung\/verkauft-wohnung-saint-denis-2-zimmer-31-03-m2\/","title":{"rendered":"<span class=\"sdi_exclu\"><\/span>VERKAUFT!<div class=\"sdi_vendu\"><\/div>  Wohnung Saint Denis 2 Zimmer 31.03 m2"},"content":{"rendered":"<p>PORTE DE PARIS - VERKAUFT VERMIETET - SQUARE DE GEYTER, 6 Minuten von der Metrolinie 13 Porte de Paris, 8 Minuten vom SNCF-Bahnhof RER D und 1 Minute von der Stra\u00dfenbahn entfernt. In einem alten Geb\u00e4ude im zweiten Stock, eine Wohnung verkauft vermietet mit Blick auf den Hof von zwei Hauptr\u00e4umen bestehend aus Wohnzimmer, K\u00fcche, ein Schlafzimmer, Duschbad mit WC und einen Keller im Untergeschoss.<br \/>\nIndividuelle Gasheizung.<br \/>\nMiete: 682,68 Euro CC (642,68 Euro HC + 40 Euro Nebenkostenr\u00fcckstellung)<br \/>\nJ\u00e4hrliche Nebenkosten: 1.116,00 Euro<br \/>\nTaxe fonci\u00e8re 2020 : 576 euros<br \/>\nEXKLUSIV!<\/p>\n<p>VERKAUFT!<\/p>\n<div class=\"sdi_vendu\"><\/div>\n<div class=\"column1 halfcolomnproductsingle\">\n<div class=\"prixvente\"><b>Preis<\/b>: 159000 \u20ac <\/div>\n<div class=\"prixloyer\"><b>Miete<\/b>: \u20ac \/Monat<\/p>\n<style>.prixloyer {display:none !important;}<\/style>\n<\/div>\n<div class=\"caution\"><b>Kaution<\/b>: \u20ac <\/p>\n<style>.caution {display:none !important;}<\/style>\n<\/div>\n<div class=\"gesmaison\"><b>Em. CO2:\u00a0<\/b> <\/p>\n<style>.gesmaison {display:none !important;}<\/style>\n<\/div>\n<div class=\"gesappart\"><b>Em. CO2:\u00a0<\/b>C <\/div>\n<div class=\"consomaison\"><b>Conso.<\/b>: Kw\/h <\/p>\n<style>.consomaison {display:none !important;}<\/style>\n<\/div>\n<div class=\"consoappart\"><b>Conso.<\/b>: 531 Kw\/h <\/div>\n<div class=\"ville\"><b>Stadt<\/b>93200 SAINT DENIS<\/div>\n<div class=\"surfacemaison\"><b>Fl\u00e4che<\/b>: m2 <\/p>\n<style>.surfacemaison {display:none !important;}<\/style>\n<\/div>\n<div class=\"surfaceappart\"><b>Fl\u00e4che<\/b>: 31m2 <\/div>\n<div class=\"surfaceimmeuble\"><b>Fl\u00e4che<\/b>: m2 <\/p>\n<style>.surfaceimmeuble {display:none !important;}<\/style>\n<\/div>\n<div class=\"surfaceparking\"><b>Fl\u00e4che<\/b>: m2 <\/p>\n<style>.surfaceparking {display:none !important;}<\/style>\n<\/div>\n<div class=\"surfaceterrain\"><b>Fl\u00e4che<\/b>: m2 <\/p>\n<style>.surfaceterrain {display:none !important;}<\/style>\n<\/div>\n<div class=\"piecesmaison\"><b>M\u00fcnzen<\/b>:  <\/p>\n<style>.piecesmaison {display:none !important;}<\/style>\n<\/div>\n<div class=\"piecesappart\"><b>M\u00fcnzen<\/b>: 2 <\/div>\n<div class=\"piecesimmeuble\"><b>M\u00fcnzen<\/b>: <\/p>\n<style>.piecesimmeuble {display:none !important;}<\/style>\n<\/div>\n<div class=\"sdbmaison\"><b>S. B\u00e4der<\/b>:  <\/p>\n<style>.sdbmaison {display:none !important;}<\/style>\n<\/div>\n<div class=\"sdbappart\"><b>S. B\u00e4der<\/b>: 0 <\/p>\n<style>.sdbappart {display:none !important;}<\/style>\n<\/div>\n<div class=\"sdemaison\"><b>S. Wasser<\/b>: <\/p>\n<style>.sdemaison {display:none !important;}<\/style>\n<\/div>\n<div class=\"sdeappart\"><b>S. Wasser<\/b>: 1 <\/div>\n<div class=\"etagesappart\"><b>Etage<\/b>: 2\/5<\/div>\n<div class=\"etagesmaison\"><b>Etage<\/b>: \/<\/p>\n<style>.etagesmaison {display:none !important;}<\/style>\n<\/div>\n<div class=\"etagesimmeuble\"><b>Etage<\/b>:  <\/p>\n<style>.etagesimmeuble {display:none !important;}<\/style>\n<\/div>\n<\/div>\n<div class=\"column1 halfcolomnproductsingle\">\n<div class=\"assainissementterrain\"><b>Sanierung<\/b>: <\/p>\n<style>.assainissementterrain {display:none !important;}<\/style>\n<\/div>\n<div class=\"construcmaison\"><b>Konstrukt<\/b>:   <\/p>\n<style>.construcmaison {display:none !important;}<\/style>\n<\/div>\n<div class=\"construcappart\"><b>Konstrukt<\/b>: 1930 Stein und Ziegel <\/div>\n<div class=\"chambresappart\"><b>Zimmer<\/b>: 1<\/div>\n<div class=\"chambresmaison\"><b>Zimmer<\/b>: <\/p>\n<style>.chambresmaison {display:none !important;}<\/style>\n<\/div>\n<div class=\"chambresimmeuble\"><b>Zimmer<\/b>: <\/p>\n<style>.chambresimmeuble {display:none !important;}<\/style>\n<\/div>\n<div class=\"vuedappart\"><b>Ansicht<\/b>:  <\/p>\n<style>.vuedappart {display:none !important;}<\/style>\n<\/div>\n<div class=\"vuemaison\"><b>Ansicht<\/b>:  <\/p>\n<style>.vuemaison {display:none !important;}<\/style>\n<\/div>\n<div class=\"fenetresmaison\"><b>Fenster<\/b>:\u00a0 <\/p>\n<style>.fenetresmaison {display:none !important;}<\/style>\n<\/div>\n<div class=\"fenetresappart\"><b>Fenster<\/b>: PVC Doppelverglasung <\/div>\n<div class=\"chauffagemaison\"><b>Heizung<\/b>:  <\/p>\n<style>.chauffagemaison {display:none !important;}<\/style>\n<\/div>\n<div class=\"chauffagemodemaison\"><b>Heizung<\/b>: <\/p>\n<style>.chauffagemodemaison {display:none !important;}<\/style>\n<\/div>\n<div class=\"chauffageappart\"><b>Heizung<\/b>: Individuell <\/div>\n<div class=\"chauffagemodeappart\"><b>Heizung<\/b>: Elektrisch<\/div>\n<div class=\"cuisinemaison\"><b>K\u00fcche<\/b>: <\/p>\n<style>.cuisinemaison {display:none !important;}<\/style>\n<\/div>\n<div class=\"cuisineappart\"><b>K\u00fcche<\/b>: Eingerichtet <\/p>\n<style>.cuisineappart {display:none !important;}<\/style>\n<\/div>\n<div class=\"honovente\"><b>Hono<\/b>: Verk\u00e4ufer <\/div>\n<div class=\"honoloc\"><b>Hono<\/b>: \u20ac <\/p>\n<style>.honoloc {display:none !important;}<\/style>\n<\/div>\n<\/div>\n<p>&nbsp;<br \/>\n<img decoding=\"async\" id=\"logoagence\" style=\"max-width: 35%;\" src=\"\/wp-content\/uploads\/2020\/03\/logo-new.png\" \/><strong>\u00a0<\/strong><\/p>\n<div class=\"dpeappart\" style=\"display: none;\"><img decoding=\"async\" src=\"\/wp-content\/uploads\/2020\/03\/DPE-G.png\" \/><\/div>\n<div class=\"dpemaison\" style=\"display: none;\"><\/div>\n<p>388<br \/>\n&nbsp;<br \/>\n<img decoding=\"async\" id=\"logoagence\" style=\"max-width: 35%;\" src=\"\/wp-content\/uploads\/2020\/03\/logo-new.png\" \/><strong>\u00a0<\/strong><\/p>\n<div class=\"dpeappart\" style=\"display: none;\"><img decoding=\"async\" src=\"\/wp-content\/uploads\/2020\/03\/DPE-G.png\" \/><\/div>\n<div class=\"dpemaison\" style=\"display: none;\"><\/div>","protected":false},"excerpt":{"rendered":"<p>  PORTE DE PARIS - VERKAUFT VERMIETET - SQUARE DE GEYTER, 6 Minuten von der Metrolinie 13 Porte de Paris, 8 Minuten vom SNCF-Bahnhof RER D und 1 Minute von der Stra\u00dfenbahn entfernt. In einem alten Geb\u00e4ude im zweiten Stock, eine Wohnung verkauft vermietet mit Blick auf den Hof von zwei Hauptr\u00e4umen bestehend aus Wohnzimmer, K\u00fcche, ein Schlafzimmer, Duschbad mit WC und einen Keller im Untergeschoss.<br \/>\nIndividuelle Gasheizung.<br \/>\nMiete: 682,68 Euro CC (642,68 Euro HC + 40 Euro Nebenkostenr\u00fcckstellung)<br \/>\nJ\u00e4hrliche Nebenkosten: 1.116,00 Euro<br \/>\nGrundsteuer 2020: 576 Euro EXKLUSIV!  VERKAUFT!<\/p>\n<div class=\"sdi_vendu\"><\/div>\n<div class=\"column1 halfcolomnproductsingle\">\n<div class=\"prixvente\"><b>Preis<\/b>: 159000 \u20ac <\/div>\n<div class=\"prixloyer\"><b>Miete<\/b>: \u20ac \/Monat<\/p>\n<style>.prixloyer {display:none !important;}<\/style>\n<\/div>\n<div class=\"caution\"><b>Kaution<\/b>: \u20ac <\/p>\n<style>.caution {display:none !important;}<\/style>\n<\/div>\n<div class=\"gesmaison\"><b>Em. CO2:\u00a0<\/b> <\/p>\n<style>.gesmaison {display:none !important;}<\/style>\n<\/div>\n<div class=\"gesappart\"><b>Em. CO2:\u00a0<\/b>C <\/div>\n<div class=\"consomaison\"><b>Conso.<\/b>: Kw\/h <\/p>\n<style>.consomaison {display:none !important;}<\/style>\n<\/div>\n<div class=\"consoappart\"><b>Conso.<\/b>: 531 Kw\/h <\/div>\n<div class=\"ville\"><b>Stadt<\/b>93200 SAINT DENIS<\/div>\n<div class=\"surfacemaison\"><b>Fl\u00e4che<\/b>: m2 <\/p>\n<style>.surfacemaison {display:none !important;}<\/style>\n<\/div>\n<div class=\"surfaceappart\"><b>Fl\u00e4che<\/b>: 31m2 <\/div>\n<div class=\"surfaceimmeuble\"><b>Fl\u00e4che<\/b>: m2 <\/p>\n<style>.surfaceimmeuble {display:none !important;}<\/style>\n<\/div>\n<div class=\"surfaceparking\"><b>Fl\u00e4che<\/b>: m2 <\/p>\n<style>.surfaceparking {display:none !important;}<\/style>\n<\/div>\n<div class=\"surfaceterrain\"><b>Fl\u00e4che<\/b>: m2 <\/p>\n<style>.surfaceterrain {display:none !important;}<\/style>\n<\/div>\n<div class=\"piecesmaison\"><b>M\u00fcnzen<\/b>:  <\/p>\n<style>.piecesmaison {display:none !important;}<\/style>\n<\/div>\n<div class=\"piecesappart\"><b>M\u00fcnzen<\/b>: 2 <\/div>\n<div class=\"piecesimmeuble\"><b>M\u00fcnzen<\/b>: <\/p>\n<style>.piecesimmeuble {display:none !important;}<\/style>\n<\/div>\n<div class=\"sdbmaison\"><b>S. B\u00e4der<\/b>:  <\/p>\n<style>.sdbmaison {display:none !important;}<\/style>\n<\/div>\n<div class=\"sdbappart\"><b>S. B\u00e4der<\/b>: 0 <\/p>\n<style>.sdbappart {display:none !important;}<\/style>\n<\/div>\n<div class=\"sdemaison\"><b>S. Wasser<\/b>: <\/p>\n<style>.sdemaison {display:none !important;}<\/style>\n<\/div>\n<div class=\"sdeappart\"><b>S. Wasser<\/b>: 1 <\/div>\n<div class=\"etagesappart\"><b>Etage<\/b>: 2\/5<\/div>\n<div class=\"etagesmaison\"><b>Etage<\/b>: \/<\/p>\n<style>.etagesmaison {display:none !important;}<\/style>\n<\/div>\n<div class=\"etagesimmeuble\"><b>Etage<\/b>:  <\/p>\n<style>.etagesimmeuble {display:none !important;}<\/style>\n<\/div><\/div>\n<div class=\"column1 halfcolomnproductsingle\">\n<div class=\"assainissementterrain\"><b>Sanierung<\/b>: <\/p>\n<style>.assainissementterrain {display:none !important;}<\/style>\n<\/div>\n<div class=\"construcmaison\"><b>Konstrukt<\/b>:   <\/p>\n<style>.construcmaison {display:none !important;}<\/style>\n<\/div>\n<div class=\"construcappart\"><b>Konstrukt<\/b>: 1930 Stein und Ziegel <\/div>\n<div class=\"chambresappart\"><b>Zimmer<\/b>: 1<\/div>\n<div class=\"chambresmaison\"><b>Zimmer<\/b>: <\/p>\n<style>.chambresmaison {display:none !important;}<\/style>\n<\/div>\n<div class=\"chambresimmeuble\"><b>Zimmer<\/b>: <\/p>\n<style>.chambresimmeuble {display:none !important;}<\/style>\n<\/div>\n<div class=\"vuedappart\"><b>Ansicht<\/b>:  <\/p>\n<style>.vuedappart {display:none !important;}<\/style>\n<\/div>\n<div class=\"vuemaison\"><b>Ansicht<\/b>:  <\/p>\n<style>.vuemaison {display:none !important;}<\/style>\n<\/div>\n<div class=\"fenetresmaison\"><b>Fenster<\/b>:\u00a0 <\/p>\n<style>.fenetresmaison {display:none !important;}<\/style>\n<\/div>\n<div class=\"fenetresappart\"><b>Fenster<\/b>: PVC Doppelverglasung <\/div>\n<div class=\"chauffagemaison\"><b>Heizung<\/b>:  <\/p>\n<style>.chauffagemaison {display:none !important;}<\/style>\n<\/div>\n<div class=\"chauffagemodemaison\"><b>Heizung<\/b>: <\/p>\n<style>.chauffagemodemaison {display:none !important;}<\/style>\n<\/div>\n<div class=\"chauffageappart\"><b>Heizung<\/b>: Individuell <\/div>\n<div class=\"chauffagemodeappart\"><b>Heizung<\/b>: Elektrisch<\/div>\n<div class=\"cuisinemaison\"><b>K\u00fcche<\/b>: <\/p>\n<style>.cuisinemaison {display:none !important;}<\/style>\n<\/div>\n<div class=\"cuisineappart\"><b>K\u00fcche<\/b>: Eingerichtet <\/p>\n<style>.cuisineappart {display:none !important;}<\/style>\n<\/div>\n<div class=\"honovente\"><b>Hono<\/b>: Verk\u00e4ufer <\/div>\n<div class=\"honoloc\"><b>Hono<\/b>: \u20ac <\/p>\n<style>.honoloc {display:none !important;}<\/style>\n<\/div><\/div>\n<p> \u00a0  <img decoding=\"async\" id=\"logoagence\" style=\"max-width: 35%;\" src=\"\/wp-content\/uploads\/2020\/03\/logo-new.png\" \/> <\/p>\n<div> Anzeigen-ID: 47945536<\/div>\n<div class=\"dpeappart\" style=\"display: none;\"><img decoding=\"async\" src=\"\/wp-content\/uploads\/2020\/03\/DPE-G.png\" \/><\/div>\n<div class=\"dpemaison\" style=\"display: none;\"><\/div>","protected":false},"featured_media":12954363,"template":"","meta":{"_et_pb_use_builder":"on","_et_pb_old_content":"","_et_gb_content_width":""},"product_brand":[],"product_cat":[984],"product_tag":[2641,2290,2293,2291,2299,2288,2292],"ville":[2638],"code_postal":[969],"mot_cle":[2725,967,963,966,964,972,968,965],"surface_bien":[2886],"type_produit":[2268],"prix_loc":[2285],"prix_transac":[2476],"vendu":[2454],"class_list":{"0":"post-12956444","1":"product","2":"type-product","3":"status-publish","4":"has-post-thumbnail","6":"product_cat-appartement","7":"product_tag-ales-appartement-a-vendre-maison-a-vendre-transaction-immobilier","8":"product_tag-appartement-a-vendre","9":"product_tag-immobilier","10":"product_tag-maison-a-vendre","11":"product_tag-pierre-et-brique","12":"product_tag-saint-denis","13":"product_tag-transaction","14":"pa_prixtransactionpouralerte-2545","15":"pa_surfacepouralerte-2335","16":"ville-saint-denis","17":"code_postal-969","18":"mot_cle-08-m2","19":"mot_cle-967","20":"mot_cle-appartement-a-vendre","21":"mot_cle-immobilier","22":"mot_cle-maison-a-vendre","23":"mot_cle-pierre-et-brique","24":"mot_cle-saint-denis","25":"mot_cle-transaction","26":"surface_bien-31-03","27":"type_produit-acheter","28":"prix_loc-2285","29":"prix_transac-159000-00","30":"vendu-2454","32":"first","33":"instock","34":"purchasable","35":"product-type-simple"},"yoast_head":"<!-- This site is optimized with the Yoast SEO plugin v27.3 - https:\/\/yoast.com\/product\/yoast-seo-wordpress\/ -->\n<title>A vendre Appartement Saint Denis 2 pi\u00e8ce(s) 31.03 m2<\/title>\n<meta name=\"description\" content=\"Immobilier A vendreA louer Appartement Saint Denis 2 pi\u00e8ce(s) 31.03 m2 93 Seine Saint Denis, location et vente\" \/>\n<meta name=\"robots\" content=\"index, follow, max-snippet:-1, max-image-preview:large, max-video-preview:-1\" \/>\n<link rel=\"canonical\" href=\"https:\/\/saint-denis-immobilier.fr\/de\/transaktion-vermietung\/verkauft-wohnung-saint-denis-2-zimmer-31-03-m2\/\" \/>\n<meta property=\"og:locale\" content=\"de_DE\" \/>\n<meta property=\"og:type\" content=\"article\" \/>\n<meta property=\"og:title\" content=\"A vendre Appartement Saint Denis 2 pi\u00e8ce(s) 31.03 m2\" \/>\n<meta property=\"og:description\" content=\"Immobilier A vendreA louer Appartement Saint Denis 2 pi\u00e8ce(s) 31.03 m2 93 Seine Saint Denis, location et vente\" \/>\n<meta property=\"og:url\" content=\"https:\/\/saint-denis-immobilier.fr\/de\/transaktion-vermietung\/verkauft-wohnung-saint-denis-2-zimmer-31-03-m2\/\" \/>\n<meta property=\"og:site_name\" content=\"Saint-Denis Immobilier\" \/>\n<meta property=\"article:modified_time\" content=\"2026-04-10T01:00:57+00:00\" \/>\n<meta property=\"og:image\" content=\"https:\/\/saint-denis-immobilier.fr\/wp-content\/uploads\/2025\/06\/2025-070352-2.jpg\" \/>\n\t<meta property=\"og:image:width\" content=\"938\" \/>\n\t<meta property=\"og:image:height\" content=\"584\" \/>\n\t<meta property=\"og:image:type\" content=\"image\/jpeg\" \/>\n<meta name=\"twitter:card\" content=\"summary_large_image\" \/>\n<meta name=\"twitter:label1\" content=\"Gesch\u00e4tzte Lesezeit\" \/>\n\t<meta name=\"twitter:data1\" content=\"1\u00a0Minute\" \/>\n<script type=\"application\/ld+json\" class=\"yoast-schema-graph\">{\"@context\":\"https:\\\/\\\/schema.org\",\"@graph\":[{\"@type\":\"WebPage\",\"@id\":\"https:\\\/\\\/saint-denis-immobilier.fr\\\/de\\\/transaktion-vermietung\\\/verkauft-wohnung-saint-denis-2-zimmer-31-03-m2\\\/\",\"url\":\"https:\\\/\\\/saint-denis-immobilier.fr\\\/de\\\/transaktion-vermietung\\\/verkauft-wohnung-saint-denis-2-zimmer-31-03-m2\\\/\",\"name\":\"A vendre Appartement Saint Denis 2 pi\u00e8ce(s) 31.03 m2\",\"isPartOf\":{\"@id\":\"https:\\\/\\\/saint-denis-immobilier.fr\\\/#website\"},\"primaryImageOfPage\":{\"@id\":\"https:\\\/\\\/saint-denis-immobilier.fr\\\/de\\\/transaktion-vermietung\\\/verkauft-wohnung-saint-denis-2-zimmer-31-03-m2\\\/#primaryimage\"},\"image\":{\"@id\":\"https:\\\/\\\/saint-denis-immobilier.fr\\\/de\\\/transaktion-vermietung\\\/verkauft-wohnung-saint-denis-2-zimmer-31-03-m2\\\/#primaryimage\"},\"thumbnailUrl\":\"https:\\\/\\\/saint-denis-immobilier.fr\\\/wp-content\\\/uploads\\\/2025\\\/06\\\/2025-070352-2.jpg\",\"datePublished\":\"2026-04-09T23:00:53+00:00\",\"dateModified\":\"2026-04-10T01:00:57+00:00\",\"description\":\"Immobilier A vendreA louer Appartement Saint Denis 2 pi\u00e8ce(s) 31.03 m2 93 Seine Saint Denis, location et vente\",\"breadcrumb\":{\"@id\":\"https:\\\/\\\/saint-denis-immobilier.fr\\\/de\\\/transaktion-vermietung\\\/verkauft-wohnung-saint-denis-2-zimmer-31-03-m2\\\/#breadcrumb\"},\"inLanguage\":\"de\",\"potentialAction\":[{\"@type\":\"ReadAction\",\"target\":[\"https:\\\/\\\/saint-denis-immobilier.fr\\\/de\\\/transaktion-vermietung\\\/verkauft-wohnung-saint-denis-2-zimmer-31-03-m2\\\/\"]}]},{\"@type\":\"ImageObject\",\"inLanguage\":\"de\",\"@id\":\"https:\\\/\\\/saint-denis-immobilier.fr\\\/de\\\/transaktion-vermietung\\\/verkauft-wohnung-saint-denis-2-zimmer-31-03-m2\\\/#primaryimage\",\"url\":\"https:\\\/\\\/saint-denis-immobilier.fr\\\/wp-content\\\/uploads\\\/2025\\\/06\\\/2025-070352-2.jpg\",\"contentUrl\":\"https:\\\/\\\/saint-denis-immobilier.fr\\\/wp-content\\\/uploads\\\/2025\\\/06\\\/2025-070352-2.jpg\",\"width\":938,\"height\":584,\"caption\":\"Saint Denis Immobilier\"},{\"@type\":\"BreadcrumbList\",\"@id\":\"https:\\\/\\\/saint-denis-immobilier.fr\\\/de\\\/transaktion-vermietung\\\/verkauft-wohnung-saint-denis-2-zimmer-31-03-m2\\\/#breadcrumb\",\"itemListElement\":[{\"@type\":\"ListItem\",\"position\":1,\"name\":\"Home\",\"item\":\"https:\\\/\\\/saint-denis-immobilier.fr\\\/\"},{\"@type\":\"ListItem\",\"position\":2,\"name\":\"Nos biens \u00e0 la vente\",\"item\":\"https:\\\/\\\/saint-denis-immobilier.fr\\\/biens\\\/\"},{\"@type\":\"ListItem\",\"position\":3,\"name\":\"VENDU ! Appartement Saint Denis 2 pi\u00e8ce(s) 31.03 m2\"}]},{\"@type\":\"WebSite\",\"@id\":\"https:\\\/\\\/saint-denis-immobilier.fr\\\/#website\",\"url\":\"https:\\\/\\\/saint-denis-immobilier.fr\\\/\",\"name\":\"Saint-Denis Immobilier\",\"description\":\"agence immobiliere \u00e0 Saint-Denis\",\"publisher\":{\"@id\":\"https:\\\/\\\/saint-denis-immobilier.fr\\\/#organization\"},\"potentialAction\":[{\"@type\":\"SearchAction\",\"target\":{\"@type\":\"EntryPoint\",\"urlTemplate\":\"https:\\\/\\\/saint-denis-immobilier.fr\\\/?s={search_term_string}\"},\"query-input\":{\"@type\":\"PropertyValueSpecification\",\"valueRequired\":true,\"valueName\":\"search_term_string\"}}],\"inLanguage\":\"de\"},{\"@type\":\"Organization\",\"@id\":\"https:\\\/\\\/saint-denis-immobilier.fr\\\/#organization\",\"name\":\"Saint-Denis Immobilier\",\"url\":\"https:\\\/\\\/saint-denis-immobilier.fr\\\/\",\"logo\":{\"@type\":\"ImageObject\",\"inLanguage\":\"de\",\"@id\":\"https:\\\/\\\/saint-denis-immobilier.fr\\\/#\\\/schema\\\/logo\\\/image\\\/\",\"url\":\"https:\\\/\\\/www.saint-denis-immobilier.fr\\\/wp-content\\\/uploads\\\/2020\\\/02\\\/logo-new-cropped.png\",\"contentUrl\":\"https:\\\/\\\/www.saint-denis-immobilier.fr\\\/wp-content\\\/uploads\\\/2020\\\/02\\\/logo-new-cropped.png\",\"width\":452,\"height\":469,\"caption\":\"Saint-Denis Immobilier\"},\"image\":{\"@id\":\"https:\\\/\\\/saint-denis-immobilier.fr\\\/#\\\/schema\\\/logo\\\/image\\\/\"}}]}<\/script>\n<!-- \/ Yoast SEO plugin. -->","yoast_head_json":{"title":"Zu verkaufen Wohnung Saint Denis 2 pi\u00e8ce(s) 31.03 m2","description":"Immobilien zum VerkaufVermietung Wohnung Saint Denis 2 pi\u00e8ce(s) 31.03 m2 93 Seine Saint Denis, Vermietung und Verkauf","robots":{"index":"index","follow":"follow","max-snippet":"max-snippet:-1","max-image-preview":"max-image-preview:large","max-video-preview":"max-video-preview:-1"},"canonical":"https:\/\/saint-denis-immobilier.fr\/de\/transaktion-vermietung\/verkauft-wohnung-saint-denis-2-zimmer-31-03-m2\/","og_locale":"de_DE","og_type":"article","og_title":"A vendre Appartement Saint Denis 2 pi\u00e8ce(s) 31.03 m2","og_description":"Immobilier A vendreA louer Appartement Saint Denis 2 pi\u00e8ce(s) 31.03 m2 93 Seine Saint Denis, location et vente","og_url":"https:\/\/saint-denis-immobilier.fr\/de\/transaktion-vermietung\/verkauft-wohnung-saint-denis-2-zimmer-31-03-m2\/","og_site_name":"Saint-Denis Immobilier","article_modified_time":"2026-04-10T01:00:57+00:00","og_image":[{"width":938,"height":584,"url":"https:\/\/saint-denis-immobilier.fr\/wp-content\/uploads\/2025\/06\/2025-070352-2.jpg","type":"image\/jpeg"}],"twitter_card":"summary_large_image","twitter_misc":{"Gesch\u00e4tzte Lesezeit":"1\u00a0Minute"},"schema":{"@context":"https:\/\/schema.org","@graph":[{"@type":"WebPage","@id":"https:\/\/saint-denis-immobilier.fr\/de\/transaktion-vermietung\/verkauft-wohnung-saint-denis-2-zimmer-31-03-m2\/","url":"https:\/\/saint-denis-immobilier.fr\/de\/transaktion-vermietung\/verkauft-wohnung-saint-denis-2-zimmer-31-03-m2\/","name":"Zu verkaufen Wohnung Saint Denis 2 pi\u00e8ce(s) 31.03 m2","isPartOf":{"@id":"https:\/\/saint-denis-immobilier.fr\/#website"},"primaryImageOfPage":{"@id":"https:\/\/saint-denis-immobilier.fr\/de\/transaktion-vermietung\/verkauft-wohnung-saint-denis-2-zimmer-31-03-m2\/#primaryimage"},"image":{"@id":"https:\/\/saint-denis-immobilier.fr\/de\/transaktion-vermietung\/verkauft-wohnung-saint-denis-2-zimmer-31-03-m2\/#primaryimage"},"thumbnailUrl":"https:\/\/saint-denis-immobilier.fr\/wp-content\/uploads\/2025\/06\/2025-070352-2.jpg","datePublished":"2026-04-09T23:00:53+00:00","dateModified":"2026-04-10T01:00:57+00:00","description":"Immobilien zum VerkaufVermietung Wohnung Saint Denis 2 pi\u00e8ce(s) 31.03 m2 93 Seine Saint Denis, Vermietung und Verkauf","breadcrumb":{"@id":"https:\/\/saint-denis-immobilier.fr\/de\/transaktion-vermietung\/verkauft-wohnung-saint-denis-2-zimmer-31-03-m2\/#breadcrumb"},"inLanguage":"de","potentialAction":[{"@type":"ReadAction","target":["https:\/\/saint-denis-immobilier.fr\/de\/transaktion-vermietung\/verkauft-wohnung-saint-denis-2-zimmer-31-03-m2\/"]}]},{"@type":"ImageObject","inLanguage":"de","@id":"https:\/\/saint-denis-immobilier.fr\/de\/transaktion-vermietung\/verkauft-wohnung-saint-denis-2-zimmer-31-03-m2\/#primaryimage","url":"https:\/\/saint-denis-immobilier.fr\/wp-content\/uploads\/2025\/06\/2025-070352-2.jpg","contentUrl":"https:\/\/saint-denis-immobilier.fr\/wp-content\/uploads\/2025\/06\/2025-070352-2.jpg","width":938,"height":584,"caption":"Saint Denis Immobilier"},{"@type":"BreadcrumbList","@id":"https:\/\/saint-denis-immobilier.fr\/de\/transaktion-vermietung\/verkauft-wohnung-saint-denis-2-zimmer-31-03-m2\/#breadcrumb","itemListElement":[{"@type":"ListItem","position":1,"name":"Home","item":"https:\/\/saint-denis-immobilier.fr\/"},{"@type":"ListItem","position":2,"name":"Nos biens \u00e0 la vente","item":"https:\/\/saint-denis-immobilier.fr\/biens\/"},{"@type":"ListItem","position":3,"name":"VENDU ! Appartement Saint Denis 2 pi\u00e8ce(s) 31.03 m2"}]},{"@type":"WebSite","@id":"https:\/\/saint-denis-immobilier.fr\/#website","url":"https:\/\/saint-denis-immobilier.fr\/","name":"Saint-Denis Immobilien","description":"immobilienagentur in Saint-Denis","publisher":{"@id":"https:\/\/saint-denis-immobilier.fr\/#organization"},"potentialAction":[{"@type":"SearchAction","target":{"@type":"EntryPoint","urlTemplate":"https:\/\/saint-denis-immobilier.fr\/?s={search_term_string}"},"query-input":{"@type":"PropertyValueSpecification","valueRequired":true,"valueName":"search_term_string"}}],"inLanguage":"de"},{"@type":"Organization","@id":"https:\/\/saint-denis-immobilier.fr\/#organization","name":"Saint-Denis Immobilien","url":"https:\/\/saint-denis-immobilier.fr\/","logo":{"@type":"ImageObject","inLanguage":"de","@id":"https:\/\/saint-denis-immobilier.fr\/#\/schema\/logo\/image\/","url":"https:\/\/www.saint-denis-immobilier.fr\/wp-content\/uploads\/2020\/02\/logo-new-cropped.png","contentUrl":"https:\/\/www.saint-denis-immobilier.fr\/wp-content\/uploads\/2020\/02\/logo-new-cropped.png","width":452,"height":469,"caption":"Saint-Denis Immobilier"},"image":{"@id":"https:\/\/saint-denis-immobilier.fr\/#\/schema\/logo\/image\/"}}]}},"_links":{"self":[{"href":"https:\/\/saint-denis-immobilier.fr\/de\/wp-json\/wp\/v2\/product\/12956444","targetHints":{"allow":["GET"]}}],"collection":[{"href":"https:\/\/saint-denis-immobilier.fr\/de\/wp-json\/wp\/v2\/product"}],"about":[{"href":"https:\/\/saint-denis-immobilier.fr\/de\/wp-json\/wp\/v2\/types\/product"}],"wp:featuredmedia":[{"embeddable":true,"href":"https:\/\/saint-denis-immobilier.fr\/de\/wp-json\/wp\/v2\/media\/12954363"}],"wp:attachment":[{"href":"https:\/\/saint-denis-immobilier.fr\/de\/wp-json\/wp\/v2\/media?parent=12956444"}],"wp:term":[{"taxonomy":"product_brand","embeddable":true,"href":"https:\/\/saint-denis-immobilier.fr\/de\/wp-json\/wp\/v2\/product_brand?post=12956444"},{"taxonomy":"product_cat","embeddable":true,"href":"https:\/\/saint-denis-immobilier.fr\/de\/wp-json\/wp\/v2\/product_cat?post=12956444"},{"taxonomy":"product_tag","embeddable":true,"href":"https:\/\/saint-denis-immobilier.fr\/de\/wp-json\/wp\/v2\/product_tag?post=12956444"},{"taxonomy":"ville","embeddable":true,"href":"https:\/\/saint-denis-immobilier.fr\/de\/wp-json\/wp\/v2\/ville?post=12956444"},{"taxonomy":"code_postal","embeddable":true,"href":"https:\/\/saint-denis-immobilier.fr\/de\/wp-json\/wp\/v2\/code_postal?post=12956444"},{"taxonomy":"mot_cle","embeddable":true,"href":"https:\/\/saint-denis-immobilier.fr\/de\/wp-json\/wp\/v2\/mot_cle?post=12956444"},{"taxonomy":"surface_bien","embeddable":true,"href":"https:\/\/saint-denis-immobilier.fr\/de\/wp-json\/wp\/v2\/surface_bien?post=12956444"},{"taxonomy":"type_produit","embeddable":true,"href":"https:\/\/saint-denis-immobilier.fr\/de\/wp-json\/wp\/v2\/type_produit?post=12956444"},{"taxonomy":"prix_loc","embeddable":true,"href":"https:\/\/saint-denis-immobilier.fr\/de\/wp-json\/wp\/v2\/prix_loc?post=12956444"},{"taxonomy":"prix_transac","embeddable":true,"href":"https:\/\/saint-denis-immobilier.fr\/de\/wp-json\/wp\/v2\/prix_transac?post=12956444"},{"taxonomy":"vendu","embeddable":true,"href":"https:\/\/saint-denis-immobilier.fr\/de\/wp-json\/wp\/v2\/vendu?post=12956444"}],"curies":[{"name":"wp","href":"https:\/\/api.w.org\/{rel}","templated":true}]}}