{"id":12956480,"date":"2026-04-23T09:03:09","date_gmt":"2026-04-23T07:03:09","guid":{"rendered":"https:\/\/saint-denis-immobilier.fr\/transaction-location\/vendu-appartement-ancien-marseille-2-pieces-45-12-m2\/"},"modified":"2026-04-23T11:03:14","modified_gmt":"2026-04-23T09:03:14","slug":"verkauft-altbauwohnung-marseille-2-zimmer-45-12-m2","status":"publish","type":"product","link":"https:\/\/saint-denis-immobilier.fr\/de\/transaktion-vermietung\/verkauft-altbauwohnung-marseille-2-zimmer-45-12-m2\/","title":{"rendered":"<span class=\"sdi_exclu\"><\/span>VERKAUFT!<div class=\"sdi_vendu\"><\/div>  ALTBAUWOHNUNG MARSEILLE - 2 Zimmer - 45.12 m2"},"content":{"rendered":"<p>EXCLUSIVIT\u00c9 &#8211; A deux pas de l&rsquo;\u00e9glise des Chartreux, aux 5 avenues : dans une petite rue calme et tranquille (le boulevard DAUZAC), \u00e0 300m du m\u00e9tro \u00ab\u00a0\u00a0\u00bb Chartreux \u00ab\u00a0\u00a0\u00bb, vous serez s\u00e9duit par ce 2 pi\u00e8ces traversant, typiquement marseillais et parfaitement distribu\u00e9 : au 2e \u00e9tage, s\u00e9jour au Sud, chambre et cuisine au nord sur cour et joli jardin (jouissance partag\u00e9e de la cour). Vous pourrez dormir fen\u00eatres ouvertes et prot\u00e9g\u00e9 de la chaleur en \u00e9t\u00e9.  Appartement en bon \u00e9tat dans une petite copropri\u00e9t\u00e9 conviviale, propre et sans probl\u00e8me de 8 logements. Visites du lundi au samedi en appelant au 06\/61\/12\/28\/64.<br \/>\nEXKLUSIV!<\/p>\n<p>VERKAUFT!<\/p>\n<div class=\"sdi_vendu\"><\/div>\n<div class=\"column1 halfcolomnproductsingle\">\n<div class=\"prixvente\"><b>Preis<\/b>: 94800 \u20ac <\/div>\n<div class=\"prixloyer\"><b>Miete<\/b>: \u20ac \/Monat<\/p>\n<style>.prixloyer {display:none !important;}<\/style>\n<\/div>\n<div class=\"caution\"><b>Kaution<\/b>: \u20ac <\/p>\n<style>.caution {display:none !important;}<\/style>\n<\/div>\n<div class=\"gesmaison\"><b>Em. CO2:\u00a0<\/b> <\/p>\n<style>.gesmaison {display:none !important;}<\/style>\n<\/div>\n<div class=\"gesappart\"><b>Em. CO2:\u00a0<\/b>B <\/div>\n<div class=\"consomaison\"><b>Conso.<\/b>: Kw\/h <\/p>\n<style>.consomaison {display:none !important;}<\/style>\n<\/div>\n<div class=\"consoappart\"><b>Conso.<\/b>: 108 Kw\/h <\/div>\n<div class=\"ville\"><b>Stadt<\/b>: 13004 MARSEILLE<\/div>\n<div class=\"surfacemaison\"><b>Fl\u00e4che<\/b>: m2 <\/p>\n<style>.surfacemaison {display:none !important;}<\/style>\n<\/div>\n<div class=\"surfaceappart\"><b>Fl\u00e4che<\/b>: 45m2 <\/div>\n<div class=\"surfaceimmeuble\"><b>Fl\u00e4che<\/b>: m2 <\/p>\n<style>.surfaceimmeuble {display:none !important;}<\/style>\n<\/div>\n<div class=\"surfaceparking\"><b>Fl\u00e4che<\/b>: m2 <\/p>\n<style>.surfaceparking {display:none !important;}<\/style>\n<\/div>\n<div class=\"surfaceterrain\"><b>Fl\u00e4che<\/b>: m2 <\/p>\n<style>.surfaceterrain {display:none !important;}<\/style>\n<\/div>\n<div class=\"piecesmaison\"><b>M\u00fcnzen<\/b>:  <\/p>\n<style>.piecesmaison {display:none !important;}<\/style>\n<\/div>\n<div class=\"piecesappart\"><b>M\u00fcnzen<\/b>: 2 <\/div>\n<div class=\"piecesimmeuble\"><b>M\u00fcnzen<\/b>: <\/p>\n<style>.piecesimmeuble {display:none !important;}<\/style>\n<\/div>\n<div class=\"sdbmaison\"><b>S. B\u00e4der<\/b>:  <\/p>\n<style>.sdbmaison {display:none !important;}<\/style>\n<\/div>\n<div class=\"sdbappart\"><b>S. B\u00e4der<\/b>: 0 <\/p>\n<style>.sdbappart {display:none !important;}<\/style>\n<\/div>\n<div class=\"sdemaison\"><b>S. Wasser<\/b>: <\/p>\n<style>.sdemaison {display:none !important;}<\/style>\n<\/div>\n<div class=\"sdeappart\"><b>S. Wasser<\/b>: 1 <\/div>\n<div class=\"etagesappart\"><b>Etage<\/b>: \/<\/p>\n<style>.etagesappart {display:none !important;}<\/style>\n<\/div>\n<div class=\"etagesmaison\"><b>Etage<\/b>: \/<\/p>\n<style>.etagesmaison {display:none !important;}<\/style>\n<\/div>\n<div class=\"etagesimmeuble\"><b>Etage<\/b>:  <\/p>\n<style>.etagesimmeuble {display:none !important;}<\/style>\n<\/div>\n<\/div>\n<div class=\"column1 halfcolomnproductsingle\">\n<div class=\"assainissementterrain\"><b>Sanierung<\/b>: <\/p>\n<style>.assainissementterrain {display:none !important;}<\/style>\n<\/div>\n<div class=\"construcmaison\"><b>Konstrukt<\/b>:   <\/p>\n<style>.construcmaison {display:none !important;}<\/style>\n<\/div>\n<div class=\"construcappart\"><b>Konstrukt<\/b>: 1900  <\/div>\n<div class=\"chambresappart\"><b>Zimmer<\/b>: 1<\/div>\n<div class=\"chambresmaison\"><b>Zimmer<\/b>: <\/p>\n<style>.chambresmaison {display:none !important;}<\/style>\n<\/div>\n<div class=\"chambresimmeuble\"><b>Zimmer<\/b>: <\/p>\n<style>.chambresimmeuble {display:none !important;}<\/style>\n<\/div>\n<div class=\"vuedappart\"><b>Ansicht<\/b>:  <\/p>\n<style>.vuedappart {display:none !important;}<\/style>\n<\/div>\n<div class=\"vuemaison\"><b>Ansicht<\/b>:  <\/p>\n<style>.vuemaison {display:none !important;}<\/style>\n<\/div>\n<div class=\"fenetresmaison\"><b>Fenster<\/b>:\u00a0 <\/p>\n<style>.fenetresmaison {display:none !important;}<\/style>\n<\/div>\n<div class=\"fenetresappart\"><b>Fenster<\/b>:\u00a0 <\/p>\n<style>.fenetresappart {display:none !important;}<\/style>\n<\/div>\n<div class=\"chauffagemaison\"><b>Heizung<\/b>:  <\/p>\n<style>.chauffagemaison {display:none !important;}<\/style>\n<\/div>\n<div class=\"chauffagemodemaison\"><b>Heizung<\/b>: <\/p>\n<style>.chauffagemodemaison {display:none !important;}<\/style>\n<\/div>\n<div class=\"chauffageappart\"><b>Heizung<\/b>:  <\/p>\n<style>.chauffageappart {display:none !important;}<\/style>\n<\/div>\n<div class=\"chauffagemodeappart\"><b>Heizung<\/b>: <\/p>\n<style>.chauffagemodeappart {display:none !important;}<\/style>\n<\/div>\n<div class=\"cuisinemaison\"><b>K\u00fcche<\/b>: <\/p>\n<style>.cuisinemaison {display:none !important;}<\/style>\n<\/div>\n<div class=\"cuisineappart\"><b>K\u00fcche<\/b>:  <\/p>\n<style>.cuisineappart {display:none !important;}<\/style>\n<\/div>\n<div class=\"honovente\"><b>Hono<\/b>: Verk\u00e4ufer <\/div>\n<div class=\"honoloc\"><b>Hono<\/b>: \u20ac <\/p>\n<style>.honoloc {display:none !important;}<\/style>\n<\/div>\n<\/div>\n<p>&nbsp;<br \/>\n<img decoding=\"async\" id=\"logoagence\" style=\"max-width: 35%;\" src=\"\/wp-content\/uploads\/2020\/03\/logo-new.png\" \/><strong>\u00a0<\/strong><\/p>\n<div class=\"dpeappart\" style=\"display: none;\"><img decoding=\"async\" src=\"\/wp-content\/uploads\/2020\/03\/DPE-C.png\" \/><\/div>\n<div class=\"dpemaison\" style=\"display: none;\"><\/div>\n<p>405<br \/>\n&nbsp;<br \/>\n<img decoding=\"async\" id=\"logoagence\" style=\"max-width: 35%;\" src=\"\/wp-content\/uploads\/2020\/03\/logo-new.png\" \/><strong>\u00a0<\/strong><\/p>\n<div class=\"dpeappart\" style=\"display: none;\"><img decoding=\"async\" src=\"\/wp-content\/uploads\/2020\/03\/DPE-C.png\" \/><\/div>\n<div class=\"dpemaison\" style=\"display: none;\"><\/div>","protected":false},"excerpt":{"rendered":"<p>  EXKLUSIV - In der N\u00e4he der Kirche von Chartreux, an den 5 Avenues: in einer kleinen und ruhigen Stra\u00dfe (Boulevard DAUZAC), 300m von der U-Bahn \" \" \" Chartreux \" \" entfernt, werden Sie von dieser durchgehenden 2-Zimmer-Wohnung begeistert sein, die typisch f\u00fcr Marseille ist und perfekt aufgeteilt ist: im 2. Stock, Wohnzimmer im S\u00fcden, Schlafzimmer und K\u00fcche im Norden zum Hof und h\u00fcbschen Garten (Mitbenutzung des Hofes). Sie k\u00f6nnen bei offenen Fenstern schlafen und sind im Sommer vor der Hitze gesch\u00fctzt.  Wohnung in gutem Zustand in einer kleinen, freundlichen, sauberen und problemlosen Wohnanlage mit 8 Wohneinheiten. Besichtigungen von Montag bis Samstag unter der Nummer 06\/61\/12\/28\/64. EXKLUSIV!  VERKAUFT!<\/p>\n<div class=\"sdi_vendu\"><\/div>\n<div class=\"column1 halfcolomnproductsingle\">\n<div class=\"prixvente\"><b>Preis<\/b>: 94800 \u20ac <\/div>\n<div class=\"prixloyer\"><b>Miete<\/b>: \u20ac \/Monat<\/p>\n<style>.prixloyer {display:none !important;}<\/style>\n<\/div>\n<div class=\"caution\"><b>Kaution<\/b>: \u20ac <\/p>\n<style>.caution {display:none !important;}<\/style>\n<\/div>\n<div class=\"gesmaison\"><b>Em. CO2:\u00a0<\/b> <\/p>\n<style>.gesmaison {display:none !important;}<\/style>\n<\/div>\n<div class=\"gesappart\"><b>Em. CO2:\u00a0<\/b>B <\/div>\n<div class=\"consomaison\"><b>Conso.<\/b>: Kw\/h <\/p>\n<style>.consomaison {display:none !important;}<\/style>\n<\/div>\n<div class=\"consoappart\"><b>Conso.<\/b>: 108 Kw\/h <\/div>\n<div class=\"ville\"><b>Stadt<\/b>: 13004 MARSEILLE<\/div>\n<div class=\"surfacemaison\"><b>Fl\u00e4che<\/b>: m2 <\/p>\n<style>.surfacemaison {display:none !important;}<\/style>\n<\/div>\n<div class=\"surfaceappart\"><b>Fl\u00e4che<\/b>: 45m2 <\/div>\n<div class=\"surfaceimmeuble\"><b>Fl\u00e4che<\/b>: m2 <\/p>\n<style>.surfaceimmeuble {display:none !important;}<\/style>\n<\/div>\n<div class=\"surfaceparking\"><b>Fl\u00e4che<\/b>: m2 <\/p>\n<style>.surfaceparking {display:none !important;}<\/style>\n<\/div>\n<div class=\"surfaceterrain\"><b>Fl\u00e4che<\/b>: m2 <\/p>\n<style>.surfaceterrain {display:none !important;}<\/style>\n<\/div>\n<div class=\"piecesmaison\"><b>M\u00fcnzen<\/b>:  <\/p>\n<style>.piecesmaison {display:none !important;}<\/style>\n<\/div>\n<div class=\"piecesappart\"><b>M\u00fcnzen<\/b>: 2 <\/div>\n<div class=\"piecesimmeuble\"><b>M\u00fcnzen<\/b>: <\/p>\n<style>.piecesimmeuble {display:none !important;}<\/style>\n<\/div>\n<div class=\"sdbmaison\"><b>S. B\u00e4der<\/b>:  <\/p>\n<style>.sdbmaison {display:none !important;}<\/style>\n<\/div>\n<div class=\"sdbappart\"><b>S. B\u00e4der<\/b>: 0 <\/p>\n<style>.sdbappart {display:none !important;}<\/style>\n<\/div>\n<div class=\"sdemaison\"><b>S. Wasser<\/b>: <\/p>\n<style>.sdemaison {display:none !important;}<\/style>\n<\/div>\n<div class=\"sdeappart\"><b>S. Wasser<\/b>: 1 <\/div>\n<div class=\"etagesappart\"><b>Etage<\/b>: \/<\/p>\n<style>.etagesappart {display:none !important;}<\/style>\n<\/div>\n<div class=\"etagesmaison\"><b>Etage<\/b>: \/<\/p>\n<style>.etagesmaison {display:none !important;}<\/style>\n<\/div>\n<div class=\"etagesimmeuble\"><b>Etage<\/b>:  <\/p>\n<style>.etagesimmeuble {display:none !important;}<\/style>\n<\/div><\/div>\n<div class=\"column1 halfcolomnproductsingle\">\n<div class=\"assainissementterrain\"><b>Sanierung<\/b>: <\/p>\n<style>.assainissementterrain {display:none !important;}<\/style>\n<\/div>\n<div class=\"construcmaison\"><b>Konstrukt<\/b>:   <\/p>\n<style>.construcmaison {display:none !important;}<\/style>\n<\/div>\n<div class=\"construcappart\"><b>Konstrukt<\/b>: 1900  <\/div>\n<div class=\"chambresappart\"><b>Zimmer<\/b>: 1<\/div>\n<div class=\"chambresmaison\"><b>Zimmer<\/b>: <\/p>\n<style>.chambresmaison {display:none !important;}<\/style>\n<\/div>\n<div class=\"chambresimmeuble\"><b>Zimmer<\/b>: <\/p>\n<style>.chambresimmeuble {display:none !important;}<\/style>\n<\/div>\n<div class=\"vuedappart\"><b>Ansicht<\/b>:  <\/p>\n<style>.vuedappart {display:none !important;}<\/style>\n<\/div>\n<div class=\"vuemaison\"><b>Ansicht<\/b>:  <\/p>\n<style>.vuemaison {display:none !important;}<\/style>\n<\/div>\n<div class=\"fenetresmaison\"><b>Fenster<\/b>:\u00a0 <\/p>\n<style>.fenetresmaison {display:none !important;}<\/style>\n<\/div>\n<div class=\"fenetresappart\"><b>Fenster<\/b>:\u00a0 <\/p>\n<style>.fenetresappart {display:none !important;}<\/style>\n<\/div>\n<div class=\"chauffagemaison\"><b>Heizung<\/b>:  <\/p>\n<style>.chauffagemaison {display:none !important;}<\/style>\n<\/div>\n<div class=\"chauffagemodemaison\"><b>Heizung<\/b>: <\/p>\n<style>.chauffagemodemaison {display:none !important;}<\/style>\n<\/div>\n<div class=\"chauffageappart\"><b>Heizung<\/b>:  <\/p>\n<style>.chauffageappart {display:none !important;}<\/style>\n<\/div>\n<div class=\"chauffagemodeappart\"><b>Heizung<\/b>: <\/p>\n<style>.chauffagemodeappart {display:none !important;}<\/style>\n<\/div>\n<div class=\"cuisinemaison\"><b>K\u00fcche<\/b>: <\/p>\n<style>.cuisinemaison {display:none !important;}<\/style>\n<\/div>\n<div class=\"cuisineappart\"><b>K\u00fcche<\/b>:  <\/p>\n<style>.cuisineappart {display:none !important;}<\/style>\n<\/div>\n<div class=\"honovente\"><b>Hono<\/b>: Verk\u00e4ufer <\/div>\n<div class=\"honoloc\"><b>Hono<\/b>: \u20ac <\/p>\n<style>.honoloc {display:none !important;}<\/style>\n<\/div><\/div>\n<p> \u00a0  <img decoding=\"async\" id=\"logoagence\" style=\"max-width: 35%;\" src=\"\/wp-content\/uploads\/2020\/03\/logo-new.png\" \/> <\/p>\n<div> Anzeigen-ID: 31975796<\/div>\n<div class=\"dpeappart\" style=\"display: none;\"><img decoding=\"async\" src=\"\/wp-content\/uploads\/2020\/03\/DPE-C.png\" \/><\/div>\n<div class=\"dpemaison\" style=\"display: none;\"><\/div>","protected":false},"featured_media":12956112,"template":"","meta":{"_et_pb_use_builder":"on","_et_pb_old_content":"","_et_gb_content_width":""},"product_brand":[],"product_cat":[984],"product_tag":[2641,2290,3714,2293,2291,3715,2292],"ville":[2463],"code_postal":[2464],"mot_cle":[2725,967,963,2465,966,964,2466,968,965],"surface_bien":[2467],"type_produit":[2268],"prix_loc":[2285],"prix_transac":[2468],"vendu":[2454],"class_list":{"0":"post-12956480","1":"product","2":"type-product","3":"status-publish","4":"has-post-thumbnail","6":"product_cat-appartement","7":"product_tag-ales-appartement-a-vendre-maison-a-vendre-transaction-immobilier","8":"product_tag-appartement-a-vendre","9":"product_tag-appartement-ancien-marseille-2-pieces-45-12-m2","10":"product_tag-immobilier","11":"product_tag-maison-a-vendre","12":"product_tag-marseille","13":"product_tag-transaction","14":"pa_prixtransactionpouralerte-2438","15":"pa_surfacepouralerte-2317","16":"ville-marseille","17":"code_postal-2464","18":"mot_cle-08-m2","19":"mot_cle-967","20":"mot_cle-appartement-a-vendre","21":"mot_cle-appartement-ancien-marseille-2-pieces-45-12-m2","22":"mot_cle-immobilier","23":"mot_cle-maison-a-vendre","24":"mot_cle-marseille","25":"mot_cle-saint-denis","26":"mot_cle-transaction","27":"surface_bien-45-12","28":"type_produit-acheter","29":"prix_loc-2285","30":"prix_transac-94800-00","31":"vendu-2454","33":"first","34":"instock","35":"purchasable","36":"product-type-simple"},"yoast_head":"<!-- This site is optimized with the Yoast SEO plugin v27.4 - https:\/\/yoast.com\/product\/yoast-seo-wordpress\/ -->\n<title>A vendre APPARTEMENT ANCIEN MARSEILLE - 2 pi\u00e8ce(s) - 45.12 m2<\/title>\n<meta name=\"description\" content=\"Immobilier A vendreA louer APPARTEMENT ANCIEN MARSEILLE - 2 pi\u00e8ce(s) - 45.12 m2 93 Seine Saint Denis, location et vente\" \/>\n<meta name=\"robots\" content=\"index, follow, max-snippet:-1, max-image-preview:large, max-video-preview:-1\" \/>\n<link rel=\"canonical\" href=\"https:\/\/saint-denis-immobilier.fr\/de\/transaktion-vermietung\/verkauft-altbauwohnung-marseille-2-zimmer-45-12-m2\/\" \/>\n<meta property=\"og:locale\" content=\"de_DE\" \/>\n<meta property=\"og:type\" content=\"article\" \/>\n<meta property=\"og:title\" content=\"A vendre APPARTEMENT ANCIEN MARSEILLE - 2 pi\u00e8ce(s) - 45.12 m2\" \/>\n<meta property=\"og:description\" content=\"Immobilier A vendreA louer APPARTEMENT ANCIEN MARSEILLE - 2 pi\u00e8ce(s) - 45.12 m2 93 Seine Saint Denis, location et vente\" \/>\n<meta property=\"og:url\" content=\"https:\/\/saint-denis-immobilier.fr\/de\/transaktion-vermietung\/verkauft-altbauwohnung-marseille-2-zimmer-45-12-m2\/\" \/>\n<meta property=\"og:site_name\" content=\"Saint-Denis Immobilier\" \/>\n<meta property=\"article:modified_time\" content=\"2026-04-23T09:03:14+00:00\" \/>\n<meta property=\"og:image\" content=\"https:\/\/saint-denis-immobilier.fr\/wp-content\/uploads\/2025\/12\/2025-070357.jpg\" \/>\n\t<meta property=\"og:image:width\" content=\"800\" \/>\n\t<meta property=\"og:image:height\" content=\"701\" \/>\n\t<meta property=\"og:image:type\" content=\"image\/jpeg\" \/>\n<meta name=\"twitter:card\" content=\"summary_large_image\" \/>\n<meta name=\"twitter:label1\" content=\"Gesch\u00e4tzte Lesezeit\" \/>\n\t<meta name=\"twitter:data1\" content=\"1\u00a0Minute\" \/>\n<script type=\"application\/ld+json\" class=\"yoast-schema-graph\">{\"@context\":\"https:\\\/\\\/schema.org\",\"@graph\":[{\"@type\":\"WebPage\",\"@id\":\"https:\\\/\\\/saint-denis-immobilier.fr\\\/de\\\/transaktion-vermietung\\\/verkauft-altbauwohnung-marseille-2-zimmer-45-12-m2\\\/\",\"url\":\"https:\\\/\\\/saint-denis-immobilier.fr\\\/de\\\/transaktion-vermietung\\\/verkauft-altbauwohnung-marseille-2-zimmer-45-12-m2\\\/\",\"name\":\"A vendre APPARTEMENT ANCIEN MARSEILLE - 2 pi\u00e8ce(s) - 45.12 m2\",\"isPartOf\":{\"@id\":\"https:\\\/\\\/saint-denis-immobilier.fr\\\/#website\"},\"primaryImageOfPage\":{\"@id\":\"https:\\\/\\\/saint-denis-immobilier.fr\\\/de\\\/transaktion-vermietung\\\/verkauft-altbauwohnung-marseille-2-zimmer-45-12-m2\\\/#primaryimage\"},\"image\":{\"@id\":\"https:\\\/\\\/saint-denis-immobilier.fr\\\/de\\\/transaktion-vermietung\\\/verkauft-altbauwohnung-marseille-2-zimmer-45-12-m2\\\/#primaryimage\"},\"thumbnailUrl\":\"https:\\\/\\\/saint-denis-immobilier.fr\\\/wp-content\\\/uploads\\\/2025\\\/12\\\/2025-070357.jpg\",\"datePublished\":\"2026-04-23T07:03:09+00:00\",\"dateModified\":\"2026-04-23T09:03:14+00:00\",\"description\":\"Immobilier A vendreA louer APPARTEMENT ANCIEN MARSEILLE - 2 pi\u00e8ce(s) - 45.12 m2 93 Seine Saint Denis, location et vente\",\"breadcrumb\":{\"@id\":\"https:\\\/\\\/saint-denis-immobilier.fr\\\/de\\\/transaktion-vermietung\\\/verkauft-altbauwohnung-marseille-2-zimmer-45-12-m2\\\/#breadcrumb\"},\"inLanguage\":\"de\",\"potentialAction\":[{\"@type\":\"ReadAction\",\"target\":[\"https:\\\/\\\/saint-denis-immobilier.fr\\\/de\\\/transaktion-vermietung\\\/verkauft-altbauwohnung-marseille-2-zimmer-45-12-m2\\\/\"]}]},{\"@type\":\"ImageObject\",\"inLanguage\":\"de\",\"@id\":\"https:\\\/\\\/saint-denis-immobilier.fr\\\/de\\\/transaktion-vermietung\\\/verkauft-altbauwohnung-marseille-2-zimmer-45-12-m2\\\/#primaryimage\",\"url\":\"https:\\\/\\\/saint-denis-immobilier.fr\\\/wp-content\\\/uploads\\\/2025\\\/12\\\/2025-070357.jpg\",\"contentUrl\":\"https:\\\/\\\/saint-denis-immobilier.fr\\\/wp-content\\\/uploads\\\/2025\\\/12\\\/2025-070357.jpg\",\"width\":800,\"height\":701,\"caption\":\"Saint Denis Immobilier\"},{\"@type\":\"BreadcrumbList\",\"@id\":\"https:\\\/\\\/saint-denis-immobilier.fr\\\/de\\\/transaktion-vermietung\\\/verkauft-altbauwohnung-marseille-2-zimmer-45-12-m2\\\/#breadcrumb\",\"itemListElement\":[{\"@type\":\"ListItem\",\"position\":1,\"name\":\"Home\",\"item\":\"https:\\\/\\\/saint-denis-immobilier.fr\\\/\"},{\"@type\":\"ListItem\",\"position\":2,\"name\":\"Nos biens \u00e0 la vente\",\"item\":\"https:\\\/\\\/saint-denis-immobilier.fr\\\/biens\\\/\"},{\"@type\":\"ListItem\",\"position\":3,\"name\":\"VENDU ! APPARTEMENT ANCIEN MARSEILLE &#8211; 2 pi\u00e8ce(s) &#8211; 45.12 m2\"}]},{\"@type\":\"WebSite\",\"@id\":\"https:\\\/\\\/saint-denis-immobilier.fr\\\/#website\",\"url\":\"https:\\\/\\\/saint-denis-immobilier.fr\\\/\",\"name\":\"Saint-Denis Immobilier\",\"description\":\"agence immobiliere \u00e0 Saint-Denis\",\"publisher\":{\"@id\":\"https:\\\/\\\/saint-denis-immobilier.fr\\\/#organization\"},\"potentialAction\":[{\"@type\":\"SearchAction\",\"target\":{\"@type\":\"EntryPoint\",\"urlTemplate\":\"https:\\\/\\\/saint-denis-immobilier.fr\\\/?s={search_term_string}\"},\"query-input\":{\"@type\":\"PropertyValueSpecification\",\"valueRequired\":true,\"valueName\":\"search_term_string\"}}],\"inLanguage\":\"de\"},{\"@type\":\"Organization\",\"@id\":\"https:\\\/\\\/saint-denis-immobilier.fr\\\/#organization\",\"name\":\"Saint-Denis Immobilier\",\"url\":\"https:\\\/\\\/saint-denis-immobilier.fr\\\/\",\"logo\":{\"@type\":\"ImageObject\",\"inLanguage\":\"de\",\"@id\":\"https:\\\/\\\/saint-denis-immobilier.fr\\\/#\\\/schema\\\/logo\\\/image\\\/\",\"url\":\"https:\\\/\\\/www.saint-denis-immobilier.fr\\\/wp-content\\\/uploads\\\/2020\\\/02\\\/logo-new-cropped.png\",\"contentUrl\":\"https:\\\/\\\/www.saint-denis-immobilier.fr\\\/wp-content\\\/uploads\\\/2020\\\/02\\\/logo-new-cropped.png\",\"width\":452,\"height\":469,\"caption\":\"Saint-Denis Immobilier\"},\"image\":{\"@id\":\"https:\\\/\\\/saint-denis-immobilier.fr\\\/#\\\/schema\\\/logo\\\/image\\\/\"}}]}<\/script>\n<!-- \/ Yoast SEO plugin. -->","yoast_head_json":{"title":"Zu verkaufen APPARTEMENT ANCIENNE MARSEILLE - 2 pi\u00e8ce(s) - 45.12 m2","description":"Immobilien zum VerkaufVermietung ALTBAUWOHNUNG MARSEILLE - 2 Zimmer - 45.12 m2 93 Seine Saint Denis, Vermietung und Verkauf","robots":{"index":"index","follow":"follow","max-snippet":"max-snippet:-1","max-image-preview":"max-image-preview:large","max-video-preview":"max-video-preview:-1"},"canonical":"https:\/\/saint-denis-immobilier.fr\/de\/transaktion-vermietung\/verkauft-altbauwohnung-marseille-2-zimmer-45-12-m2\/","og_locale":"de_DE","og_type":"article","og_title":"A vendre APPARTEMENT ANCIEN MARSEILLE - 2 pi\u00e8ce(s) - 45.12 m2","og_description":"Immobilier A vendreA louer APPARTEMENT ANCIEN MARSEILLE - 2 pi\u00e8ce(s) - 45.12 m2 93 Seine Saint Denis, location et vente","og_url":"https:\/\/saint-denis-immobilier.fr\/de\/transaktion-vermietung\/verkauft-altbauwohnung-marseille-2-zimmer-45-12-m2\/","og_site_name":"Saint-Denis Immobilier","article_modified_time":"2026-04-23T09:03:14+00:00","og_image":[{"width":800,"height":701,"url":"https:\/\/saint-denis-immobilier.fr\/wp-content\/uploads\/2025\/12\/2025-070357.jpg","type":"image\/jpeg"}],"twitter_card":"summary_large_image","twitter_misc":{"Gesch\u00e4tzte Lesezeit":"1\u00a0Minute"},"schema":{"@context":"https:\/\/schema.org","@graph":[{"@type":"WebPage","@id":"https:\/\/saint-denis-immobilier.fr\/de\/transaktion-vermietung\/verkauft-altbauwohnung-marseille-2-zimmer-45-12-m2\/","url":"https:\/\/saint-denis-immobilier.fr\/de\/transaktion-vermietung\/verkauft-altbauwohnung-marseille-2-zimmer-45-12-m2\/","name":"Zu verkaufen APPARTEMENT ANCIENNE MARSEILLE - 2 pi\u00e8ce(s) - 45.12 m2","isPartOf":{"@id":"https:\/\/saint-denis-immobilier.fr\/#website"},"primaryImageOfPage":{"@id":"https:\/\/saint-denis-immobilier.fr\/de\/transaktion-vermietung\/verkauft-altbauwohnung-marseille-2-zimmer-45-12-m2\/#primaryimage"},"image":{"@id":"https:\/\/saint-denis-immobilier.fr\/de\/transaktion-vermietung\/verkauft-altbauwohnung-marseille-2-zimmer-45-12-m2\/#primaryimage"},"thumbnailUrl":"https:\/\/saint-denis-immobilier.fr\/wp-content\/uploads\/2025\/12\/2025-070357.jpg","datePublished":"2026-04-23T07:03:09+00:00","dateModified":"2026-04-23T09:03:14+00:00","description":"Immobilien zum VerkaufVermietung ALTBAUWOHNUNG MARSEILLE - 2 Zimmer - 45.12 m2 93 Seine Saint Denis, Vermietung und Verkauf","breadcrumb":{"@id":"https:\/\/saint-denis-immobilier.fr\/de\/transaktion-vermietung\/verkauft-altbauwohnung-marseille-2-zimmer-45-12-m2\/#breadcrumb"},"inLanguage":"de","potentialAction":[{"@type":"ReadAction","target":["https:\/\/saint-denis-immobilier.fr\/de\/transaktion-vermietung\/verkauft-altbauwohnung-marseille-2-zimmer-45-12-m2\/"]}]},{"@type":"ImageObject","inLanguage":"de","@id":"https:\/\/saint-denis-immobilier.fr\/de\/transaktion-vermietung\/verkauft-altbauwohnung-marseille-2-zimmer-45-12-m2\/#primaryimage","url":"https:\/\/saint-denis-immobilier.fr\/wp-content\/uploads\/2025\/12\/2025-070357.jpg","contentUrl":"https:\/\/saint-denis-immobilier.fr\/wp-content\/uploads\/2025\/12\/2025-070357.jpg","width":800,"height":701,"caption":"Saint Denis Immobilier"},{"@type":"BreadcrumbList","@id":"https:\/\/saint-denis-immobilier.fr\/de\/transaktion-vermietung\/verkauft-altbauwohnung-marseille-2-zimmer-45-12-m2\/#breadcrumb","itemListElement":[{"@type":"ListItem","position":1,"name":"Home","item":"https:\/\/saint-denis-immobilier.fr\/"},{"@type":"ListItem","position":2,"name":"Nos biens \u00e0 la vente","item":"https:\/\/saint-denis-immobilier.fr\/biens\/"},{"@type":"ListItem","position":3,"name":"VENDU ! APPARTEMENT ANCIEN MARSEILLE &#8211; 2 pi\u00e8ce(s) &#8211; 45.12 m2"}]},{"@type":"WebSite","@id":"https:\/\/saint-denis-immobilier.fr\/#website","url":"https:\/\/saint-denis-immobilier.fr\/","name":"Saint-Denis Immobilien","description":"immobilienagentur in Saint-Denis","publisher":{"@id":"https:\/\/saint-denis-immobilier.fr\/#organization"},"potentialAction":[{"@type":"SearchAction","target":{"@type":"EntryPoint","urlTemplate":"https:\/\/saint-denis-immobilier.fr\/?s={search_term_string}"},"query-input":{"@type":"PropertyValueSpecification","valueRequired":true,"valueName":"search_term_string"}}],"inLanguage":"de"},{"@type":"Organization","@id":"https:\/\/saint-denis-immobilier.fr\/#organization","name":"Saint-Denis Immobilien","url":"https:\/\/saint-denis-immobilier.fr\/","logo":{"@type":"ImageObject","inLanguage":"de","@id":"https:\/\/saint-denis-immobilier.fr\/#\/schema\/logo\/image\/","url":"https:\/\/www.saint-denis-immobilier.fr\/wp-content\/uploads\/2020\/02\/logo-new-cropped.png","contentUrl":"https:\/\/www.saint-denis-immobilier.fr\/wp-content\/uploads\/2020\/02\/logo-new-cropped.png","width":452,"height":469,"caption":"Saint-Denis Immobilier"},"image":{"@id":"https:\/\/saint-denis-immobilier.fr\/#\/schema\/logo\/image\/"}}]}},"_links":{"self":[{"href":"https:\/\/saint-denis-immobilier.fr\/de\/wp-json\/wp\/v2\/product\/12956480","targetHints":{"allow":["GET"]}}],"collection":[{"href":"https:\/\/saint-denis-immobilier.fr\/de\/wp-json\/wp\/v2\/product"}],"about":[{"href":"https:\/\/saint-denis-immobilier.fr\/de\/wp-json\/wp\/v2\/types\/product"}],"wp:featuredmedia":[{"embeddable":true,"href":"https:\/\/saint-denis-immobilier.fr\/de\/wp-json\/wp\/v2\/media\/12956112"}],"wp:attachment":[{"href":"https:\/\/saint-denis-immobilier.fr\/de\/wp-json\/wp\/v2\/media?parent=12956480"}],"wp:term":[{"taxonomy":"product_brand","embeddable":true,"href":"https:\/\/saint-denis-immobilier.fr\/de\/wp-json\/wp\/v2\/product_brand?post=12956480"},{"taxonomy":"product_cat","embeddable":true,"href":"https:\/\/saint-denis-immobilier.fr\/de\/wp-json\/wp\/v2\/product_cat?post=12956480"},{"taxonomy":"product_tag","embeddable":true,"href":"https:\/\/saint-denis-immobilier.fr\/de\/wp-json\/wp\/v2\/product_tag?post=12956480"},{"taxonomy":"ville","embeddable":true,"href":"https:\/\/saint-denis-immobilier.fr\/de\/wp-json\/wp\/v2\/ville?post=12956480"},{"taxonomy":"code_postal","embeddable":true,"href":"https:\/\/saint-denis-immobilier.fr\/de\/wp-json\/wp\/v2\/code_postal?post=12956480"},{"taxonomy":"mot_cle","embeddable":true,"href":"https:\/\/saint-denis-immobilier.fr\/de\/wp-json\/wp\/v2\/mot_cle?post=12956480"},{"taxonomy":"surface_bien","embeddable":true,"href":"https:\/\/saint-denis-immobilier.fr\/de\/wp-json\/wp\/v2\/surface_bien?post=12956480"},{"taxonomy":"type_produit","embeddable":true,"href":"https:\/\/saint-denis-immobilier.fr\/de\/wp-json\/wp\/v2\/type_produit?post=12956480"},{"taxonomy":"prix_loc","embeddable":true,"href":"https:\/\/saint-denis-immobilier.fr\/de\/wp-json\/wp\/v2\/prix_loc?post=12956480"},{"taxonomy":"prix_transac","embeddable":true,"href":"https:\/\/saint-denis-immobilier.fr\/de\/wp-json\/wp\/v2\/prix_transac?post=12956480"},{"taxonomy":"vendu","embeddable":true,"href":"https:\/\/saint-denis-immobilier.fr\/de\/wp-json\/wp\/v2\/vendu?post=12956480"}],"curies":[{"name":"wp","href":"https:\/\/api.w.org\/{rel}","templated":true}]}}