{"id":12956489,"date":"2026-04-05T16:02:11","date_gmt":"2026-04-05T14:02:11","guid":{"rendered":"https:\/\/saint-denis-immobilier.fr\/transaction-location\/vendu-appartement-paris-18-3-pieces-51-6-m2\/"},"modified":"2026-04-05T18:02:16","modified_gmt":"2026-04-05T16:02:16","slug":"verkauft-wohnung-paris-18-3-pieces-51-6-m2","status":"publish","type":"product","link":"https:\/\/saint-denis-immobilier.fr\/de\/transaktion-vermietung\/verkauft-wohnung-paris-18-3-pieces-51-6-m2\/","title":{"rendered":"<span class=\"sdi_exclu\"><\/span>VERKAUFT!<div class=\"sdi_vendu\"><\/div>  APPARTEMENT PARIS 18 - 3 Zimmer - 51.6 m2"},"content":{"rendered":"<p>COUP DE COEUR ! Rue Championnet, aux pieds de la station de m\u00e9tro ligne 13 Guy M\u00f4quet et de tous les commerces. Au cinqui\u00e8me \u00e9tage avec ascenseur dans un bel immeuble haussmannien, un appartement traversant de trois pi\u00e8ces principales comprenant une entr\u00e9e desservant un s\u00e9jour avec balcon filant, deux chambres donnant acc\u00e8s \u00e0 ce m\u00eame balcon, une cuisine ferm\u00e9e, une salle de bains avec WC. Parquet ch\u00eane, moulures aux murs et aux plafonds, chauffage individuel au gaz. Charges annuelles : 2 372EUR. Honoraires charge vendeur.<br \/>\nEXKLUSIV!<\/p>\n<p>VERKAUFT!<\/p>\n<div class=\"sdi_vendu\"><\/div>\n<div class=\"column1 halfcolomnproductsingle\">\n<div class=\"prixvente\"><b>Preis<\/b>: 499000 \u20ac <\/div>\n<div class=\"prixloyer\"><b>Miete<\/b>: \u20ac \/Monat<\/p>\n<style>.prixloyer {display:none !important;}<\/style>\n<\/div>\n<div class=\"caution\"><b>Kaution<\/b>: \u20ac <\/p>\n<style>.caution {display:none !important;}<\/style>\n<\/div>\n<div class=\"gesmaison\"><b>Em. CO2:\u00a0<\/b> <\/p>\n<style>.gesmaison {display:none !important;}<\/style>\n<\/div>\n<div class=\"gesappart\"><b>Em. CO2:\u00a0<\/b>F <\/div>\n<div class=\"consomaison\"><b>Conso.<\/b>: Kw\/h <\/p>\n<style>.consomaison {display:none !important;}<\/style>\n<\/div>\n<div class=\"consoappart\"><b>Conso.<\/b>: 249 Kw\/h <\/div>\n<div class=\"ville\"><b>Stadt<\/b>: 75018 PARIS<\/div>\n<div class=\"surfacemaison\"><b>Fl\u00e4che<\/b>: m2 <\/p>\n<style>.surfacemaison {display:none !important;}<\/style>\n<\/div>\n<div class=\"surfaceappart\"><b>Fl\u00e4che<\/b>: 52m2 <\/div>\n<div class=\"surfaceimmeuble\"><b>Fl\u00e4che<\/b>: m2 <\/p>\n<style>.surfaceimmeuble {display:none !important;}<\/style>\n<\/div>\n<div class=\"surfaceparking\"><b>Fl\u00e4che<\/b>: m2 <\/p>\n<style>.surfaceparking {display:none !important;}<\/style>\n<\/div>\n<div class=\"surfaceterrain\"><b>Fl\u00e4che<\/b>: m2 <\/p>\n<style>.surfaceterrain {display:none !important;}<\/style>\n<\/div>\n<div class=\"piecesmaison\"><b>M\u00fcnzen<\/b>:  <\/p>\n<style>.piecesmaison {display:none !important;}<\/style>\n<\/div>\n<div class=\"piecesappart\"><b>M\u00fcnzen<\/b>: 3 <\/div>\n<div class=\"piecesimmeuble\"><b>M\u00fcnzen<\/b>: <\/p>\n<style>.piecesimmeuble {display:none !important;}<\/style>\n<\/div>\n<div class=\"sdbmaison\"><b>S. B\u00e4der<\/b>:  <\/p>\n<style>.sdbmaison {display:none !important;}<\/style>\n<\/div>\n<div class=\"sdbappart\"><b>S. B\u00e4der<\/b>: 1 <\/div>\n<div class=\"sdemaison\"><b>S. Wasser<\/b>: <\/p>\n<style>.sdemaison {display:none !important;}<\/style>\n<\/div>\n<div class=\"sdeappart\"><b>S. Wasser<\/b>:  <\/p>\n<style>.sdeappart {display:none !important;}<\/style>\n<\/div>\n<div class=\"etagesappart\"><b>Etage<\/b>: 5\/6<\/div>\n<div class=\"etagesmaison\"><b>Etage<\/b>: \/<\/p>\n<style>.etagesmaison {display:none !important;}<\/style>\n<\/div>\n<div class=\"etagesimmeuble\"><b>Etage<\/b>:  <\/p>\n<style>.etagesimmeuble {display:none !important;}<\/style>\n<\/div>\n<\/div>\n<div class=\"column1 halfcolomnproductsingle\">\n<div class=\"assainissementterrain\"><b>Sanierung<\/b>: <\/p>\n<style>.assainissementterrain {display:none !important;}<\/style>\n<\/div>\n<div class=\"construcmaison\"><b>Konstrukt<\/b>:   <\/p>\n<style>.construcmaison {display:none !important;}<\/style>\n<\/div>\n<div class=\"construcappart\"><b>Konstrukt<\/b>: 1900  <\/div>\n<div class=\"chambresappart\"><b>Zimmer<\/b>: 2<\/div>\n<div class=\"chambresmaison\"><b>Zimmer<\/b>: <\/p>\n<style>.chambresmaison {display:none !important;}<\/style>\n<\/div>\n<div class=\"chambresimmeuble\"><b>Zimmer<\/b>: <\/p>\n<style>.chambresimmeuble {display:none !important;}<\/style>\n<\/div>\n<div class=\"vuedappart\"><b>Ansicht<\/b>:  <\/p>\n<style>.vuedappart {display:none !important;}<\/style>\n<\/div>\n<div class=\"vuemaison\"><b>Ansicht<\/b>:  <\/p>\n<style>.vuemaison {display:none !important;}<\/style>\n<\/div>\n<div class=\"fenetresmaison\"><b>Fenster<\/b>:\u00a0 <\/p>\n<style>.fenetresmaison {display:none !important;}<\/style>\n<\/div>\n<div class=\"fenetresappart\"><b>Fenster<\/b>:\u00a0 <\/p>\n<style>.fenetresappart {display:none !important;}<\/style>\n<\/div>\n<div class=\"chauffagemaison\"><b>Heizung<\/b>:  <\/p>\n<style>.chauffagemaison {display:none !important;}<\/style>\n<\/div>\n<div class=\"chauffagemodemaison\"><b>Heizung<\/b>: <\/p>\n<style>.chauffagemodemaison {display:none !important;}<\/style>\n<\/div>\n<div class=\"chauffageappart\"><b>Heizung<\/b>: Individuell <\/div>\n<div class=\"chauffagemodeappart\"><b>Heizung<\/b>: Gas<\/div>\n<div class=\"cuisinemaison\"><b>K\u00fcche<\/b>: <\/p>\n<style>.cuisinemaison {display:none !important;}<\/style>\n<\/div>\n<div class=\"cuisineappart\"><b>K\u00fcche<\/b>: Eingerichtet <\/p>\n<style>.cuisineappart {display:none !important;}<\/style>\n<\/div>\n<div class=\"honovente\"><b>Hono<\/b>: Verk\u00e4ufer <\/div>\n<div class=\"honoloc\"><b>Hono<\/b>: \u20ac <\/p>\n<style>.honoloc {display:none !important;}<\/style>\n<\/div>\n<\/div>\n<p>&nbsp;<br \/>\n<img decoding=\"async\" id=\"logoagence\" style=\"max-width: 35%;\" src=\"\/wp-content\/uploads\/2020\/03\/logo-new.png\" \/><strong>\u00a0<\/strong><\/p>\n<div class=\"dpeappart\" style=\"display: none;\"><img decoding=\"async\" src=\"\/wp-content\/uploads\/2020\/03\/DPE-E.png\" \/><\/div>\n<div class=\"dpemaison\" style=\"display: none;\"><\/div>\n<p>390<br \/>\n&nbsp;<br \/>\n<img decoding=\"async\" id=\"logoagence\" style=\"max-width: 35%;\" src=\"\/wp-content\/uploads\/2020\/03\/logo-new.png\" \/><strong>\u00a0<\/strong><\/p>\n<div class=\"dpeappart\" style=\"display: none;\"><img decoding=\"async\" src=\"\/wp-content\/uploads\/2020\/03\/DPE-E.png\" \/><\/div>\n<div class=\"dpemaison\" style=\"display: none;\"><\/div>","protected":false},"excerpt":{"rendered":"<p>  EIN VOLLTREFFER! Rue Championnet, am Fu\u00dfe der Metrostation der Linie 13 Guy M\u00f4quet und allen Gesch\u00e4ften. Im f\u00fcnften Stock mit Aufzug in einem sch\u00f6nen Haussmann-Geb\u00e4ude befindet sich eine Wohnung mit drei Zimmern, bestehend aus einem Eingangsbereich, der zu einem Wohnzimmer mit Balkon f\u00fchrt, zwei Schlafzimmern mit Zugang zum Balkon, einer geschlossenen K\u00fcche und einem Badezimmer mit WC. Eichenparkett, Zierleisten an W\u00e4nden und Decken, individuelle Gasheizung. J\u00e4hrliche Nebenkosten: 2 372EUR. Honorare f\u00fcr den Verk\u00e4ufer. EXKLUSIVE!  VERKAUFT!<\/p>\n<div class=\"sdi_vendu\"><\/div>\n<div class=\"column1 halfcolomnproductsingle\">\n<div class=\"prixvente\"><b>Preis<\/b>: 499000 \u20ac <\/div>\n<div class=\"prixloyer\"><b>Miete<\/b>: \u20ac \/Monat<\/p>\n<style>.prixloyer {display:none !important;}<\/style>\n<\/div>\n<div class=\"caution\"><b>Kaution<\/b>: \u20ac <\/p>\n<style>.caution {display:none !important;}<\/style>\n<\/div>\n<div class=\"gesmaison\"><b>Em. CO2:\u00a0<\/b> <\/p>\n<style>.gesmaison {display:none !important;}<\/style>\n<\/div>\n<div class=\"gesappart\"><b>Em. CO2:\u00a0<\/b>F <\/div>\n<div class=\"consomaison\"><b>Conso.<\/b>: Kw\/h <\/p>\n<style>.consomaison {display:none !important;}<\/style>\n<\/div>\n<div class=\"consoappart\"><b>Conso.<\/b>: 249 Kw\/h <\/div>\n<div class=\"ville\"><b>Stadt<\/b>: 75018 PARIS<\/div>\n<div class=\"surfacemaison\"><b>Fl\u00e4che<\/b>: m2 <\/p>\n<style>.surfacemaison {display:none !important;}<\/style>\n<\/div>\n<div class=\"surfaceappart\"><b>Fl\u00e4che<\/b>: 52m2 <\/div>\n<div class=\"surfaceimmeuble\"><b>Fl\u00e4che<\/b>: m2 <\/p>\n<style>.surfaceimmeuble {display:none !important;}<\/style>\n<\/div>\n<div class=\"surfaceparking\"><b>Fl\u00e4che<\/b>: m2 <\/p>\n<style>.surfaceparking {display:none !important;}<\/style>\n<\/div>\n<div class=\"surfaceterrain\"><b>Fl\u00e4che<\/b>: m2 <\/p>\n<style>.surfaceterrain {display:none !important;}<\/style>\n<\/div>\n<div class=\"piecesmaison\"><b>M\u00fcnzen<\/b>:  <\/p>\n<style>.piecesmaison {display:none !important;}<\/style>\n<\/div>\n<div class=\"piecesappart\"><b>M\u00fcnzen<\/b>: 3 <\/div>\n<div class=\"piecesimmeuble\"><b>M\u00fcnzen<\/b>: <\/p>\n<style>.piecesimmeuble {display:none !important;}<\/style>\n<\/div>\n<div class=\"sdbmaison\"><b>S. B\u00e4der<\/b>:  <\/p>\n<style>.sdbmaison {display:none !important;}<\/style>\n<\/div>\n<div class=\"sdbappart\"><b>S. B\u00e4der<\/b>: 1 <\/div>\n<div class=\"sdemaison\"><b>S. Wasser<\/b>: <\/p>\n<style>.sdemaison {display:none !important;}<\/style>\n<\/div>\n<div class=\"sdeappart\"><b>S. Wasser<\/b>:  <\/p>\n<style>.sdeappart {display:none !important;}<\/style>\n<\/div>\n<div class=\"etagesappart\"><b>Etage<\/b>: 5\/6<\/div>\n<div class=\"etagesmaison\"><b>Etage<\/b>: \/<\/p>\n<style>.etagesmaison {display:none !important;}<\/style>\n<\/div>\n<div class=\"etagesimmeuble\"><b>Etage<\/b>:  <\/p>\n<style>.etagesimmeuble {display:none !important;}<\/style>\n<\/div><\/div>\n<div class=\"column1 halfcolomnproductsingle\">\n<div class=\"assainissementterrain\"><b>Sanierung<\/b>: <\/p>\n<style>.assainissementterrain {display:none !important;}<\/style>\n<\/div>\n<div class=\"construcmaison\"><b>Konstrukt<\/b>:   <\/p>\n<style>.construcmaison {display:none !important;}<\/style>\n<\/div>\n<div class=\"construcappart\"><b>Konstrukt<\/b>: 1900  <\/div>\n<div class=\"chambresappart\"><b>Zimmer<\/b>: 2<\/div>\n<div class=\"chambresmaison\"><b>Zimmer<\/b>: <\/p>\n<style>.chambresmaison {display:none !important;}<\/style>\n<\/div>\n<div class=\"chambresimmeuble\"><b>Zimmer<\/b>: <\/p>\n<style>.chambresimmeuble {display:none !important;}<\/style>\n<\/div>\n<div class=\"vuedappart\"><b>Ansicht<\/b>:  <\/p>\n<style>.vuedappart {display:none !important;}<\/style>\n<\/div>\n<div class=\"vuemaison\"><b>Ansicht<\/b>:  <\/p>\n<style>.vuemaison {display:none !important;}<\/style>\n<\/div>\n<div class=\"fenetresmaison\"><b>Fenster<\/b>:\u00a0 <\/p>\n<style>.fenetresmaison {display:none !important;}<\/style>\n<\/div>\n<div class=\"fenetresappart\"><b>Fenster<\/b>:\u00a0 <\/p>\n<style>.fenetresappart {display:none !important;}<\/style>\n<\/div>\n<div class=\"chauffagemaison\"><b>Heizung<\/b>:  <\/p>\n<style>.chauffagemaison {display:none !important;}<\/style>\n<\/div>\n<div class=\"chauffagemodemaison\"><b>Heizung<\/b>: <\/p>\n<style>.chauffagemodemaison {display:none !important;}<\/style>\n<\/div>\n<div class=\"chauffageappart\"><b>Heizung<\/b>: Individuell <\/div>\n<div class=\"chauffagemodeappart\"><b>Heizung<\/b>: Gas<\/div>\n<div class=\"cuisinemaison\"><b>K\u00fcche<\/b>: <\/p>\n<style>.cuisinemaison {display:none !important;}<\/style>\n<\/div>\n<div class=\"cuisineappart\"><b>K\u00fcche<\/b>: Eingerichtet <\/p>\n<style>.cuisineappart {display:none !important;}<\/style>\n<\/div>\n<div class=\"honovente\"><b>Hono<\/b>: Verk\u00e4ufer <\/div>\n<div class=\"honoloc\"><b>Hono<\/b>: \u20ac <\/p>\n<style>.honoloc {display:none !important;}<\/style>\n<\/div><\/div>\n<p> \u00a0  <img decoding=\"async\" id=\"logoagence\" style=\"max-width: 35%;\" src=\"\/wp-content\/uploads\/2020\/03\/logo-new.png\" \/> <\/p>\n<div> Anzeigen-ID: 31975730<\/div>\n<div class=\"dpeappart\" style=\"display: none;\"><img decoding=\"async\" src=\"\/wp-content\/uploads\/2020\/03\/DPE-E.png\" \/><\/div>\n<div class=\"dpemaison\" style=\"display: none;\"><\/div>","protected":false},"featured_media":12956174,"template":"","meta":{"_et_pb_use_builder":"on","_et_pb_old_content":"","_et_gb_content_width":""},"product_brand":[],"product_cat":[984],"product_tag":[2641,2290,2293,2291,3679,3683,2292],"ville":[2272],"code_postal":[2507],"mot_cle":[2725,967,963,966,964,2278,2508,968,965],"surface_bien":[2509],"type_produit":[2268],"prix_loc":[2285],"prix_transac":[1243],"vendu":[2454],"class_list":{"0":"post-12956489","1":"product","2":"type-product","3":"status-publish","4":"has-post-thumbnail","6":"product_cat-appartement","7":"product_tag-ales-appartement-a-vendre-maison-a-vendre-transaction-immobilier","8":"product_tag-appartement-a-vendre","9":"product_tag-immobilier","10":"product_tag-maison-a-vendre","11":"product_tag-paris","12":"product_tag-paris-18","13":"product_tag-transaction","14":"pa_prixtransactionpouralerte-2430","15":"pa_surfacepouralerte-2317","16":"ville-paris","17":"code_postal-2507","18":"mot_cle-08-m2","19":"mot_cle-967","20":"mot_cle-appartement-a-vendre","21":"mot_cle-immobilier","22":"mot_cle-maison-a-vendre","23":"mot_cle-paris","24":"mot_cle-paris-18","25":"mot_cle-saint-denis","26":"mot_cle-transaction","27":"surface_bien-51-6","28":"type_produit-acheter","29":"prix_loc-2285","30":"prix_transac-499000-00","31":"vendu-2454","33":"first","34":"instock","35":"purchasable","36":"product-type-simple"},"yoast_head":"<!-- This site is optimized with the Yoast SEO plugin v27.3 - https:\/\/yoast.com\/product\/yoast-seo-wordpress\/ -->\n<title>A vendre APPARTEMENT PARIS 18 - 3 pi\u00e8ce(s) - 51.6 m2<\/title>\n<meta name=\"description\" content=\"Immobilier A vendreA louer APPARTEMENT PARIS 18 - 3 pi\u00e8ce(s) - 51.6 m2 93 Seine Saint Denis, location et vente\" \/>\n<meta name=\"robots\" content=\"index, follow, max-snippet:-1, max-image-preview:large, max-video-preview:-1\" \/>\n<link rel=\"canonical\" href=\"https:\/\/saint-denis-immobilier.fr\/de\/transaktion-vermietung\/verkauft-wohnung-paris-18-3-pieces-51-6-m2\/\" \/>\n<meta property=\"og:locale\" content=\"de_DE\" \/>\n<meta property=\"og:type\" content=\"article\" \/>\n<meta property=\"og:title\" content=\"A vendre APPARTEMENT PARIS 18 - 3 pi\u00e8ce(s) - 51.6 m2\" \/>\n<meta property=\"og:description\" content=\"Immobilier A vendreA louer APPARTEMENT PARIS 18 - 3 pi\u00e8ce(s) - 51.6 m2 93 Seine Saint Denis, location et vente\" \/>\n<meta property=\"og:url\" content=\"https:\/\/saint-denis-immobilier.fr\/de\/transaktion-vermietung\/verkauft-wohnung-paris-18-3-pieces-51-6-m2\/\" \/>\n<meta property=\"og:site_name\" content=\"Saint-Denis Immobilier\" \/>\n<meta property=\"article:modified_time\" content=\"2026-04-05T16:02:16+00:00\" \/>\n<meta property=\"og:image\" content=\"https:\/\/saint-denis-immobilier.fr\/wp-content\/uploads\/2025\/12\/2025-065348-3.jpg\" \/>\n\t<meta property=\"og:image:width\" content=\"800\" \/>\n\t<meta property=\"og:image:height\" content=\"530\" \/>\n\t<meta property=\"og:image:type\" content=\"image\/jpeg\" \/>\n<meta name=\"twitter:card\" content=\"summary_large_image\" \/>\n<meta name=\"twitter:label1\" content=\"Gesch\u00e4tzte Lesezeit\" \/>\n\t<meta name=\"twitter:data1\" content=\"1\u00a0Minute\" \/>\n<script type=\"application\/ld+json\" class=\"yoast-schema-graph\">{\"@context\":\"https:\\\/\\\/schema.org\",\"@graph\":[{\"@type\":\"WebPage\",\"@id\":\"https:\\\/\\\/saint-denis-immobilier.fr\\\/de\\\/transaktion-vermietung\\\/verkauft-wohnung-paris-18-3-pieces-51-6-m2\\\/\",\"url\":\"https:\\\/\\\/saint-denis-immobilier.fr\\\/de\\\/transaktion-vermietung\\\/verkauft-wohnung-paris-18-3-pieces-51-6-m2\\\/\",\"name\":\"A vendre APPARTEMENT PARIS 18 - 3 pi\u00e8ce(s) - 51.6 m2\",\"isPartOf\":{\"@id\":\"https:\\\/\\\/saint-denis-immobilier.fr\\\/#website\"},\"primaryImageOfPage\":{\"@id\":\"https:\\\/\\\/saint-denis-immobilier.fr\\\/de\\\/transaktion-vermietung\\\/verkauft-wohnung-paris-18-3-pieces-51-6-m2\\\/#primaryimage\"},\"image\":{\"@id\":\"https:\\\/\\\/saint-denis-immobilier.fr\\\/de\\\/transaktion-vermietung\\\/verkauft-wohnung-paris-18-3-pieces-51-6-m2\\\/#primaryimage\"},\"thumbnailUrl\":\"https:\\\/\\\/saint-denis-immobilier.fr\\\/wp-content\\\/uploads\\\/2025\\\/12\\\/2025-065348-3.jpg\",\"datePublished\":\"2026-04-05T14:02:11+00:00\",\"dateModified\":\"2026-04-05T16:02:16+00:00\",\"description\":\"Immobilier A vendreA louer APPARTEMENT PARIS 18 - 3 pi\u00e8ce(s) - 51.6 m2 93 Seine Saint Denis, location et vente\",\"breadcrumb\":{\"@id\":\"https:\\\/\\\/saint-denis-immobilier.fr\\\/de\\\/transaktion-vermietung\\\/verkauft-wohnung-paris-18-3-pieces-51-6-m2\\\/#breadcrumb\"},\"inLanguage\":\"de\",\"potentialAction\":[{\"@type\":\"ReadAction\",\"target\":[\"https:\\\/\\\/saint-denis-immobilier.fr\\\/de\\\/transaktion-vermietung\\\/verkauft-wohnung-paris-18-3-pieces-51-6-m2\\\/\"]}]},{\"@type\":\"ImageObject\",\"inLanguage\":\"de\",\"@id\":\"https:\\\/\\\/saint-denis-immobilier.fr\\\/de\\\/transaktion-vermietung\\\/verkauft-wohnung-paris-18-3-pieces-51-6-m2\\\/#primaryimage\",\"url\":\"https:\\\/\\\/saint-denis-immobilier.fr\\\/wp-content\\\/uploads\\\/2025\\\/12\\\/2025-065348-3.jpg\",\"contentUrl\":\"https:\\\/\\\/saint-denis-immobilier.fr\\\/wp-content\\\/uploads\\\/2025\\\/12\\\/2025-065348-3.jpg\",\"width\":800,\"height\":530,\"caption\":\"Saint Denis Immobilier\"},{\"@type\":\"BreadcrumbList\",\"@id\":\"https:\\\/\\\/saint-denis-immobilier.fr\\\/de\\\/transaktion-vermietung\\\/verkauft-wohnung-paris-18-3-pieces-51-6-m2\\\/#breadcrumb\",\"itemListElement\":[{\"@type\":\"ListItem\",\"position\":1,\"name\":\"Home\",\"item\":\"https:\\\/\\\/saint-denis-immobilier.fr\\\/\"},{\"@type\":\"ListItem\",\"position\":2,\"name\":\"Nos biens \u00e0 la vente\",\"item\":\"https:\\\/\\\/saint-denis-immobilier.fr\\\/biens\\\/\"},{\"@type\":\"ListItem\",\"position\":3,\"name\":\"VENDU ! APPARTEMENT PARIS 18 &#8211; 3 pi\u00e8ce(s) &#8211; 51.6 m2\"}]},{\"@type\":\"WebSite\",\"@id\":\"https:\\\/\\\/saint-denis-immobilier.fr\\\/#website\",\"url\":\"https:\\\/\\\/saint-denis-immobilier.fr\\\/\",\"name\":\"Saint-Denis Immobilier\",\"description\":\"agence immobiliere \u00e0 Saint-Denis\",\"publisher\":{\"@id\":\"https:\\\/\\\/saint-denis-immobilier.fr\\\/#organization\"},\"potentialAction\":[{\"@type\":\"SearchAction\",\"target\":{\"@type\":\"EntryPoint\",\"urlTemplate\":\"https:\\\/\\\/saint-denis-immobilier.fr\\\/?s={search_term_string}\"},\"query-input\":{\"@type\":\"PropertyValueSpecification\",\"valueRequired\":true,\"valueName\":\"search_term_string\"}}],\"inLanguage\":\"de\"},{\"@type\":\"Organization\",\"@id\":\"https:\\\/\\\/saint-denis-immobilier.fr\\\/#organization\",\"name\":\"Saint-Denis Immobilier\",\"url\":\"https:\\\/\\\/saint-denis-immobilier.fr\\\/\",\"logo\":{\"@type\":\"ImageObject\",\"inLanguage\":\"de\",\"@id\":\"https:\\\/\\\/saint-denis-immobilier.fr\\\/#\\\/schema\\\/logo\\\/image\\\/\",\"url\":\"https:\\\/\\\/www.saint-denis-immobilier.fr\\\/wp-content\\\/uploads\\\/2020\\\/02\\\/logo-new-cropped.png\",\"contentUrl\":\"https:\\\/\\\/www.saint-denis-immobilier.fr\\\/wp-content\\\/uploads\\\/2020\\\/02\\\/logo-new-cropped.png\",\"width\":452,\"height\":469,\"caption\":\"Saint-Denis Immobilier\"},\"image\":{\"@id\":\"https:\\\/\\\/saint-denis-immobilier.fr\\\/#\\\/schema\\\/logo\\\/image\\\/\"}}]}<\/script>\n<!-- \/ Yoast SEO plugin. -->","yoast_head_json":{"title":"Zu verkaufen APPARTEMENT PARIS 18 - 3 pi\u00e8ce(s) - 51.6 m2","description":"Immobilien zum VerkaufVermietung APPARTEMENT PARIS 18 - 3 pi\u00e8ce(s) - 51.6 m2 93 Seine Saint Denis, Vermietung und Verkauf","robots":{"index":"index","follow":"follow","max-snippet":"max-snippet:-1","max-image-preview":"max-image-preview:large","max-video-preview":"max-video-preview:-1"},"canonical":"https:\/\/saint-denis-immobilier.fr\/de\/transaktion-vermietung\/verkauft-wohnung-paris-18-3-pieces-51-6-m2\/","og_locale":"de_DE","og_type":"article","og_title":"A vendre APPARTEMENT PARIS 18 - 3 pi\u00e8ce(s) - 51.6 m2","og_description":"Immobilier A vendreA louer APPARTEMENT PARIS 18 - 3 pi\u00e8ce(s) - 51.6 m2 93 Seine Saint Denis, location et vente","og_url":"https:\/\/saint-denis-immobilier.fr\/de\/transaktion-vermietung\/verkauft-wohnung-paris-18-3-pieces-51-6-m2\/","og_site_name":"Saint-Denis Immobilier","article_modified_time":"2026-04-05T16:02:16+00:00","og_image":[{"width":800,"height":530,"url":"https:\/\/saint-denis-immobilier.fr\/wp-content\/uploads\/2025\/12\/2025-065348-3.jpg","type":"image\/jpeg"}],"twitter_card":"summary_large_image","twitter_misc":{"Gesch\u00e4tzte Lesezeit":"1\u00a0Minute"},"schema":{"@context":"https:\/\/schema.org","@graph":[{"@type":"WebPage","@id":"https:\/\/saint-denis-immobilier.fr\/de\/transaktion-vermietung\/verkauft-wohnung-paris-18-3-pieces-51-6-m2\/","url":"https:\/\/saint-denis-immobilier.fr\/de\/transaktion-vermietung\/verkauft-wohnung-paris-18-3-pieces-51-6-m2\/","name":"Zu verkaufen APPARTEMENT PARIS 18 - 3 pi\u00e8ce(s) - 51.6 m2","isPartOf":{"@id":"https:\/\/saint-denis-immobilier.fr\/#website"},"primaryImageOfPage":{"@id":"https:\/\/saint-denis-immobilier.fr\/de\/transaktion-vermietung\/verkauft-wohnung-paris-18-3-pieces-51-6-m2\/#primaryimage"},"image":{"@id":"https:\/\/saint-denis-immobilier.fr\/de\/transaktion-vermietung\/verkauft-wohnung-paris-18-3-pieces-51-6-m2\/#primaryimage"},"thumbnailUrl":"https:\/\/saint-denis-immobilier.fr\/wp-content\/uploads\/2025\/12\/2025-065348-3.jpg","datePublished":"2026-04-05T14:02:11+00:00","dateModified":"2026-04-05T16:02:16+00:00","description":"Immobilien zum VerkaufVermietung APPARTEMENT PARIS 18 - 3 pi\u00e8ce(s) - 51.6 m2 93 Seine Saint Denis, Vermietung und Verkauf","breadcrumb":{"@id":"https:\/\/saint-denis-immobilier.fr\/de\/transaktion-vermietung\/verkauft-wohnung-paris-18-3-pieces-51-6-m2\/#breadcrumb"},"inLanguage":"de","potentialAction":[{"@type":"ReadAction","target":["https:\/\/saint-denis-immobilier.fr\/de\/transaktion-vermietung\/verkauft-wohnung-paris-18-3-pieces-51-6-m2\/"]}]},{"@type":"ImageObject","inLanguage":"de","@id":"https:\/\/saint-denis-immobilier.fr\/de\/transaktion-vermietung\/verkauft-wohnung-paris-18-3-pieces-51-6-m2\/#primaryimage","url":"https:\/\/saint-denis-immobilier.fr\/wp-content\/uploads\/2025\/12\/2025-065348-3.jpg","contentUrl":"https:\/\/saint-denis-immobilier.fr\/wp-content\/uploads\/2025\/12\/2025-065348-3.jpg","width":800,"height":530,"caption":"Saint Denis Immobilier"},{"@type":"BreadcrumbList","@id":"https:\/\/saint-denis-immobilier.fr\/de\/transaktion-vermietung\/verkauft-wohnung-paris-18-3-pieces-51-6-m2\/#breadcrumb","itemListElement":[{"@type":"ListItem","position":1,"name":"Home","item":"https:\/\/saint-denis-immobilier.fr\/"},{"@type":"ListItem","position":2,"name":"Nos biens \u00e0 la vente","item":"https:\/\/saint-denis-immobilier.fr\/biens\/"},{"@type":"ListItem","position":3,"name":"VENDU ! APPARTEMENT PARIS 18 &#8211; 3 pi\u00e8ce(s) &#8211; 51.6 m2"}]},{"@type":"WebSite","@id":"https:\/\/saint-denis-immobilier.fr\/#website","url":"https:\/\/saint-denis-immobilier.fr\/","name":"Saint-Denis Immobilien","description":"immobilienagentur in Saint-Denis","publisher":{"@id":"https:\/\/saint-denis-immobilier.fr\/#organization"},"potentialAction":[{"@type":"SearchAction","target":{"@type":"EntryPoint","urlTemplate":"https:\/\/saint-denis-immobilier.fr\/?s={search_term_string}"},"query-input":{"@type":"PropertyValueSpecification","valueRequired":true,"valueName":"search_term_string"}}],"inLanguage":"de"},{"@type":"Organization","@id":"https:\/\/saint-denis-immobilier.fr\/#organization","name":"Saint-Denis Immobilien","url":"https:\/\/saint-denis-immobilier.fr\/","logo":{"@type":"ImageObject","inLanguage":"de","@id":"https:\/\/saint-denis-immobilier.fr\/#\/schema\/logo\/image\/","url":"https:\/\/www.saint-denis-immobilier.fr\/wp-content\/uploads\/2020\/02\/logo-new-cropped.png","contentUrl":"https:\/\/www.saint-denis-immobilier.fr\/wp-content\/uploads\/2020\/02\/logo-new-cropped.png","width":452,"height":469,"caption":"Saint-Denis Immobilier"},"image":{"@id":"https:\/\/saint-denis-immobilier.fr\/#\/schema\/logo\/image\/"}}]}},"_links":{"self":[{"href":"https:\/\/saint-denis-immobilier.fr\/de\/wp-json\/wp\/v2\/product\/12956489","targetHints":{"allow":["GET"]}}],"collection":[{"href":"https:\/\/saint-denis-immobilier.fr\/de\/wp-json\/wp\/v2\/product"}],"about":[{"href":"https:\/\/saint-denis-immobilier.fr\/de\/wp-json\/wp\/v2\/types\/product"}],"wp:featuredmedia":[{"embeddable":true,"href":"https:\/\/saint-denis-immobilier.fr\/de\/wp-json\/wp\/v2\/media\/12956174"}],"wp:attachment":[{"href":"https:\/\/saint-denis-immobilier.fr\/de\/wp-json\/wp\/v2\/media?parent=12956489"}],"wp:term":[{"taxonomy":"product_brand","embeddable":true,"href":"https:\/\/saint-denis-immobilier.fr\/de\/wp-json\/wp\/v2\/product_brand?post=12956489"},{"taxonomy":"product_cat","embeddable":true,"href":"https:\/\/saint-denis-immobilier.fr\/de\/wp-json\/wp\/v2\/product_cat?post=12956489"},{"taxonomy":"product_tag","embeddable":true,"href":"https:\/\/saint-denis-immobilier.fr\/de\/wp-json\/wp\/v2\/product_tag?post=12956489"},{"taxonomy":"ville","embeddable":true,"href":"https:\/\/saint-denis-immobilier.fr\/de\/wp-json\/wp\/v2\/ville?post=12956489"},{"taxonomy":"code_postal","embeddable":true,"href":"https:\/\/saint-denis-immobilier.fr\/de\/wp-json\/wp\/v2\/code_postal?post=12956489"},{"taxonomy":"mot_cle","embeddable":true,"href":"https:\/\/saint-denis-immobilier.fr\/de\/wp-json\/wp\/v2\/mot_cle?post=12956489"},{"taxonomy":"surface_bien","embeddable":true,"href":"https:\/\/saint-denis-immobilier.fr\/de\/wp-json\/wp\/v2\/surface_bien?post=12956489"},{"taxonomy":"type_produit","embeddable":true,"href":"https:\/\/saint-denis-immobilier.fr\/de\/wp-json\/wp\/v2\/type_produit?post=12956489"},{"taxonomy":"prix_loc","embeddable":true,"href":"https:\/\/saint-denis-immobilier.fr\/de\/wp-json\/wp\/v2\/prix_loc?post=12956489"},{"taxonomy":"prix_transac","embeddable":true,"href":"https:\/\/saint-denis-immobilier.fr\/de\/wp-json\/wp\/v2\/prix_transac?post=12956489"},{"taxonomy":"vendu","embeddable":true,"href":"https:\/\/saint-denis-immobilier.fr\/de\/wp-json\/wp\/v2\/vendu?post=12956489"}],"curies":[{"name":"wp","href":"https:\/\/api.w.org\/{rel}","templated":true}]}}