{"id":12956493,"date":"2026-04-23T16:02:34","date_gmt":"2026-04-23T14:02:34","guid":{"rendered":"https:\/\/saint-denis-immobilier.fr\/transaction-location\/vendu-appartement-duplex-st-denis-4-pieces-79-m2\/"},"modified":"2026-04-23T18:02:37","modified_gmt":"2026-04-23T16:02:37","slug":"sold-apartment-duplex-st-denis-4-rooms-79-m2","status":"publish","type":"product","link":"https:\/\/saint-denis-immobilier.fr\/en\/transaction-rental\/sold-apartment-duplex-st-denis-4-rooms-79-m2\/","title":{"rendered":"<span class=\"sdi_exclu\"><\/span>SOLD!<div class=\"sdi_vendu\"><\/div>  DUPLEX APARTMENT ST DENIS - 4 room(s) - 79 m2"},"content":{"rendered":"<p>CENTRE VILLE HISTORIQUE &#8211; A 8 minutes de la station de m\u00e9tro ligne 13 Basilique, 9 minutes de la station de m\u00e9tro ligne 13 Porte de Paris et de la gare SNCF RER D. Dans une petite rue calme \u00e0 proximit\u00e9 imm\u00e9diate de tous les commerces, au deuxi\u00e8me et dernier \u00e9tage d&rsquo;un immeuble des ann\u00e9es 90, un appartement de type DUPLEX expos\u00e9 ouest comprenant au premier niveau un s\u00e9jour avec cuisine ouverte et WC s\u00e9par\u00e9s et au deuxi\u00e8me niveau un palier, une salle de bains avec WC, trois chambres dont une suite parentale avec douche italienne. Au sous-sol une place de parking. Chauffage individuel \u00e9lectrique. Charges annuelles : 2 200EUR. Honoraires charge acqu\u00e9reur. (6.33 % honoraires TTC \u00e0 la charge de l&rsquo;acqu\u00e9reur.)<br \/>\nEXCLUSIVE!<\/p>\n<p>SOLD!<\/p>\n<div class=\"sdi_vendu\"><\/div>\n<div class=\"column1 halfcolomnproductsingle\">\n<div class=\"prixvente\"><b>Price<\/b>: 319000 \u20ac <\/div>\n<div class=\"prixloyer\"><b>Rent<\/b>\u20ac \/month<\/p>\n<style>.prixloyer {display:none !important;}<\/style>\n<\/div>\n<div class=\"caution\"><b>Deposit<\/b>: \u20ac <\/p>\n<style>.caution {display:none !important;}<\/style>\n<\/div>\n<div class=\"gesmaison\"><b>Em. CO2:\u00a0<\/b> <\/p>\n<style>.gesmaison {display:none !important;}<\/style>\n<\/div>\n<div class=\"gesappart\"><b>Em. CO2:\u00a0<\/b>B <\/div>\n<div class=\"consomaison\"><b>Consumption<\/b>: Kw\/h <\/p>\n<style>.consomaison {display:none !important;}<\/style>\n<\/div>\n<div class=\"consoappart\"><b>Consumption<\/b>: 203 Kw\/h <\/div>\n<div class=\"ville\"><b>City<\/b>93200 ST DENIS<\/div>\n<div class=\"surfacemaison\"><b>Surface<\/b>: m2 <\/p>\n<style>.surfacemaison {display:none !important;}<\/style>\n<\/div>\n<div class=\"surfaceappart\"><b>Surface<\/b>: 79m2 <\/div>\n<div class=\"surfaceimmeuble\"><b>Surface<\/b>: m2 <\/p>\n<style>.surfaceimmeuble {display:none !important;}<\/style>\n<\/div>\n<div class=\"surfaceparking\"><b>Surface<\/b>: m2 <\/p>\n<style>.surfaceparking {display:none !important;}<\/style>\n<\/div>\n<div class=\"surfaceterrain\"><b>Surface<\/b>: m2 <\/p>\n<style>.surfaceterrain {display:none !important;}<\/style>\n<\/div>\n<div class=\"piecesmaison\"><b>Parts<\/b>:  <\/p>\n<style>.piecesmaison {display:none !important;}<\/style>\n<\/div>\n<div class=\"piecesappart\"><b>Parts<\/b>: 4 <\/div>\n<div class=\"piecesimmeuble\"><b>Parts<\/b>: <\/p>\n<style>.piecesimmeuble {display:none !important;}<\/style>\n<\/div>\n<div class=\"sdbmaison\"><b>S. baths<\/b>:  <\/p>\n<style>.sdbmaison {display:none !important;}<\/style>\n<\/div>\n<div class=\"sdbappart\"><b>S. baths<\/b>: 1 <\/div>\n<div class=\"sdemaison\"><b>S. water<\/b>: <\/p>\n<style>.sdemaison {display:none !important;}<\/style>\n<\/div>\n<div class=\"sdeappart\"><b>S. water<\/b>: 1 <\/div>\n<div class=\"etagesappart\"><b>Floor<\/b>: 2\/2<\/div>\n<div class=\"etagesmaison\"><b>Floor<\/b>: \/<\/p>\n<style>.etagesmaison {display:none !important;}<\/style>\n<\/div>\n<div class=\"etagesimmeuble\"><b>Floor<\/b>:  <\/p>\n<style>.etagesimmeuble {display:none !important;}<\/style>\n<\/div>\n<\/div>\n<div class=\"column1 halfcolomnproductsingle\">\n<div class=\"assainissementterrain\"><b>Sanitation<\/b>: <\/p>\n<style>.assainissementterrain {display:none !important;}<\/style>\n<\/div>\n<div class=\"construcmaison\"><b>Construc<\/b>:   <\/p>\n<style>.construcmaison {display:none !important;}<\/style>\n<\/div>\n<div class=\"construcappart\"><b>Construc<\/b>1989 Concrete <\/div>\n<div class=\"chambresappart\"><b>Rooms<\/b>: 3<\/div>\n<div class=\"chambresmaison\"><b>Rooms<\/b>: <\/p>\n<style>.chambresmaison {display:none !important;}<\/style>\n<\/div>\n<div class=\"chambresimmeuble\"><b>Rooms<\/b>: <\/p>\n<style>.chambresimmeuble {display:none !important;}<\/style>\n<\/div>\n<div class=\"vuedappart\"><b>View<\/b>:  <\/p>\n<style>.vuedappart {display:none !important;}<\/style>\n<\/div>\n<div class=\"vuemaison\"><b>View<\/b>:  <\/p>\n<style>.vuemaison {display:none !important;}<\/style>\n<\/div>\n<div class=\"fenetresmaison\"><b>Windows<\/b>:\u00a0 <\/p>\n<style>.fenetresmaison {display:none !important;}<\/style>\n<\/div>\n<div class=\"fenetresappart\"><b>Windows<\/b>:\u00a0 <\/p>\n<style>.fenetresappart {display:none !important;}<\/style>\n<\/div>\n<div class=\"chauffagemaison\"><b>Heating<\/b>:  <\/p>\n<style>.chauffagemaison {display:none !important;}<\/style>\n<\/div>\n<div class=\"chauffagemodemaison\"><b>Heating<\/b>: <\/p>\n<style>.chauffagemodemaison {display:none !important;}<\/style>\n<\/div>\n<div class=\"chauffageappart\"><b>Heating<\/b>Individual <\/div>\n<div class=\"chauffagemodeappart\"><b>Heating<\/b>: Electric<\/div>\n<div class=\"cuisinemaison\"><b>Kitchen<\/b>: <\/p>\n<style>.cuisinemaison {display:none !important;}<\/style>\n<\/div>\n<div class=\"cuisineappart\"><b>Kitchen<\/b>American <\/p>\n<style>.cuisineappart {display:none !important;}<\/style>\n<\/div>\n<div class=\"honovente\"><b>Hono<\/b>Purchaser <\/div>\n<div class=\"honoloc\"><b>Hono<\/b>: \u20ac <\/p>\n<style>.honoloc {display:none !important;}<\/style>\n<\/div>\n<\/div>\n<p>&nbsp;<br \/>\n<img decoding=\"async\" id=\"logoagence\" style=\"max-width: 35%;\" src=\"\/wp-content\/uploads\/2020\/03\/logo-new.png\" \/><strong>\u00a0<\/strong><\/p>\n<div class=\"dpeappart\" style=\"display: none;\"><img decoding=\"async\" src=\"\/wp-content\/uploads\/2020\/03\/DPE-D.png\" \/><\/div>\n<div class=\"dpemaison\" style=\"display: none;\"><\/div>\n<p>365<br \/>\n&nbsp;<br \/>\n<img decoding=\"async\" id=\"logoagence\" style=\"max-width: 35%;\" src=\"\/wp-content\/uploads\/2020\/03\/logo-new.png\" \/><strong>\u00a0<\/strong><\/p>\n<div class=\"dpeappart\" style=\"display: none;\"><img decoding=\"async\" src=\"\/wp-content\/uploads\/2020\/03\/DPE-D.png\" \/><\/div>\n<div class=\"dpemaison\" style=\"display: none;\"><\/div>","protected":false},"excerpt":{"rendered":"<p>  HISTORICAL DOWNTOWN CENTER - 8 minutes from metro station line 13 Basilique, 9 minutes from metro station line 13 Porte de Paris and SNCF RER D station. In a quiet street close to all amenities, on the second and top floor of a 90s building, a west-facing DUPLEX apartment comprising, on the first level, a living room with open kitchen and separate toilet and, on the second level, a landing, a bathroom with toilet, three bedrooms including a master suite with Italian shower. Basement with parking space. Individual electric heating. Annual service charges: 2,200EUR. Fees charged by the purchaser. (6.33 % fees incl. VAT) EXCLUSIVE!  SOLD !<\/p>\n<div class=\"sdi_vendu\"><\/div>\n<div class=\"column1 halfcolomnproductsingle\">\n<div class=\"prixvente\"><b>Price<\/b>: 319000 \u20ac <\/div>\n<div class=\"prixloyer\"><b>Rent<\/b>\u20ac \/month<\/p>\n<style>.prixloyer {display:none !important;}<\/style>\n<\/div>\n<div class=\"caution\"><b>Deposit<\/b>: \u20ac <\/p>\n<style>.caution {display:none !important;}<\/style>\n<\/div>\n<div class=\"gesmaison\"><b>Em. CO2:\u00a0<\/b> <\/p>\n<style>.gesmaison {display:none !important;}<\/style>\n<\/div>\n<div class=\"gesappart\"><b>Em. CO2:\u00a0<\/b>B <\/div>\n<div class=\"consomaison\"><b>Consumption<\/b>: Kw\/h <\/p>\n<style>.consomaison {display:none !important;}<\/style>\n<\/div>\n<div class=\"consoappart\"><b>Consumption<\/b>: 203 Kw\/h <\/div>\n<div class=\"ville\"><b>City<\/b>93200 ST DENIS<\/div>\n<div class=\"surfacemaison\"><b>Surface<\/b>: m2 <\/p>\n<style>.surfacemaison {display:none !important;}<\/style>\n<\/div>\n<div class=\"surfaceappart\"><b>Surface<\/b>: 79m2 <\/div>\n<div class=\"surfaceimmeuble\"><b>Surface<\/b>: m2 <\/p>\n<style>.surfaceimmeuble {display:none !important;}<\/style>\n<\/div>\n<div class=\"surfaceparking\"><b>Surface<\/b>: m2 <\/p>\n<style>.surfaceparking {display:none !important;}<\/style>\n<\/div>\n<div class=\"surfaceterrain\"><b>Surface<\/b>: m2 <\/p>\n<style>.surfaceterrain {display:none !important;}<\/style>\n<\/div>\n<div class=\"piecesmaison\"><b>Parts<\/b>:  <\/p>\n<style>.piecesmaison {display:none !important;}<\/style>\n<\/div>\n<div class=\"piecesappart\"><b>Parts<\/b>: 4 <\/div>\n<div class=\"piecesimmeuble\"><b>Parts<\/b>: <\/p>\n<style>.piecesimmeuble {display:none !important;}<\/style>\n<\/div>\n<div class=\"sdbmaison\"><b>S. baths<\/b>:  <\/p>\n<style>.sdbmaison {display:none !important;}<\/style>\n<\/div>\n<div class=\"sdbappart\"><b>S. baths<\/b>: 1 <\/div>\n<div class=\"sdemaison\"><b>S. water<\/b>: <\/p>\n<style>.sdemaison {display:none !important;}<\/style>\n<\/div>\n<div class=\"sdeappart\"><b>S. water<\/b>: 1 <\/div>\n<div class=\"etagesappart\"><b>Floor<\/b>: 2\/2<\/div>\n<div class=\"etagesmaison\"><b>Floor<\/b>: \/<\/p>\n<style>.etagesmaison {display:none !important;}<\/style>\n<\/div>\n<div class=\"etagesimmeuble\"><b>Floor<\/b>:  <\/p>\n<style>.etagesimmeuble {display:none !important;}<\/style>\n<\/div><\/div>\n<div class=\"column1 halfcolomnproductsingle\">\n<div class=\"assainissementterrain\"><b>Sanitation<\/b>: <\/p>\n<style>.assainissementterrain {display:none !important;}<\/style>\n<\/div>\n<div class=\"construcmaison\"><b>Construc<\/b>:   <\/p>\n<style>.construcmaison {display:none !important;}<\/style>\n<\/div>\n<div class=\"construcappart\"><b>Construc<\/b>1989 Concrete <\/div>\n<div class=\"chambresappart\"><b>Rooms<\/b>: 3<\/div>\n<div class=\"chambresmaison\"><b>Rooms<\/b>: <\/p>\n<style>.chambresmaison {display:none !important;}<\/style>\n<\/div>\n<div class=\"chambresimmeuble\"><b>Rooms<\/b>: <\/p>\n<style>.chambresimmeuble {display:none !important;}<\/style>\n<\/div>\n<div class=\"vuedappart\"><b>View<\/b>:  <\/p>\n<style>.vuedappart {display:none !important;}<\/style>\n<\/div>\n<div class=\"vuemaison\"><b>View<\/b>:  <\/p>\n<style>.vuemaison {display:none !important;}<\/style>\n<\/div>\n<div class=\"fenetresmaison\"><b>Windows<\/b>:\u00a0 <\/p>\n<style>.fenetresmaison {display:none !important;}<\/style>\n<\/div>\n<div class=\"fenetresappart\"><b>Windows<\/b>:\u00a0 <\/p>\n<style>.fenetresappart {display:none !important;}<\/style>\n<\/div>\n<div class=\"chauffagemaison\"><b>Heating<\/b>:  <\/p>\n<style>.chauffagemaison {display:none !important;}<\/style>\n<\/div>\n<div class=\"chauffagemodemaison\"><b>Heating<\/b>: <\/p>\n<style>.chauffagemodemaison {display:none !important;}<\/style>\n<\/div>\n<div class=\"chauffageappart\"><b>Heating<\/b>Individual <\/div>\n<div class=\"chauffagemodeappart\"><b>Heating<\/b>: Electric<\/div>\n<div class=\"cuisinemaison\"><b>Kitchen<\/b>: <\/p>\n<style>.cuisinemaison {display:none !important;}<\/style>\n<\/div>\n<div class=\"cuisineappart\"><b>Kitchen<\/b>American <\/p>\n<style>.cuisineappart {display:none !important;}<\/style>\n<\/div>\n<div class=\"honovente\"><b>Hono<\/b>Purchaser <\/div>\n<div class=\"honoloc\"><b>Hono<\/b>: \u20ac <\/p>\n<style>.honoloc {display:none !important;}<\/style>\n<\/div><\/div>\n<p> \u00a0  <img decoding=\"async\" id=\"logoagence\" style=\"max-width: 35%;\" src=\"\/wp-content\/uploads\/2020\/03\/logo-new.png\" \/> <\/p>\n<div> Ad ID: 31975709<\/div>\n<div class=\"dpeappart\" style=\"display: none;\"><img decoding=\"async\" src=\"\/wp-content\/uploads\/2020\/03\/DPE-D.png\" \/><\/div>\n<div class=\"dpemaison\" style=\"display: none;\"><\/div>","protected":false},"featured_media":12956202,"template":"","meta":{"_et_pb_use_builder":"on","_et_pb_old_content":"","_et_gb_content_width":""},"product_brand":[],"product_cat":[984],"product_tag":[2290,3581,2293,2291,3688,3595,2292],"ville":[2440],"code_postal":[969],"mot_cle":[2725,967,963,1000,966,964,968,2523,2442,965],"surface_bien":[2524],"type_produit":[2268],"prix_loc":[2285],"prix_transac":[2525],"vendu":[2454],"class_list":{"0":"post-12956493","1":"product","2":"type-product","3":"status-publish","4":"has-post-thumbnail","6":"product_cat-appartement","7":"product_tag-appartement-a-vendre","8":"product_tag-beton","9":"product_tag-immobilier","10":"product_tag-maison-a-vendre","11":"product_tag-saint-denis-centre-ville-historique","12":"product_tag-st-denis","13":"product_tag-transaction","14":"pa_prixtransactionpouralerte-2521","15":"pa_surfacepouralerte-2339","16":"ville-st-denis","17":"code_postal-969","18":"mot_cle-08-m2","19":"mot_cle-967","20":"mot_cle-appartement-a-vendre","21":"mot_cle-beton","22":"mot_cle-immobilier","23":"mot_cle-maison-a-vendre","24":"mot_cle-saint-denis","25":"mot_cle-saint-denis-centre-ville-historique","26":"mot_cle-st-denis","27":"mot_cle-transaction","28":"surface_bien-2524","29":"type_produit-acheter","30":"prix_loc-2285","31":"prix_transac-319000-00","32":"vendu-2454","34":"first","35":"instock","36":"purchasable","37":"product-type-simple"},"yoast_head":"<!-- This site is optimized with the Yoast SEO plugin v27.4 - https:\/\/yoast.com\/product\/yoast-seo-wordpress\/ -->\n<title>A vendre APPARTEMENT DUPLEX ST DENIS - 4 pi\u00e8ce(s) - 79 m2<\/title>\n<meta name=\"description\" content=\"Immobilier A vendreA louer APPARTEMENT DUPLEX ST DENIS - 4 pi\u00e8ce(s) - 79 m2 93 Seine Saint Denis, location et vente\" \/>\n<meta name=\"robots\" content=\"index, follow, max-snippet:-1, max-image-preview:large, max-video-preview:-1\" \/>\n<link rel=\"canonical\" href=\"https:\/\/saint-denis-immobilier.fr\/en\/transaction-rental\/sold-apartment-duplex-st-denis-4-rooms-79-m2\/\" \/>\n<meta property=\"og:locale\" content=\"en_US\" \/>\n<meta property=\"og:type\" content=\"article\" \/>\n<meta property=\"og:title\" content=\"A vendre APPARTEMENT DUPLEX ST DENIS - 4 pi\u00e8ce(s) - 79 m2\" \/>\n<meta property=\"og:description\" content=\"Immobilier A vendreA louer APPARTEMENT DUPLEX ST DENIS - 4 pi\u00e8ce(s) - 79 m2 93 Seine Saint Denis, location et vente\" \/>\n<meta property=\"og:url\" content=\"https:\/\/saint-denis-immobilier.fr\/en\/transaction-rental\/sold-apartment-duplex-st-denis-4-rooms-79-m2\/\" \/>\n<meta property=\"og:site_name\" content=\"Saint-Denis Immobilier\" \/>\n<meta property=\"article:modified_time\" content=\"2026-04-23T16:02:37+00:00\" \/>\n<meta property=\"og:image\" content=\"https:\/\/saint-denis-immobilier.fr\/wp-content\/uploads\/2025\/12\/2025-065201.jpg\" \/>\n\t<meta property=\"og:image:width\" content=\"800\" \/>\n\t<meta property=\"og:image:height\" content=\"533\" \/>\n\t<meta property=\"og:image:type\" content=\"image\/jpeg\" \/>\n<meta name=\"twitter:card\" content=\"summary_large_image\" \/>\n<meta name=\"twitter:label1\" content=\"Est. reading time\" \/>\n\t<meta name=\"twitter:data1\" content=\"1 minute\" \/>\n<script type=\"application\/ld+json\" class=\"yoast-schema-graph\">{\"@context\":\"https:\\\/\\\/schema.org\",\"@graph\":[{\"@type\":\"WebPage\",\"@id\":\"https:\\\/\\\/saint-denis-immobilier.fr\\\/en\\\/transaction-rental\\\/sold-apartment-duplex-st-denis-4-rooms-79-m2\\\/\",\"url\":\"https:\\\/\\\/saint-denis-immobilier.fr\\\/en\\\/transaction-rental\\\/sold-apartment-duplex-st-denis-4-rooms-79-m2\\\/\",\"name\":\"A vendre APPARTEMENT DUPLEX ST DENIS - 4 pi\u00e8ce(s) - 79 m2\",\"isPartOf\":{\"@id\":\"https:\\\/\\\/saint-denis-immobilier.fr\\\/#website\"},\"primaryImageOfPage\":{\"@id\":\"https:\\\/\\\/saint-denis-immobilier.fr\\\/en\\\/transaction-rental\\\/sold-apartment-duplex-st-denis-4-rooms-79-m2\\\/#primaryimage\"},\"image\":{\"@id\":\"https:\\\/\\\/saint-denis-immobilier.fr\\\/en\\\/transaction-rental\\\/sold-apartment-duplex-st-denis-4-rooms-79-m2\\\/#primaryimage\"},\"thumbnailUrl\":\"https:\\\/\\\/saint-denis-immobilier.fr\\\/wp-content\\\/uploads\\\/2025\\\/12\\\/2025-065201.jpg\",\"datePublished\":\"2026-04-23T14:02:34+00:00\",\"dateModified\":\"2026-04-23T16:02:37+00:00\",\"description\":\"Immobilier A vendreA louer APPARTEMENT DUPLEX ST DENIS - 4 pi\u00e8ce(s) - 79 m2 93 Seine Saint Denis, location et vente\",\"breadcrumb\":{\"@id\":\"https:\\\/\\\/saint-denis-immobilier.fr\\\/en\\\/transaction-rental\\\/sold-apartment-duplex-st-denis-4-rooms-79-m2\\\/#breadcrumb\"},\"inLanguage\":\"en-US\",\"potentialAction\":[{\"@type\":\"ReadAction\",\"target\":[\"https:\\\/\\\/saint-denis-immobilier.fr\\\/en\\\/transaction-rental\\\/sold-apartment-duplex-st-denis-4-rooms-79-m2\\\/\"]}]},{\"@type\":\"ImageObject\",\"inLanguage\":\"en-US\",\"@id\":\"https:\\\/\\\/saint-denis-immobilier.fr\\\/en\\\/transaction-rental\\\/sold-apartment-duplex-st-denis-4-rooms-79-m2\\\/#primaryimage\",\"url\":\"https:\\\/\\\/saint-denis-immobilier.fr\\\/wp-content\\\/uploads\\\/2025\\\/12\\\/2025-065201.jpg\",\"contentUrl\":\"https:\\\/\\\/saint-denis-immobilier.fr\\\/wp-content\\\/uploads\\\/2025\\\/12\\\/2025-065201.jpg\",\"width\":800,\"height\":533,\"caption\":\"Saint Denis Immobilier\"},{\"@type\":\"BreadcrumbList\",\"@id\":\"https:\\\/\\\/saint-denis-immobilier.fr\\\/en\\\/transaction-rental\\\/sold-apartment-duplex-st-denis-4-rooms-79-m2\\\/#breadcrumb\",\"itemListElement\":[{\"@type\":\"ListItem\",\"position\":1,\"name\":\"Home\",\"item\":\"https:\\\/\\\/saint-denis-immobilier.fr\\\/\"},{\"@type\":\"ListItem\",\"position\":2,\"name\":\"Nos biens \u00e0 la vente\",\"item\":\"https:\\\/\\\/saint-denis-immobilier.fr\\\/biens\\\/\"},{\"@type\":\"ListItem\",\"position\":3,\"name\":\"VENDU ! APPARTEMENT DUPLEX ST DENIS &#8211; 4 pi\u00e8ce(s) &#8211; 79 m2\"}]},{\"@type\":\"WebSite\",\"@id\":\"https:\\\/\\\/saint-denis-immobilier.fr\\\/#website\",\"url\":\"https:\\\/\\\/saint-denis-immobilier.fr\\\/\",\"name\":\"Saint-Denis Immobilier\",\"description\":\"agence immobiliere \u00e0 Saint-Denis\",\"publisher\":{\"@id\":\"https:\\\/\\\/saint-denis-immobilier.fr\\\/#organization\"},\"potentialAction\":[{\"@type\":\"SearchAction\",\"target\":{\"@type\":\"EntryPoint\",\"urlTemplate\":\"https:\\\/\\\/saint-denis-immobilier.fr\\\/?s={search_term_string}\"},\"query-input\":{\"@type\":\"PropertyValueSpecification\",\"valueRequired\":true,\"valueName\":\"search_term_string\"}}],\"inLanguage\":\"en-US\"},{\"@type\":\"Organization\",\"@id\":\"https:\\\/\\\/saint-denis-immobilier.fr\\\/#organization\",\"name\":\"Saint-Denis Immobilier\",\"url\":\"https:\\\/\\\/saint-denis-immobilier.fr\\\/\",\"logo\":{\"@type\":\"ImageObject\",\"inLanguage\":\"en-US\",\"@id\":\"https:\\\/\\\/saint-denis-immobilier.fr\\\/#\\\/schema\\\/logo\\\/image\\\/\",\"url\":\"https:\\\/\\\/www.saint-denis-immobilier.fr\\\/wp-content\\\/uploads\\\/2020\\\/02\\\/logo-new-cropped.png\",\"contentUrl\":\"https:\\\/\\\/www.saint-denis-immobilier.fr\\\/wp-content\\\/uploads\\\/2020\\\/02\\\/logo-new-cropped.png\",\"width\":452,\"height\":469,\"caption\":\"Saint-Denis Immobilier\"},\"image\":{\"@id\":\"https:\\\/\\\/saint-denis-immobilier.fr\\\/#\\\/schema\\\/logo\\\/image\\\/\"}}]}<\/script>\n<!-- \/ Yoast SEO plugin. -->","yoast_head_json":{"title":"For sale DUPLEX APARTMENT ST DENIS - 4 room(s) - 79 m2","description":"Real Estate For SaleFor Rent DUPLEX APARTMENT ST DENIS - 4 room(s) - 79 m2 93 Seine Saint Denis, rental and sale","robots":{"index":"index","follow":"follow","max-snippet":"max-snippet:-1","max-image-preview":"max-image-preview:large","max-video-preview":"max-video-preview:-1"},"canonical":"https:\/\/saint-denis-immobilier.fr\/en\/transaction-rental\/sold-apartment-duplex-st-denis-4-rooms-79-m2\/","og_locale":"en_US","og_type":"article","og_title":"A vendre APPARTEMENT DUPLEX ST DENIS - 4 pi\u00e8ce(s) - 79 m2","og_description":"Immobilier A vendreA louer APPARTEMENT DUPLEX ST DENIS - 4 pi\u00e8ce(s) - 79 m2 93 Seine Saint Denis, location et vente","og_url":"https:\/\/saint-denis-immobilier.fr\/en\/transaction-rental\/sold-apartment-duplex-st-denis-4-rooms-79-m2\/","og_site_name":"Saint-Denis Immobilier","article_modified_time":"2026-04-23T16:02:37+00:00","og_image":[{"width":800,"height":533,"url":"https:\/\/saint-denis-immobilier.fr\/wp-content\/uploads\/2025\/12\/2025-065201.jpg","type":"image\/jpeg"}],"twitter_card":"summary_large_image","twitter_misc":{"Est. reading time":"1 minute"},"schema":{"@context":"https:\/\/schema.org","@graph":[{"@type":"WebPage","@id":"https:\/\/saint-denis-immobilier.fr\/en\/transaction-rental\/sold-apartment-duplex-st-denis-4-rooms-79-m2\/","url":"https:\/\/saint-denis-immobilier.fr\/en\/transaction-rental\/sold-apartment-duplex-st-denis-4-rooms-79-m2\/","name":"For sale DUPLEX APARTMENT ST DENIS - 4 room(s) - 79 m2","isPartOf":{"@id":"https:\/\/saint-denis-immobilier.fr\/#website"},"primaryImageOfPage":{"@id":"https:\/\/saint-denis-immobilier.fr\/en\/transaction-rental\/sold-apartment-duplex-st-denis-4-rooms-79-m2\/#primaryimage"},"image":{"@id":"https:\/\/saint-denis-immobilier.fr\/en\/transaction-rental\/sold-apartment-duplex-st-denis-4-rooms-79-m2\/#primaryimage"},"thumbnailUrl":"https:\/\/saint-denis-immobilier.fr\/wp-content\/uploads\/2025\/12\/2025-065201.jpg","datePublished":"2026-04-23T14:02:34+00:00","dateModified":"2026-04-23T16:02:37+00:00","description":"Real Estate For SaleFor Rent DUPLEX APARTMENT ST DENIS - 4 room(s) - 79 m2 93 Seine Saint Denis, rental and sale","breadcrumb":{"@id":"https:\/\/saint-denis-immobilier.fr\/en\/transaction-rental\/sold-apartment-duplex-st-denis-4-rooms-79-m2\/#breadcrumb"},"inLanguage":"en-US","potentialAction":[{"@type":"ReadAction","target":["https:\/\/saint-denis-immobilier.fr\/en\/transaction-rental\/sold-apartment-duplex-st-denis-4-rooms-79-m2\/"]}]},{"@type":"ImageObject","inLanguage":"en-US","@id":"https:\/\/saint-denis-immobilier.fr\/en\/transaction-rental\/sold-apartment-duplex-st-denis-4-rooms-79-m2\/#primaryimage","url":"https:\/\/saint-denis-immobilier.fr\/wp-content\/uploads\/2025\/12\/2025-065201.jpg","contentUrl":"https:\/\/saint-denis-immobilier.fr\/wp-content\/uploads\/2025\/12\/2025-065201.jpg","width":800,"height":533,"caption":"Saint Denis Immobilier"},{"@type":"BreadcrumbList","@id":"https:\/\/saint-denis-immobilier.fr\/en\/transaction-rental\/sold-apartment-duplex-st-denis-4-rooms-79-m2\/#breadcrumb","itemListElement":[{"@type":"ListItem","position":1,"name":"Home","item":"https:\/\/saint-denis-immobilier.fr\/"},{"@type":"ListItem","position":2,"name":"Nos biens \u00e0 la vente","item":"https:\/\/saint-denis-immobilier.fr\/biens\/"},{"@type":"ListItem","position":3,"name":"VENDU ! APPARTEMENT DUPLEX ST DENIS &#8211; 4 pi\u00e8ce(s) &#8211; 79 m2"}]},{"@type":"WebSite","@id":"https:\/\/saint-denis-immobilier.fr\/#website","url":"https:\/\/saint-denis-immobilier.fr\/","name":"Saint-Denis Immobilier","description":"real estate agency in Saint-Denis","publisher":{"@id":"https:\/\/saint-denis-immobilier.fr\/#organization"},"potentialAction":[{"@type":"SearchAction","target":{"@type":"EntryPoint","urlTemplate":"https:\/\/saint-denis-immobilier.fr\/?s={search_term_string}"},"query-input":{"@type":"PropertyValueSpecification","valueRequired":true,"valueName":"search_term_string"}}],"inLanguage":"en-US"},{"@type":"Organization","@id":"https:\/\/saint-denis-immobilier.fr\/#organization","name":"Saint-Denis Immobilier","url":"https:\/\/saint-denis-immobilier.fr\/","logo":{"@type":"ImageObject","inLanguage":"en-US","@id":"https:\/\/saint-denis-immobilier.fr\/#\/schema\/logo\/image\/","url":"https:\/\/www.saint-denis-immobilier.fr\/wp-content\/uploads\/2020\/02\/logo-new-cropped.png","contentUrl":"https:\/\/www.saint-denis-immobilier.fr\/wp-content\/uploads\/2020\/02\/logo-new-cropped.png","width":452,"height":469,"caption":"Saint-Denis Immobilier"},"image":{"@id":"https:\/\/saint-denis-immobilier.fr\/#\/schema\/logo\/image\/"}}]}},"_links":{"self":[{"href":"https:\/\/saint-denis-immobilier.fr\/en\/wp-json\/wp\/v2\/product\/12956493","targetHints":{"allow":["GET"]}}],"collection":[{"href":"https:\/\/saint-denis-immobilier.fr\/en\/wp-json\/wp\/v2\/product"}],"about":[{"href":"https:\/\/saint-denis-immobilier.fr\/en\/wp-json\/wp\/v2\/types\/product"}],"wp:featuredmedia":[{"embeddable":true,"href":"https:\/\/saint-denis-immobilier.fr\/en\/wp-json\/wp\/v2\/media\/12956202"}],"wp:attachment":[{"href":"https:\/\/saint-denis-immobilier.fr\/en\/wp-json\/wp\/v2\/media?parent=12956493"}],"wp:term":[{"taxonomy":"product_brand","embeddable":true,"href":"https:\/\/saint-denis-immobilier.fr\/en\/wp-json\/wp\/v2\/product_brand?post=12956493"},{"taxonomy":"product_cat","embeddable":true,"href":"https:\/\/saint-denis-immobilier.fr\/en\/wp-json\/wp\/v2\/product_cat?post=12956493"},{"taxonomy":"product_tag","embeddable":true,"href":"https:\/\/saint-denis-immobilier.fr\/en\/wp-json\/wp\/v2\/product_tag?post=12956493"},{"taxonomy":"ville","embeddable":true,"href":"https:\/\/saint-denis-immobilier.fr\/en\/wp-json\/wp\/v2\/ville?post=12956493"},{"taxonomy":"code_postal","embeddable":true,"href":"https:\/\/saint-denis-immobilier.fr\/en\/wp-json\/wp\/v2\/code_postal?post=12956493"},{"taxonomy":"mot_cle","embeddable":true,"href":"https:\/\/saint-denis-immobilier.fr\/en\/wp-json\/wp\/v2\/mot_cle?post=12956493"},{"taxonomy":"surface_bien","embeddable":true,"href":"https:\/\/saint-denis-immobilier.fr\/en\/wp-json\/wp\/v2\/surface_bien?post=12956493"},{"taxonomy":"type_produit","embeddable":true,"href":"https:\/\/saint-denis-immobilier.fr\/en\/wp-json\/wp\/v2\/type_produit?post=12956493"},{"taxonomy":"prix_loc","embeddable":true,"href":"https:\/\/saint-denis-immobilier.fr\/en\/wp-json\/wp\/v2\/prix_loc?post=12956493"},{"taxonomy":"prix_transac","embeddable":true,"href":"https:\/\/saint-denis-immobilier.fr\/en\/wp-json\/wp\/v2\/prix_transac?post=12956493"},{"taxonomy":"vendu","embeddable":true,"href":"https:\/\/saint-denis-immobilier.fr\/en\/wp-json\/wp\/v2\/vendu?post=12956493"}],"curies":[{"name":"wp","href":"https:\/\/api.w.org\/{rel}","templated":true}]}}