{"id":12956494,"date":"2026-04-05T09:02:23","date_gmt":"2026-04-05T07:02:23","guid":{"rendered":"https:\/\/saint-denis-immobilier.fr\/transaction-location\/vendu-appartement-st-denis-3-pieces-70-m2\/"},"modified":"2026-04-05T11:02:26","modified_gmt":"2026-04-05T09:02:26","slug":"sold-apartment-st-denis-3-rooms-70-m2","status":"publish","type":"product","link":"https:\/\/saint-denis-immobilier.fr\/en\/transaction-rental\/sold-apartment-st-denis-3-rooms-70-m2\/","title":{"rendered":"<span class=\"sdi_exclu\"><\/span>SOLD!<div class=\"sdi_vendu\"><\/div>  APARTEMENT ST DENIS - 3 room(s) - 70 m2"},"content":{"rendered":"<p>THEATRE GERARD PHILIPE &#8211; A 8 minutes de la gare SNCF RER D et 14 minutes du m\u00e9tro BASILIQUE dans un immeuble r\u00e9cent de 2008 au cinqui\u00e8me \u00e9tage avec ascenseur, un appartement de trois pi\u00e8ces principales comprenant entr\u00e9e, s\u00e9jour avec balcon expos\u00e9 est, cuisine ferm\u00e9e, d\u00e9gagement avec placard, deux chambres, salle de bains, wc s\u00e9par\u00e9s et un parking en sous-sol. Chauffage individuel au gaz. Charges annuelles : 1 779EUR. Honoraires charge vendeur. BON RAPPORT QUALITE PRIX !<br \/>\nEXCLUSIVE!<\/p>\n<p>SOLD!<\/p>\n<div class=\"sdi_vendu\"><\/div>\n<div class=\"column1 halfcolomnproductsingle\">\n<div class=\"prixvente\"><b>Price<\/b>: 189000 \u20ac <\/div>\n<div class=\"prixloyer\"><b>Rent<\/b>\u20ac \/month<\/p>\n<style>.prixloyer {display:none !important;}<\/style>\n<\/div>\n<div class=\"caution\"><b>Deposit<\/b>: \u20ac <\/p>\n<style>.caution {display:none !important;}<\/style>\n<\/div>\n<div class=\"gesmaison\"><b>Em. CO2:\u00a0<\/b> <\/p>\n<style>.gesmaison {display:none !important;}<\/style>\n<\/div>\n<div class=\"gesappart\"><b>Em. CO2:\u00a0<\/b>C <\/div>\n<div class=\"consomaison\"><b>Consumption<\/b>: Kw\/h <\/p>\n<style>.consomaison {display:none !important;}<\/style>\n<\/div>\n<div class=\"consoappart\"><b>Consumption<\/b>: 68 Kw\/h <\/div>\n<div class=\"ville\"><b>City<\/b>93200 ST DENIS<\/div>\n<div class=\"surfacemaison\"><b>Surface<\/b>: m2 <\/p>\n<style>.surfacemaison {display:none !important;}<\/style>\n<\/div>\n<div class=\"surfaceappart\"><b>Surface<\/b>: 70m2 <\/div>\n<div class=\"surfaceimmeuble\"><b>Surface<\/b>: m2 <\/p>\n<style>.surfaceimmeuble {display:none !important;}<\/style>\n<\/div>\n<div class=\"surfaceparking\"><b>Surface<\/b>: m2 <\/p>\n<style>.surfaceparking {display:none !important;}<\/style>\n<\/div>\n<div class=\"surfaceterrain\"><b>Surface<\/b>: m2 <\/p>\n<style>.surfaceterrain {display:none !important;}<\/style>\n<\/div>\n<div class=\"piecesmaison\"><b>Parts<\/b>:  <\/p>\n<style>.piecesmaison {display:none !important;}<\/style>\n<\/div>\n<div class=\"piecesappart\"><b>Parts<\/b>: 3 <\/div>\n<div class=\"piecesimmeuble\"><b>Parts<\/b>: <\/p>\n<style>.piecesimmeuble {display:none !important;}<\/style>\n<\/div>\n<div class=\"sdbmaison\"><b>S. baths<\/b>:  <\/p>\n<style>.sdbmaison {display:none !important;}<\/style>\n<\/div>\n<div class=\"sdbappart\"><b>S. baths<\/b>: 1 <\/div>\n<div class=\"sdemaison\"><b>S. water<\/b>: <\/p>\n<style>.sdemaison {display:none !important;}<\/style>\n<\/div>\n<div class=\"sdeappart\"><b>S. water<\/b>:  <\/p>\n<style>.sdeappart {display:none !important;}<\/style>\n<\/div>\n<div class=\"etagesappart\"><b>Floor<\/b>: 5\/6<\/div>\n<div class=\"etagesmaison\"><b>Floor<\/b>: \/<\/p>\n<style>.etagesmaison {display:none !important;}<\/style>\n<\/div>\n<div class=\"etagesimmeuble\"><b>Floor<\/b>:  <\/p>\n<style>.etagesimmeuble {display:none !important;}<\/style>\n<\/div>\n<\/div>\n<div class=\"column1 halfcolomnproductsingle\">\n<div class=\"assainissementterrain\"><b>Sanitation<\/b>: <\/p>\n<style>.assainissementterrain {display:none !important;}<\/style>\n<\/div>\n<div class=\"construcmaison\"><b>Construc<\/b>:   <\/p>\n<style>.construcmaison {display:none !important;}<\/style>\n<\/div>\n<div class=\"construcappart\"><b>Construc<\/b>2008 Concrete <\/div>\n<div class=\"chambresappart\"><b>Rooms<\/b>: 2<\/div>\n<div class=\"chambresmaison\"><b>Rooms<\/b>: <\/p>\n<style>.chambresmaison {display:none !important;}<\/style>\n<\/div>\n<div class=\"chambresimmeuble\"><b>Rooms<\/b>: <\/p>\n<style>.chambresimmeuble {display:none !important;}<\/style>\n<\/div>\n<div class=\"vuedappart\"><b>View<\/b>:  <\/p>\n<style>.vuedappart {display:none !important;}<\/style>\n<\/div>\n<div class=\"vuemaison\"><b>View<\/b>:  <\/p>\n<style>.vuemaison {display:none !important;}<\/style>\n<\/div>\n<div class=\"fenetresmaison\"><b>Windows<\/b>:\u00a0 <\/p>\n<style>.fenetresmaison {display:none !important;}<\/style>\n<\/div>\n<div class=\"fenetresappart\"><b>Windows<\/b>:\u00a0 <\/p>\n<style>.fenetresappart {display:none !important;}<\/style>\n<\/div>\n<div class=\"chauffagemaison\"><b>Heating<\/b>:  <\/p>\n<style>.chauffagemaison {display:none !important;}<\/style>\n<\/div>\n<div class=\"chauffagemodemaison\"><b>Heating<\/b>: <\/p>\n<style>.chauffagemodemaison {display:none !important;}<\/style>\n<\/div>\n<div class=\"chauffageappart\"><b>Heating<\/b>Individual <\/div>\n<div class=\"chauffagemodeappart\"><b>Heating<\/b>: Gas<\/div>\n<div class=\"cuisinemaison\"><b>Kitchen<\/b>: <\/p>\n<style>.cuisinemaison {display:none !important;}<\/style>\n<\/div>\n<div class=\"cuisineappart\"><b>Kitchen<\/b>: Simple <\/p>\n<style>.cuisineappart {display:none !important;}<\/style>\n<\/div>\n<div class=\"honovente\"><b>Hono<\/b>Seller <\/div>\n<div class=\"honoloc\"><b>Hono<\/b>: \u20ac <\/p>\n<style>.honoloc {display:none !important;}<\/style>\n<\/div>\n<\/div>\n<p>&nbsp;<br \/>\n<img decoding=\"async\" id=\"logoagence\" style=\"max-width: 35%;\" src=\"\/wp-content\/uploads\/2020\/03\/logo-new.png\" \/><strong>\u00a0<\/strong><\/p>\n<div class=\"dpeappart\" style=\"display: none;\"><img decoding=\"async\" src=\"\/wp-content\/uploads\/2020\/03\/DPE-B.png\" \/><\/div>\n<div class=\"dpemaison\" style=\"display: none;\"><\/div>\n<p>342<br \/>\n&nbsp;<br \/>\n<img decoding=\"async\" id=\"logoagence\" style=\"max-width: 35%;\" src=\"\/wp-content\/uploads\/2020\/03\/logo-new.png\" \/><strong>\u00a0<\/strong><\/p>\n<div class=\"dpeappart\" style=\"display: none;\"><img decoding=\"async\" src=\"\/wp-content\/uploads\/2020\/03\/DPE-B.png\" \/><\/div>\n<div class=\"dpemaison\" style=\"display: none;\"><\/div>","protected":false},"excerpt":{"rendered":"<p>  THEATRE GERARD PHILIPE - 8 minutes from the SNCF RER D station and 14 minutes from the BASILIQUE metro station, in a recent 2008 building on the fifth floor with elevator, a three-room apartment comprising entrance hall, living room with east-facing balcony, closed kitchen, hallway with cupboard, two bedrooms, bathroom, separate toilet and basement parking. Individual gas heating. Annual service charges: 1,779EUR. Fees at seller's expense. GOOD VALUE FOR MONEY! EXCLUSIVE !  SOLD !<\/p>\n<div class=\"sdi_vendu\"><\/div>\n<div class=\"column1 halfcolomnproductsingle\">\n<div class=\"prixvente\"><b>Price<\/b>: 189000 \u20ac <\/div>\n<div class=\"prixloyer\"><b>Rent<\/b>\u20ac \/month<\/p>\n<style>.prixloyer {display:none !important;}<\/style>\n<\/div>\n<div class=\"caution\"><b>Deposit<\/b>: \u20ac <\/p>\n<style>.caution {display:none !important;}<\/style>\n<\/div>\n<div class=\"gesmaison\"><b>Em. CO2:\u00a0<\/b> <\/p>\n<style>.gesmaison {display:none !important;}<\/style>\n<\/div>\n<div class=\"gesappart\"><b>Em. CO2:\u00a0<\/b>C <\/div>\n<div class=\"consomaison\"><b>Consumption<\/b>: Kw\/h <\/p>\n<style>.consomaison {display:none !important;}<\/style>\n<\/div>\n<div class=\"consoappart\"><b>Consumption<\/b>: 68 Kw\/h <\/div>\n<div class=\"ville\"><b>City<\/b>93200 ST DENIS<\/div>\n<div class=\"surfacemaison\"><b>Surface<\/b>: m2 <\/p>\n<style>.surfacemaison {display:none !important;}<\/style>\n<\/div>\n<div class=\"surfaceappart\"><b>Surface<\/b>: 70m2 <\/div>\n<div class=\"surfaceimmeuble\"><b>Surface<\/b>: m2 <\/p>\n<style>.surfaceimmeuble {display:none !important;}<\/style>\n<\/div>\n<div class=\"surfaceparking\"><b>Surface<\/b>: m2 <\/p>\n<style>.surfaceparking {display:none !important;}<\/style>\n<\/div>\n<div class=\"surfaceterrain\"><b>Surface<\/b>: m2 <\/p>\n<style>.surfaceterrain {display:none !important;}<\/style>\n<\/div>\n<div class=\"piecesmaison\"><b>Parts<\/b>:  <\/p>\n<style>.piecesmaison {display:none !important;}<\/style>\n<\/div>\n<div class=\"piecesappart\"><b>Parts<\/b>: 3 <\/div>\n<div class=\"piecesimmeuble\"><b>Parts<\/b>: <\/p>\n<style>.piecesimmeuble {display:none !important;}<\/style>\n<\/div>\n<div class=\"sdbmaison\"><b>S. baths<\/b>:  <\/p>\n<style>.sdbmaison {display:none !important;}<\/style>\n<\/div>\n<div class=\"sdbappart\"><b>S. baths<\/b>: 1 <\/div>\n<div class=\"sdemaison\"><b>S. water<\/b>: <\/p>\n<style>.sdemaison {display:none !important;}<\/style>\n<\/div>\n<div class=\"sdeappart\"><b>S. water<\/b>:  <\/p>\n<style>.sdeappart {display:none !important;}<\/style>\n<\/div>\n<div class=\"etagesappart\"><b>Floor<\/b>: 5\/6<\/div>\n<div class=\"etagesmaison\"><b>Floor<\/b>: \/<\/p>\n<style>.etagesmaison {display:none !important;}<\/style>\n<\/div>\n<div class=\"etagesimmeuble\"><b>Floor<\/b>:  <\/p>\n<style>.etagesimmeuble {display:none !important;}<\/style>\n<\/div><\/div>\n<div class=\"column1 halfcolomnproductsingle\">\n<div class=\"assainissementterrain\"><b>Sanitation<\/b>: <\/p>\n<style>.assainissementterrain {display:none !important;}<\/style>\n<\/div>\n<div class=\"construcmaison\"><b>Construc<\/b>:   <\/p>\n<style>.construcmaison {display:none !important;}<\/style>\n<\/div>\n<div class=\"construcappart\"><b>Construc<\/b>2008 Concrete <\/div>\n<div class=\"chambresappart\"><b>Rooms<\/b>: 2<\/div>\n<div class=\"chambresmaison\"><b>Rooms<\/b>: <\/p>\n<style>.chambresmaison {display:none !important;}<\/style>\n<\/div>\n<div class=\"chambresimmeuble\"><b>Rooms<\/b>: <\/p>\n<style>.chambresimmeuble {display:none !important;}<\/style>\n<\/div>\n<div class=\"vuedappart\"><b>View<\/b>:  <\/p>\n<style>.vuedappart {display:none !important;}<\/style>\n<\/div>\n<div class=\"vuemaison\"><b>View<\/b>:  <\/p>\n<style>.vuemaison {display:none !important;}<\/style>\n<\/div>\n<div class=\"fenetresmaison\"><b>Windows<\/b>:\u00a0 <\/p>\n<style>.fenetresmaison {display:none !important;}<\/style>\n<\/div>\n<div class=\"fenetresappart\"><b>Windows<\/b>:\u00a0 <\/p>\n<style>.fenetresappart {display:none !important;}<\/style>\n<\/div>\n<div class=\"chauffagemaison\"><b>Heating<\/b>:  <\/p>\n<style>.chauffagemaison {display:none !important;}<\/style>\n<\/div>\n<div class=\"chauffagemodemaison\"><b>Heating<\/b>: <\/p>\n<style>.chauffagemodemaison {display:none !important;}<\/style>\n<\/div>\n<div class=\"chauffageappart\"><b>Heating<\/b>Individual <\/div>\n<div class=\"chauffagemodeappart\"><b>Heating<\/b>: Gas<\/div>\n<div class=\"cuisinemaison\"><b>Kitchen<\/b>: <\/p>\n<style>.cuisinemaison {display:none !important;}<\/style>\n<\/div>\n<div class=\"cuisineappart\"><b>Kitchen<\/b>: Simple <\/p>\n<style>.cuisineappart {display:none !important;}<\/style>\n<\/div>\n<div class=\"honovente\"><b>Hono<\/b>Seller <\/div>\n<div class=\"honoloc\"><b>Hono<\/b>: \u20ac <\/p>\n<style>.honoloc {display:none !important;}<\/style>\n<\/div><\/div>\n<p> \u00a0  <img decoding=\"async\" id=\"logoagence\" style=\"max-width: 35%;\" src=\"\/wp-content\/uploads\/2020\/03\/logo-new.png\" \/> <\/p>\n<div> Ad ID: 31975623<\/div>\n<div class=\"dpeappart\" style=\"display: none;\"><img decoding=\"async\" src=\"\/wp-content\/uploads\/2020\/03\/DPE-B.png\" \/><\/div>\n<div class=\"dpemaison\" style=\"display: none;\"><\/div>","protected":false},"featured_media":12956211,"template":"","meta":{"_et_pb_use_builder":"on","_et_pb_old_content":"","_et_gb_content_width":""},"product_brand":[],"product_cat":[984],"product_tag":[2290,3581,2293,2291,3689,3595,2292],"ville":[2440],"code_postal":[969],"mot_cle":[2725,967,963,1000,966,964,968,1042,2442,965],"surface_bien":[1072],"type_produit":[2268],"prix_loc":[2285],"prix_transac":[2495],"vendu":[2454],"class_list":{"0":"post-12956494","1":"product","2":"type-product","3":"status-publish","4":"has-post-thumbnail","6":"product_cat-appartement","7":"product_tag-appartement-a-vendre","8":"product_tag-beton","9":"product_tag-immobilier","10":"product_tag-maison-a-vendre","11":"product_tag-saint-denis-theatre-gerard-philipe","12":"product_tag-st-denis","13":"product_tag-transaction","14":"pa_prixtransactionpouralerte-2437","15":"pa_surfacepouralerte-2315","16":"ville-st-denis","17":"code_postal-969","18":"mot_cle-08-m2","19":"mot_cle-967","20":"mot_cle-appartement-a-vendre","21":"mot_cle-beton","22":"mot_cle-immobilier","23":"mot_cle-maison-a-vendre","24":"mot_cle-saint-denis","25":"mot_cle-saint-denis-theatre-gerard-philipe","26":"mot_cle-st-denis","27":"mot_cle-transaction","28":"surface_bien-1072","29":"type_produit-acheter","30":"prix_loc-2285","31":"prix_transac-189000-00","32":"vendu-2454","34":"first","35":"instock","36":"purchasable","37":"product-type-simple"},"yoast_head":"<!-- This site is optimized with the Yoast SEO plugin v27.3 - https:\/\/yoast.com\/product\/yoast-seo-wordpress\/ -->\n<title>A vendre APPARTEMENT ST DENIS - 3 pi\u00e8ce(s) - 70 m2<\/title>\n<meta name=\"description\" content=\"Immobilier A vendreA louer APPARTEMENT ST DENIS - 3 pi\u00e8ce(s) - 70 m2 93 Seine Saint Denis, location et vente\" \/>\n<meta name=\"robots\" content=\"index, follow, max-snippet:-1, max-image-preview:large, max-video-preview:-1\" \/>\n<link rel=\"canonical\" href=\"https:\/\/saint-denis-immobilier.fr\/en\/transaction-rental\/sold-apartment-st-denis-3-rooms-70-m2\/\" \/>\n<meta property=\"og:locale\" content=\"en_US\" \/>\n<meta property=\"og:type\" content=\"article\" \/>\n<meta property=\"og:title\" content=\"A vendre APPARTEMENT ST DENIS - 3 pi\u00e8ce(s) - 70 m2\" \/>\n<meta property=\"og:description\" content=\"Immobilier A vendreA louer APPARTEMENT ST DENIS - 3 pi\u00e8ce(s) - 70 m2 93 Seine Saint Denis, location et vente\" \/>\n<meta property=\"og:url\" content=\"https:\/\/saint-denis-immobilier.fr\/en\/transaction-rental\/sold-apartment-st-denis-3-rooms-70-m2\/\" \/>\n<meta property=\"og:site_name\" content=\"Saint-Denis Immobilier\" \/>\n<meta property=\"article:modified_time\" content=\"2026-04-05T09:02:26+00:00\" \/>\n<meta property=\"og:image\" content=\"https:\/\/saint-denis-immobilier.fr\/wp-content\/uploads\/2025\/12\/2025-065200.jpg\" \/>\n\t<meta property=\"og:image:width\" content=\"800\" \/>\n\t<meta property=\"og:image:height\" content=\"720\" \/>\n\t<meta property=\"og:image:type\" content=\"image\/jpeg\" \/>\n<meta name=\"twitter:card\" content=\"summary_large_image\" \/>\n<meta name=\"twitter:label1\" content=\"Est. reading time\" \/>\n\t<meta name=\"twitter:data1\" content=\"1 minute\" \/>\n<script type=\"application\/ld+json\" class=\"yoast-schema-graph\">{\"@context\":\"https:\\\/\\\/schema.org\",\"@graph\":[{\"@type\":\"WebPage\",\"@id\":\"https:\\\/\\\/saint-denis-immobilier.fr\\\/en\\\/transaction-rental\\\/sold-apartment-st-denis-3-rooms-70-m2\\\/\",\"url\":\"https:\\\/\\\/saint-denis-immobilier.fr\\\/en\\\/transaction-rental\\\/sold-apartment-st-denis-3-rooms-70-m2\\\/\",\"name\":\"A vendre APPARTEMENT ST DENIS - 3 pi\u00e8ce(s) - 70 m2\",\"isPartOf\":{\"@id\":\"https:\\\/\\\/saint-denis-immobilier.fr\\\/#website\"},\"primaryImageOfPage\":{\"@id\":\"https:\\\/\\\/saint-denis-immobilier.fr\\\/en\\\/transaction-rental\\\/sold-apartment-st-denis-3-rooms-70-m2\\\/#primaryimage\"},\"image\":{\"@id\":\"https:\\\/\\\/saint-denis-immobilier.fr\\\/en\\\/transaction-rental\\\/sold-apartment-st-denis-3-rooms-70-m2\\\/#primaryimage\"},\"thumbnailUrl\":\"https:\\\/\\\/saint-denis-immobilier.fr\\\/wp-content\\\/uploads\\\/2025\\\/12\\\/2025-065200.jpg\",\"datePublished\":\"2026-04-05T07:02:23+00:00\",\"dateModified\":\"2026-04-05T09:02:26+00:00\",\"description\":\"Immobilier A vendreA louer APPARTEMENT ST DENIS - 3 pi\u00e8ce(s) - 70 m2 93 Seine Saint Denis, location et vente\",\"breadcrumb\":{\"@id\":\"https:\\\/\\\/saint-denis-immobilier.fr\\\/en\\\/transaction-rental\\\/sold-apartment-st-denis-3-rooms-70-m2\\\/#breadcrumb\"},\"inLanguage\":\"en-US\",\"potentialAction\":[{\"@type\":\"ReadAction\",\"target\":[\"https:\\\/\\\/saint-denis-immobilier.fr\\\/en\\\/transaction-rental\\\/sold-apartment-st-denis-3-rooms-70-m2\\\/\"]}]},{\"@type\":\"ImageObject\",\"inLanguage\":\"en-US\",\"@id\":\"https:\\\/\\\/saint-denis-immobilier.fr\\\/en\\\/transaction-rental\\\/sold-apartment-st-denis-3-rooms-70-m2\\\/#primaryimage\",\"url\":\"https:\\\/\\\/saint-denis-immobilier.fr\\\/wp-content\\\/uploads\\\/2025\\\/12\\\/2025-065200.jpg\",\"contentUrl\":\"https:\\\/\\\/saint-denis-immobilier.fr\\\/wp-content\\\/uploads\\\/2025\\\/12\\\/2025-065200.jpg\",\"width\":800,\"height\":720,\"caption\":\"Saint Denis Immobilier\"},{\"@type\":\"BreadcrumbList\",\"@id\":\"https:\\\/\\\/saint-denis-immobilier.fr\\\/en\\\/transaction-rental\\\/sold-apartment-st-denis-3-rooms-70-m2\\\/#breadcrumb\",\"itemListElement\":[{\"@type\":\"ListItem\",\"position\":1,\"name\":\"Home\",\"item\":\"https:\\\/\\\/saint-denis-immobilier.fr\\\/\"},{\"@type\":\"ListItem\",\"position\":2,\"name\":\"Nos biens \u00e0 la vente\",\"item\":\"https:\\\/\\\/saint-denis-immobilier.fr\\\/biens\\\/\"},{\"@type\":\"ListItem\",\"position\":3,\"name\":\"VENDU ! APPARTEMENT ST DENIS &#8211; 3 pi\u00e8ce(s) &#8211; 70 m2\"}]},{\"@type\":\"WebSite\",\"@id\":\"https:\\\/\\\/saint-denis-immobilier.fr\\\/#website\",\"url\":\"https:\\\/\\\/saint-denis-immobilier.fr\\\/\",\"name\":\"Saint-Denis Immobilier\",\"description\":\"agence immobiliere \u00e0 Saint-Denis\",\"publisher\":{\"@id\":\"https:\\\/\\\/saint-denis-immobilier.fr\\\/#organization\"},\"potentialAction\":[{\"@type\":\"SearchAction\",\"target\":{\"@type\":\"EntryPoint\",\"urlTemplate\":\"https:\\\/\\\/saint-denis-immobilier.fr\\\/?s={search_term_string}\"},\"query-input\":{\"@type\":\"PropertyValueSpecification\",\"valueRequired\":true,\"valueName\":\"search_term_string\"}}],\"inLanguage\":\"en-US\"},{\"@type\":\"Organization\",\"@id\":\"https:\\\/\\\/saint-denis-immobilier.fr\\\/#organization\",\"name\":\"Saint-Denis Immobilier\",\"url\":\"https:\\\/\\\/saint-denis-immobilier.fr\\\/\",\"logo\":{\"@type\":\"ImageObject\",\"inLanguage\":\"en-US\",\"@id\":\"https:\\\/\\\/saint-denis-immobilier.fr\\\/#\\\/schema\\\/logo\\\/image\\\/\",\"url\":\"https:\\\/\\\/www.saint-denis-immobilier.fr\\\/wp-content\\\/uploads\\\/2020\\\/02\\\/logo-new-cropped.png\",\"contentUrl\":\"https:\\\/\\\/www.saint-denis-immobilier.fr\\\/wp-content\\\/uploads\\\/2020\\\/02\\\/logo-new-cropped.png\",\"width\":452,\"height\":469,\"caption\":\"Saint-Denis Immobilier\"},\"image\":{\"@id\":\"https:\\\/\\\/saint-denis-immobilier.fr\\\/#\\\/schema\\\/logo\\\/image\\\/\"}}]}<\/script>\n<!-- \/ Yoast SEO plugin. -->","yoast_head_json":{"title":"For sale APARTEMENT ST DENIS - 3 room(s) - 70 m2","description":"Real Estate For SaleFor Rent APARTMENT ST DENIS - 3 room(s) - 70 m2 93 Seine Saint Denis, rental and sale","robots":{"index":"index","follow":"follow","max-snippet":"max-snippet:-1","max-image-preview":"max-image-preview:large","max-video-preview":"max-video-preview:-1"},"canonical":"https:\/\/saint-denis-immobilier.fr\/en\/transaction-rental\/sold-apartment-st-denis-3-rooms-70-m2\/","og_locale":"en_US","og_type":"article","og_title":"A vendre APPARTEMENT ST DENIS - 3 pi\u00e8ce(s) - 70 m2","og_description":"Immobilier A vendreA louer APPARTEMENT ST DENIS - 3 pi\u00e8ce(s) - 70 m2 93 Seine Saint Denis, location et vente","og_url":"https:\/\/saint-denis-immobilier.fr\/en\/transaction-rental\/sold-apartment-st-denis-3-rooms-70-m2\/","og_site_name":"Saint-Denis Immobilier","article_modified_time":"2026-04-05T09:02:26+00:00","og_image":[{"width":800,"height":720,"url":"https:\/\/saint-denis-immobilier.fr\/wp-content\/uploads\/2025\/12\/2025-065200.jpg","type":"image\/jpeg"}],"twitter_card":"summary_large_image","twitter_misc":{"Est. reading time":"1 minute"},"schema":{"@context":"https:\/\/schema.org","@graph":[{"@type":"WebPage","@id":"https:\/\/saint-denis-immobilier.fr\/en\/transaction-rental\/sold-apartment-st-denis-3-rooms-70-m2\/","url":"https:\/\/saint-denis-immobilier.fr\/en\/transaction-rental\/sold-apartment-st-denis-3-rooms-70-m2\/","name":"For sale APARTEMENT ST DENIS - 3 room(s) - 70 m2","isPartOf":{"@id":"https:\/\/saint-denis-immobilier.fr\/#website"},"primaryImageOfPage":{"@id":"https:\/\/saint-denis-immobilier.fr\/en\/transaction-rental\/sold-apartment-st-denis-3-rooms-70-m2\/#primaryimage"},"image":{"@id":"https:\/\/saint-denis-immobilier.fr\/en\/transaction-rental\/sold-apartment-st-denis-3-rooms-70-m2\/#primaryimage"},"thumbnailUrl":"https:\/\/saint-denis-immobilier.fr\/wp-content\/uploads\/2025\/12\/2025-065200.jpg","datePublished":"2026-04-05T07:02:23+00:00","dateModified":"2026-04-05T09:02:26+00:00","description":"Real Estate For SaleFor Rent APARTMENT ST DENIS - 3 room(s) - 70 m2 93 Seine Saint Denis, rental and sale","breadcrumb":{"@id":"https:\/\/saint-denis-immobilier.fr\/en\/transaction-rental\/sold-apartment-st-denis-3-rooms-70-m2\/#breadcrumb"},"inLanguage":"en-US","potentialAction":[{"@type":"ReadAction","target":["https:\/\/saint-denis-immobilier.fr\/en\/transaction-rental\/sold-apartment-st-denis-3-rooms-70-m2\/"]}]},{"@type":"ImageObject","inLanguage":"en-US","@id":"https:\/\/saint-denis-immobilier.fr\/en\/transaction-rental\/sold-apartment-st-denis-3-rooms-70-m2\/#primaryimage","url":"https:\/\/saint-denis-immobilier.fr\/wp-content\/uploads\/2025\/12\/2025-065200.jpg","contentUrl":"https:\/\/saint-denis-immobilier.fr\/wp-content\/uploads\/2025\/12\/2025-065200.jpg","width":800,"height":720,"caption":"Saint Denis Immobilier"},{"@type":"BreadcrumbList","@id":"https:\/\/saint-denis-immobilier.fr\/en\/transaction-rental\/sold-apartment-st-denis-3-rooms-70-m2\/#breadcrumb","itemListElement":[{"@type":"ListItem","position":1,"name":"Home","item":"https:\/\/saint-denis-immobilier.fr\/"},{"@type":"ListItem","position":2,"name":"Nos biens \u00e0 la vente","item":"https:\/\/saint-denis-immobilier.fr\/biens\/"},{"@type":"ListItem","position":3,"name":"VENDU ! APPARTEMENT ST DENIS &#8211; 3 pi\u00e8ce(s) &#8211; 70 m2"}]},{"@type":"WebSite","@id":"https:\/\/saint-denis-immobilier.fr\/#website","url":"https:\/\/saint-denis-immobilier.fr\/","name":"Saint-Denis Immobilier","description":"real estate agency in Saint-Denis","publisher":{"@id":"https:\/\/saint-denis-immobilier.fr\/#organization"},"potentialAction":[{"@type":"SearchAction","target":{"@type":"EntryPoint","urlTemplate":"https:\/\/saint-denis-immobilier.fr\/?s={search_term_string}"},"query-input":{"@type":"PropertyValueSpecification","valueRequired":true,"valueName":"search_term_string"}}],"inLanguage":"en-US"},{"@type":"Organization","@id":"https:\/\/saint-denis-immobilier.fr\/#organization","name":"Saint-Denis Immobilier","url":"https:\/\/saint-denis-immobilier.fr\/","logo":{"@type":"ImageObject","inLanguage":"en-US","@id":"https:\/\/saint-denis-immobilier.fr\/#\/schema\/logo\/image\/","url":"https:\/\/www.saint-denis-immobilier.fr\/wp-content\/uploads\/2020\/02\/logo-new-cropped.png","contentUrl":"https:\/\/www.saint-denis-immobilier.fr\/wp-content\/uploads\/2020\/02\/logo-new-cropped.png","width":452,"height":469,"caption":"Saint-Denis Immobilier"},"image":{"@id":"https:\/\/saint-denis-immobilier.fr\/#\/schema\/logo\/image\/"}}]}},"_links":{"self":[{"href":"https:\/\/saint-denis-immobilier.fr\/en\/wp-json\/wp\/v2\/product\/12956494","targetHints":{"allow":["GET"]}}],"collection":[{"href":"https:\/\/saint-denis-immobilier.fr\/en\/wp-json\/wp\/v2\/product"}],"about":[{"href":"https:\/\/saint-denis-immobilier.fr\/en\/wp-json\/wp\/v2\/types\/product"}],"wp:featuredmedia":[{"embeddable":true,"href":"https:\/\/saint-denis-immobilier.fr\/en\/wp-json\/wp\/v2\/media\/12956211"}],"wp:attachment":[{"href":"https:\/\/saint-denis-immobilier.fr\/en\/wp-json\/wp\/v2\/media?parent=12956494"}],"wp:term":[{"taxonomy":"product_brand","embeddable":true,"href":"https:\/\/saint-denis-immobilier.fr\/en\/wp-json\/wp\/v2\/product_brand?post=12956494"},{"taxonomy":"product_cat","embeddable":true,"href":"https:\/\/saint-denis-immobilier.fr\/en\/wp-json\/wp\/v2\/product_cat?post=12956494"},{"taxonomy":"product_tag","embeddable":true,"href":"https:\/\/saint-denis-immobilier.fr\/en\/wp-json\/wp\/v2\/product_tag?post=12956494"},{"taxonomy":"ville","embeddable":true,"href":"https:\/\/saint-denis-immobilier.fr\/en\/wp-json\/wp\/v2\/ville?post=12956494"},{"taxonomy":"code_postal","embeddable":true,"href":"https:\/\/saint-denis-immobilier.fr\/en\/wp-json\/wp\/v2\/code_postal?post=12956494"},{"taxonomy":"mot_cle","embeddable":true,"href":"https:\/\/saint-denis-immobilier.fr\/en\/wp-json\/wp\/v2\/mot_cle?post=12956494"},{"taxonomy":"surface_bien","embeddable":true,"href":"https:\/\/saint-denis-immobilier.fr\/en\/wp-json\/wp\/v2\/surface_bien?post=12956494"},{"taxonomy":"type_produit","embeddable":true,"href":"https:\/\/saint-denis-immobilier.fr\/en\/wp-json\/wp\/v2\/type_produit?post=12956494"},{"taxonomy":"prix_loc","embeddable":true,"href":"https:\/\/saint-denis-immobilier.fr\/en\/wp-json\/wp\/v2\/prix_loc?post=12956494"},{"taxonomy":"prix_transac","embeddable":true,"href":"https:\/\/saint-denis-immobilier.fr\/en\/wp-json\/wp\/v2\/prix_transac?post=12956494"},{"taxonomy":"vendu","embeddable":true,"href":"https:\/\/saint-denis-immobilier.fr\/en\/wp-json\/wp\/v2\/vendu?post=12956494"}],"curies":[{"name":"wp","href":"https:\/\/api.w.org\/{rel}","templated":true}]}}