{"id":12956496,"date":"2026-04-05T16:02:24","date_gmt":"2026-04-05T14:02:24","guid":{"rendered":"https:\/\/saint-denis-immobilier.fr\/transaction-location\/vendu-appartement-st-denis-1-pieces-16-77-m2\/"},"modified":"2026-04-05T18:02:24","modified_gmt":"2026-04-05T16:02:24","slug":"se-vende-piso-st-denis-1-habitaciones-16-77-m2","status":"publish","type":"product","link":"https:\/\/saint-denis-immobilier.fr\/es\/operacion-de-alquiler\/se-vende-piso-st-denis-1-habitaciones-16-77-m2\/","title":{"rendered":"<span class=\"sdi_exclu\"><\/span>\u00a1VENDIDO!<div class=\"sdi_vendu\"><\/div>  APARTEMENT ST DENIS - 1 habitaci\u00f3n(es) - 16.77 m2"},"content":{"rendered":"<p>CARREFOUR PLEYEL - Al pie de la estaci\u00f3n de metro de la l\u00ednea 13 Carrefour Pleyel. En una residencia reciente con conserje y ascensor, a nivel del jard\u00edn, se vende en ALQUILER un estudio compuesto por un hall de entrada con armario, una sala de estar con cocina americana orientada al noroeste, un cuarto de ducha con WC y una terraza exterior sin vistas. Gastos anuales: 1236EUR Gastos a cargo del comprador. \u00a1INVERSI\u00d3N IDEAL!<br \/>\nEXCLUSIVA<\/p>\n<p>\u00a1VENDIDO!<\/p>\n<div class=\"sdi_vendu\"><\/div>\n<div class=\"column1 halfcolomnproductsingle\">\n<div class=\"prixvente\"><b>Precios<\/b>: 95000 \u20ac <\/div>\n<div class=\"prixloyer\"><b>Alquiler<\/b>: \u20ac \/mes<\/p>\n<style>.prixloyer {display:none !important;}<\/style>\n<\/div>\n<div class=\"caution\"><b>Dep\u00f3sito<\/b>: \u20ac <\/p>\n<style>.caution {display:none !important;}<\/style>\n<\/div>\n<div class=\"gesmaison\"><b>Em. CO2:\u00a0<\/b> <\/p>\n<style>.gesmaison {display:none !important;}<\/style>\n<\/div>\n<div class=\"gesappart\"><b>Em. CO2:\u00a0<\/b> <\/p>\n<style>.gesappart {display:none !important;}<\/style>\n<\/div>\n<div class=\"consomaison\"><b>Consumo<\/b>Kw\/h <\/p>\n<style>.consomaison {display:none !important;}<\/style>\n<\/div>\n<div class=\"consoappart\"><b>Consumo<\/b>Kw\/h <\/p>\n<style>.consoappart {display:none !important;}<\/style>\n<\/div>\n<div class=\"ville\"><b>Ciudad<\/b>93200 ST DENIS<\/div>\n<div class=\"surfacemaison\"><b>Superficie<\/b>: m2 <\/p>\n<style>.surfacemaison {display:none !important;}<\/style>\n<\/div>\n<div class=\"surfaceappart\"><b>Superficie<\/b>: 17m2 <\/div>\n<div class=\"surfaceimmeuble\"><b>Superficie<\/b>: m2 <\/p>\n<style>.surfaceimmeuble {display:none !important;}<\/style>\n<\/div>\n<div class=\"surfaceparking\"><b>Superficie<\/b>: m2 <\/p>\n<style>.surfaceparking {display:none !important;}<\/style>\n<\/div>\n<div class=\"surfaceterrain\"><b>Superficie<\/b>: m2 <\/p>\n<style>.surfaceterrain {display:none !important;}<\/style>\n<\/div>\n<div class=\"piecesmaison\"><b>Piezas<\/b>:  <\/p>\n<style>.piecesmaison {display:none !important;}<\/style>\n<\/div>\n<div class=\"piecesappart\"><b>Piezas<\/b>: 1 <\/div>\n<div class=\"piecesimmeuble\"><b>Piezas<\/b>: <\/p>\n<style>.piecesimmeuble {display:none !important;}<\/style>\n<\/div>\n<div class=\"sdbmaison\"><b>Ba\u00f1os S.<\/b>:  <\/p>\n<style>.sdbmaison {display:none !important;}<\/style>\n<\/div>\n<div class=\"sdbappart\"><b>Ba\u00f1os S.<\/b>: 0 <\/p>\n<style>.sdbappart {display:none !important;}<\/style>\n<\/div>\n<div class=\"sdemaison\"><b>S. agua<\/b>: <\/p>\n<style>.sdemaison {display:none !important;}<\/style>\n<\/div>\n<div class=\"sdeappart\"><b>S. agua<\/b>: 1 <\/div>\n<div class=\"etagesappart\"><b>Suelo<\/b>: 0\/6<\/p>\n<style>.etagesappart {display:none !important;}<\/style>\n<\/div>\n<div class=\"etagesmaison\"><b>Suelo<\/b>: \/<\/p>\n<style>.etagesmaison {display:none !important;}<\/style>\n<\/div>\n<div class=\"etagesimmeuble\"><b>Suelo<\/b>:  <\/p>\n<style>.etagesimmeuble {display:none !important;}<\/style>\n<\/div>\n<\/div>\n<div class=\"column1 halfcolomnproductsingle\">\n<div class=\"assainissementterrain\"><b>Saneamiento<\/b>: <\/p>\n<style>.assainissementterrain {display:none !important;}<\/style>\n<\/div>\n<div class=\"construcmaison\"><b>Construcci\u00f3n<\/b>:   <\/p>\n<style>.construcmaison {display:none !important;}<\/style>\n<\/div>\n<div class=\"construcappart\"><b>Construcci\u00f3n<\/b>: 1996  <\/div>\n<div class=\"chambresappart\"><b>Habitaciones<\/b>: 0<\/p>\n<style>.chambresappart {display:none !important;}<\/style>\n<\/div>\n<div class=\"chambresmaison\"><b>Habitaciones<\/b>: <\/p>\n<style>.chambresmaison {display:none !important;}<\/style>\n<\/div>\n<div class=\"chambresimmeuble\"><b>Habitaciones<\/b>: <\/p>\n<style>.chambresimmeuble {display:none !important;}<\/style>\n<\/div>\n<div class=\"vuedappart\"><b>Ver<\/b>:  <\/p>\n<style>.vuedappart {display:none !important;}<\/style>\n<\/div>\n<div class=\"vuemaison\"><b>Ver<\/b>:  <\/p>\n<style>.vuemaison {display:none !important;}<\/style>\n<\/div>\n<div class=\"fenetresmaison\"><b>Windows<\/b>:\u00a0 <\/p>\n<style>.fenetresmaison {display:none !important;}<\/style>\n<\/div>\n<div class=\"fenetresappart\"><b>Windows<\/b>:\u00a0 <\/p>\n<style>.fenetresappart {display:none !important;}<\/style>\n<\/div>\n<div class=\"chauffagemaison\"><b>Calefacci\u00f3n<\/b>:  <\/p>\n<style>.chauffagemaison {display:none !important;}<\/style>\n<\/div>\n<div class=\"chauffagemodemaison\"><b>Calefacci\u00f3n<\/b>: <\/p>\n<style>.chauffagemodemaison {display:none !important;}<\/style>\n<\/div>\n<div class=\"chauffageappart\"><b>Calefacci\u00f3n<\/b>Individual <\/div>\n<div class=\"chauffagemodeappart\"><b>Calefacci\u00f3n<\/b>El\u00e9ctrico<\/div>\n<div class=\"cuisinemaison\"><b>Cocina<\/b>: <\/p>\n<style>.cuisinemaison {display:none !important;}<\/style>\n<\/div>\n<div class=\"cuisineappart\"><b>Cocina<\/b>: Kitchenet <\/p>\n<style>.cuisineappart {display:none !important;}<\/style>\n<\/div>\n<div class=\"honovente\"><b>Hono<\/b>: Vendedor <\/div>\n<div class=\"honoloc\"><b>Hono<\/b>: \u20ac <\/p>\n<style>.honoloc {display:none !important;}<\/style>\n<\/div>\n<\/div>\n<p>&nbsp;<br \/>\n<img decoding=\"async\" id=\"logoagence\" style=\"max-width: 35%;\" src=\"\/wp-content\/uploads\/2020\/03\/logo-new.png\" \/><strong>\u00a0<\/strong><\/p>\n<div class=\"dpeappart\" style=\"display: none;\"><img decoding=\"async\" src=\"\/wp-content\/uploads\/2020\/03\/DPE-vierge.png\" \/><\/div>\n<div class=\"dpemaison\" style=\"display: none;\"><\/div>\n<p>271<br \/>\n&nbsp;<br \/>\n<img decoding=\"async\" id=\"logoagence\" style=\"max-width: 35%;\" src=\"\/wp-content\/uploads\/2020\/03\/logo-new.png\" \/><strong>\u00a0<\/strong><\/p>\n<div class=\"dpeappart\" style=\"display: none;\"><img decoding=\"async\" src=\"\/wp-content\/uploads\/2020\/03\/DPE-vierge.png\" \/><\/div>\n<div class=\"dpemaison\" style=\"display: none;\"><\/div>","protected":false},"excerpt":{"rendered":"<p>  CARREFOUR PLEYEL - Al pie de la l\u00ednea de metro 13 Carrefour Pleyel estaci\u00f3n. En una residencia reciente con conserje y ascensor, a nivel del jard\u00edn, se vende ALQUILER un estudio compuesto por un hall de entrada con armario, una sala de estar con cocina americana orientada al noroeste, un cuarto de ducha con WC y una terraza exterior sin vistas. Cargas anuales: 1236EUR Cargas a cargo del comprador. \u00a1IDEAL INVERSI\u00d3N! \u00a1EXCLUSIVO!  \u00a1VENDIDO!<\/p>\n<div class=\"sdi_vendu\"><\/div>\n<div class=\"column1 halfcolomnproductsingle\">\n<div class=\"prixvente\"><b>Precios<\/b>: 95000 \u20ac <\/div>\n<div class=\"prixloyer\"><b>Alquiler<\/b>: \u20ac \/mes<\/p>\n<style>.prixloyer {display:none !important;}<\/style>\n<\/div>\n<div class=\"caution\"><b>Dep\u00f3sito<\/b>: \u20ac <\/p>\n<style>.caution {display:none !important;}<\/style>\n<\/div>\n<div class=\"gesmaison\"><b>Em. CO2:\u00a0<\/b> <\/p>\n<style>.gesmaison {display:none !important;}<\/style>\n<\/div>\n<div class=\"gesappart\"><b>Em. CO2:\u00a0<\/b> <\/p>\n<style>.gesappart {display:none !important;}<\/style>\n<\/div>\n<div class=\"consomaison\"><b>Consumo<\/b>Kw\/h <\/p>\n<style>.consomaison {display:none !important;}<\/style>\n<\/div>\n<div class=\"consoappart\"><b>Consumo<\/b>Kw\/h <\/p>\n<style>.consoappart {display:none !important;}<\/style>\n<\/div>\n<div class=\"ville\"><b>Ciudad<\/b>93200 ST DENIS<\/div>\n<div class=\"surfacemaison\"><b>Superficie<\/b>: m2 <\/p>\n<style>.surfacemaison {display:none !important;}<\/style>\n<\/div>\n<div class=\"surfaceappart\"><b>Superficie<\/b>: 17m2 <\/div>\n<div class=\"surfaceimmeuble\"><b>Superficie<\/b>: m2 <\/p>\n<style>.surfaceimmeuble {display:none !important;}<\/style>\n<\/div>\n<div class=\"surfaceparking\"><b>Superficie<\/b>: m2 <\/p>\n<style>.surfaceparking {display:none !important;}<\/style>\n<\/div>\n<div class=\"surfaceterrain\"><b>Superficie<\/b>: m2 <\/p>\n<style>.surfaceterrain {display:none !important;}<\/style>\n<\/div>\n<div class=\"piecesmaison\"><b>Piezas<\/b>:  <\/p>\n<style>.piecesmaison {display:none !important;}<\/style>\n<\/div>\n<div class=\"piecesappart\"><b>Piezas<\/b>: 1 <\/div>\n<div class=\"piecesimmeuble\"><b>Piezas<\/b>: <\/p>\n<style>.piecesimmeuble {display:none !important;}<\/style>\n<\/div>\n<div class=\"sdbmaison\"><b>Ba\u00f1os S.<\/b>:  <\/p>\n<style>.sdbmaison {display:none !important;}<\/style>\n<\/div>\n<div class=\"sdbappart\"><b>Ba\u00f1os S.<\/b>: 0 <\/p>\n<style>.sdbappart {display:none !important;}<\/style>\n<\/div>\n<div class=\"sdemaison\"><b>S. agua<\/b>: <\/p>\n<style>.sdemaison {display:none !important;}<\/style>\n<\/div>\n<div class=\"sdeappart\"><b>S. agua<\/b>: 1 <\/div>\n<div class=\"etagesappart\"><b>Suelo<\/b>: 0\/6<\/p>\n<style>.etagesappart {display:none !important;}<\/style>\n<\/div>\n<div class=\"etagesmaison\"><b>Suelo<\/b>: \/<\/p>\n<style>.etagesmaison {display:none !important;}<\/style>\n<\/div>\n<div class=\"etagesimmeuble\"><b>Suelo<\/b>:  <\/p>\n<style>.etagesimmeuble {display:none !important;}<\/style>\n<\/div><\/div>\n<div class=\"column1 halfcolomnproductsingle\">\n<div class=\"assainissementterrain\"><b>Saneamiento<\/b>: <\/p>\n<style>.assainissementterrain {display:none !important;}<\/style>\n<\/div>\n<div class=\"construcmaison\"><b>Construcci\u00f3n<\/b>:   <\/p>\n<style>.construcmaison {display:none !important;}<\/style>\n<\/div>\n<div class=\"construcappart\"><b>Construcci\u00f3n<\/b>: 1996  <\/div>\n<div class=\"chambresappart\"><b>Habitaciones<\/b>: 0<\/p>\n<style>.chambresappart {display:none !important;}<\/style>\n<\/div>\n<div class=\"chambresmaison\"><b>Habitaciones<\/b>: <\/p>\n<style>.chambresmaison {display:none !important;}<\/style>\n<\/div>\n<div class=\"chambresimmeuble\"><b>Habitaciones<\/b>: <\/p>\n<style>.chambresimmeuble {display:none !important;}<\/style>\n<\/div>\n<div class=\"vuedappart\"><b>Ver<\/b>:  <\/p>\n<style>.vuedappart {display:none !important;}<\/style>\n<\/div>\n<div class=\"vuemaison\"><b>Ver<\/b>:  <\/p>\n<style>.vuemaison {display:none !important;}<\/style>\n<\/div>\n<div class=\"fenetresmaison\"><b>Windows<\/b>:\u00a0 <\/p>\n<style>.fenetresmaison {display:none !important;}<\/style>\n<\/div>\n<div class=\"fenetresappart\"><b>Windows<\/b>:\u00a0 <\/p>\n<style>.fenetresappart {display:none !important;}<\/style>\n<\/div>\n<div class=\"chauffagemaison\"><b>Calefacci\u00f3n<\/b>:  <\/p>\n<style>.chauffagemaison {display:none !important;}<\/style>\n<\/div>\n<div class=\"chauffagemodemaison\"><b>Calefacci\u00f3n<\/b>: <\/p>\n<style>.chauffagemodemaison {display:none !important;}<\/style>\n<\/div>\n<div class=\"chauffageappart\"><b>Calefacci\u00f3n<\/b>Individual <\/div>\n<div class=\"chauffagemodeappart\"><b>Calefacci\u00f3n<\/b>El\u00e9ctrico<\/div>\n<div class=\"cuisinemaison\"><b>Cocina<\/b>: <\/p>\n<style>.cuisinemaison {display:none !important;}<\/style>\n<\/div>\n<div class=\"cuisineappart\"><b>Cocina<\/b>: Kitchenet <\/p>\n<style>.cuisineappart {display:none !important;}<\/style>\n<\/div>\n<div class=\"honovente\"><b>Hono<\/b>: Vendedor <\/div>\n<div class=\"honoloc\"><b>Hono<\/b>: \u20ac <\/p>\n<style>.honoloc {display:none !important;}<\/style>\n<\/div><\/div>\n<p> \u00a0  <img decoding=\"async\" id=\"logoagence\" style=\"max-width: 35%;\" src=\"\/wp-content\/uploads\/2020\/03\/logo-new.png\" \/> <\/p>\n<div> Id del anuncio: 31975481<\/div>\n<div class=\"dpeappart\" style=\"display: none;\"><img decoding=\"async\" src=\"\/wp-content\/uploads\/2020\/03\/DPE-vierge.png\" \/><\/div>\n<div class=\"dpemaison\" style=\"display: none;\"><\/div>","protected":false},"featured_media":12956225,"template":"","meta":{"_et_pb_use_builder":"on","_et_pb_old_content":"","_et_gb_content_width":""},"product_brand":[],"product_cat":[984],"product_tag":[2641,2290,2293,2291,2288,3595,2292],"ville":[2440],"code_postal":[969],"mot_cle":[2725,967,963,966,964,968,2442,965],"surface_bien":[2449],"type_produit":[2268],"prix_loc":[2285],"prix_transac":[2450],"vendu":[2454],"class_list":{"0":"post-12956496","1":"product","2":"type-product","3":"status-publish","4":"has-post-thumbnail","6":"product_cat-appartement","7":"product_tag-ales-appartement-a-vendre-maison-a-vendre-transaction-immobilier","8":"product_tag-appartement-a-vendre","9":"product_tag-immobilier","10":"product_tag-maison-a-vendre","11":"product_tag-saint-denis","12":"product_tag-st-denis","13":"product_tag-transaction","14":"pa_prixtransactionpouralerte-2438","15":"pa_surfacepouralerte-2351","16":"ville-st-denis","17":"code_postal-969","18":"mot_cle-08-m2","19":"mot_cle-967","20":"mot_cle-appartement-a-vendre","21":"mot_cle-immobilier","22":"mot_cle-maison-a-vendre","23":"mot_cle-saint-denis","24":"mot_cle-st-denis","25":"mot_cle-transaction","26":"surface_bien-16-77","27":"type_produit-acheter","28":"prix_loc-2285","29":"prix_transac-95000-00","30":"vendu-2454","32":"first","33":"instock","34":"purchasable","35":"product-type-simple"},"yoast_head":"<!-- This site is optimized with the Yoast SEO plugin v27.3 - https:\/\/yoast.com\/product\/yoast-seo-wordpress\/ -->\n<title>A vendre APPARTEMENT ST DENIS - 1 pi\u00e8ce(s) - 16.77 m2<\/title>\n<meta name=\"description\" content=\"Immobilier A vendreA louer APPARTEMENT ST DENIS - 1 pi\u00e8ce(s) - 16.77 m2 93 Seine Saint Denis, location et vente\" \/>\n<meta name=\"robots\" content=\"index, follow, max-snippet:-1, max-image-preview:large, max-video-preview:-1\" \/>\n<link rel=\"canonical\" href=\"https:\/\/saint-denis-immobilier.fr\/es\/operacion-de-alquiler\/se-vende-piso-st-denis-1-habitaciones-16-77-m2\/\" \/>\n<meta property=\"og:locale\" content=\"es_ES\" \/>\n<meta property=\"og:type\" content=\"article\" \/>\n<meta property=\"og:title\" content=\"A vendre APPARTEMENT ST DENIS - 1 pi\u00e8ce(s) - 16.77 m2\" \/>\n<meta property=\"og:description\" content=\"Immobilier A vendreA louer APPARTEMENT ST DENIS - 1 pi\u00e8ce(s) - 16.77 m2 93 Seine Saint Denis, location et vente\" \/>\n<meta property=\"og:url\" content=\"https:\/\/saint-denis-immobilier.fr\/es\/operacion-de-alquiler\/se-vende-piso-st-denis-1-habitaciones-16-77-m2\/\" \/>\n<meta property=\"og:site_name\" content=\"Saint-Denis Immobilier\" \/>\n<meta property=\"article:modified_time\" content=\"2026-04-05T16:02:24+00:00\" \/>\n<meta property=\"og:image\" content=\"https:\/\/saint-denis-immobilier.fr\/wp-content\/uploads\/2025\/12\/2025-065021.jpg\" \/>\n\t<meta property=\"og:image:width\" content=\"800\" \/>\n\t<meta property=\"og:image:height\" content=\"533\" \/>\n\t<meta property=\"og:image:type\" content=\"image\/jpeg\" \/>\n<meta name=\"twitter:card\" content=\"summary_large_image\" \/>\n<meta name=\"twitter:label1\" content=\"Tiempo de lectura\" \/>\n\t<meta name=\"twitter:data1\" content=\"1 minuto\" \/>\n<script type=\"application\/ld+json\" class=\"yoast-schema-graph\">{\"@context\":\"https:\\\/\\\/schema.org\",\"@graph\":[{\"@type\":\"WebPage\",\"@id\":\"https:\\\/\\\/saint-denis-immobilier.fr\\\/es\\\/operacion-de-alquiler\\\/se-vende-piso-st-denis-1-habitaciones-16-77-m2\\\/\",\"url\":\"https:\\\/\\\/saint-denis-immobilier.fr\\\/es\\\/operacion-de-alquiler\\\/se-vende-piso-st-denis-1-habitaciones-16-77-m2\\\/\",\"name\":\"A vendre APPARTEMENT ST DENIS - 1 pi\u00e8ce(s) - 16.77 m2\",\"isPartOf\":{\"@id\":\"https:\\\/\\\/saint-denis-immobilier.fr\\\/#website\"},\"primaryImageOfPage\":{\"@id\":\"https:\\\/\\\/saint-denis-immobilier.fr\\\/es\\\/operacion-de-alquiler\\\/se-vende-piso-st-denis-1-habitaciones-16-77-m2\\\/#primaryimage\"},\"image\":{\"@id\":\"https:\\\/\\\/saint-denis-immobilier.fr\\\/es\\\/operacion-de-alquiler\\\/se-vende-piso-st-denis-1-habitaciones-16-77-m2\\\/#primaryimage\"},\"thumbnailUrl\":\"https:\\\/\\\/saint-denis-immobilier.fr\\\/wp-content\\\/uploads\\\/2025\\\/12\\\/2025-065021.jpg\",\"datePublished\":\"2026-04-05T14:02:24+00:00\",\"dateModified\":\"2026-04-05T16:02:24+00:00\",\"description\":\"Immobilier A vendreA louer APPARTEMENT ST DENIS - 1 pi\u00e8ce(s) - 16.77 m2 93 Seine Saint Denis, location et vente\",\"breadcrumb\":{\"@id\":\"https:\\\/\\\/saint-denis-immobilier.fr\\\/es\\\/operacion-de-alquiler\\\/se-vende-piso-st-denis-1-habitaciones-16-77-m2\\\/#breadcrumb\"},\"inLanguage\":\"es\",\"potentialAction\":[{\"@type\":\"ReadAction\",\"target\":[\"https:\\\/\\\/saint-denis-immobilier.fr\\\/es\\\/operacion-de-alquiler\\\/se-vende-piso-st-denis-1-habitaciones-16-77-m2\\\/\"]}]},{\"@type\":\"ImageObject\",\"inLanguage\":\"es\",\"@id\":\"https:\\\/\\\/saint-denis-immobilier.fr\\\/es\\\/operacion-de-alquiler\\\/se-vende-piso-st-denis-1-habitaciones-16-77-m2\\\/#primaryimage\",\"url\":\"https:\\\/\\\/saint-denis-immobilier.fr\\\/wp-content\\\/uploads\\\/2025\\\/12\\\/2025-065021.jpg\",\"contentUrl\":\"https:\\\/\\\/saint-denis-immobilier.fr\\\/wp-content\\\/uploads\\\/2025\\\/12\\\/2025-065021.jpg\",\"width\":800,\"height\":533,\"caption\":\"Saint Denis Immobilier\"},{\"@type\":\"BreadcrumbList\",\"@id\":\"https:\\\/\\\/saint-denis-immobilier.fr\\\/es\\\/operacion-de-alquiler\\\/se-vende-piso-st-denis-1-habitaciones-16-77-m2\\\/#breadcrumb\",\"itemListElement\":[{\"@type\":\"ListItem\",\"position\":1,\"name\":\"Home\",\"item\":\"https:\\\/\\\/saint-denis-immobilier.fr\\\/\"},{\"@type\":\"ListItem\",\"position\":2,\"name\":\"Nos biens \u00e0 la vente\",\"item\":\"https:\\\/\\\/saint-denis-immobilier.fr\\\/biens\\\/\"},{\"@type\":\"ListItem\",\"position\":3,\"name\":\"VENDU ! APPARTEMENT ST DENIS &#8211; 1 pi\u00e8ce(s) &#8211; 16.77 m2\"}]},{\"@type\":\"WebSite\",\"@id\":\"https:\\\/\\\/saint-denis-immobilier.fr\\\/#website\",\"url\":\"https:\\\/\\\/saint-denis-immobilier.fr\\\/\",\"name\":\"Saint-Denis Immobilier\",\"description\":\"agence immobiliere \u00e0 Saint-Denis\",\"publisher\":{\"@id\":\"https:\\\/\\\/saint-denis-immobilier.fr\\\/#organization\"},\"potentialAction\":[{\"@type\":\"SearchAction\",\"target\":{\"@type\":\"EntryPoint\",\"urlTemplate\":\"https:\\\/\\\/saint-denis-immobilier.fr\\\/?s={search_term_string}\"},\"query-input\":{\"@type\":\"PropertyValueSpecification\",\"valueRequired\":true,\"valueName\":\"search_term_string\"}}],\"inLanguage\":\"es\"},{\"@type\":\"Organization\",\"@id\":\"https:\\\/\\\/saint-denis-immobilier.fr\\\/#organization\",\"name\":\"Saint-Denis Immobilier\",\"url\":\"https:\\\/\\\/saint-denis-immobilier.fr\\\/\",\"logo\":{\"@type\":\"ImageObject\",\"inLanguage\":\"es\",\"@id\":\"https:\\\/\\\/saint-denis-immobilier.fr\\\/#\\\/schema\\\/logo\\\/image\\\/\",\"url\":\"https:\\\/\\\/www.saint-denis-immobilier.fr\\\/wp-content\\\/uploads\\\/2020\\\/02\\\/logo-new-cropped.png\",\"contentUrl\":\"https:\\\/\\\/www.saint-denis-immobilier.fr\\\/wp-content\\\/uploads\\\/2020\\\/02\\\/logo-new-cropped.png\",\"width\":452,\"height\":469,\"caption\":\"Saint-Denis Immobilier\"},\"image\":{\"@id\":\"https:\\\/\\\/saint-denis-immobilier.fr\\\/#\\\/schema\\\/logo\\\/image\\\/\"}}]}<\/script>\n<!-- \/ Yoast SEO plugin. -->","yoast_head_json":{"title":"Venta APARTEMENT ST DENIS - 1 habitaciones - 16.77 m2","description":"Inmuebles En VentaEn Alquiler APARTAMENTO ST DENIS - 1 habitacion(es) - 16.77 m2 93 Seine Saint Denis, alquiler y venta","robots":{"index":"index","follow":"follow","max-snippet":"max-snippet:-1","max-image-preview":"max-image-preview:large","max-video-preview":"max-video-preview:-1"},"canonical":"https:\/\/saint-denis-immobilier.fr\/es\/operacion-de-alquiler\/se-vende-piso-st-denis-1-habitaciones-16-77-m2\/","og_locale":"es_ES","og_type":"article","og_title":"A vendre APPARTEMENT ST DENIS - 1 pi\u00e8ce(s) - 16.77 m2","og_description":"Immobilier A vendreA louer APPARTEMENT ST DENIS - 1 pi\u00e8ce(s) - 16.77 m2 93 Seine Saint Denis, location et vente","og_url":"https:\/\/saint-denis-immobilier.fr\/es\/operacion-de-alquiler\/se-vende-piso-st-denis-1-habitaciones-16-77-m2\/","og_site_name":"Saint-Denis Immobilier","article_modified_time":"2026-04-05T16:02:24+00:00","og_image":[{"width":800,"height":533,"url":"https:\/\/saint-denis-immobilier.fr\/wp-content\/uploads\/2025\/12\/2025-065021.jpg","type":"image\/jpeg"}],"twitter_card":"summary_large_image","twitter_misc":{"Tiempo de lectura":"1 minuto"},"schema":{"@context":"https:\/\/schema.org","@graph":[{"@type":"WebPage","@id":"https:\/\/saint-denis-immobilier.fr\/es\/operacion-de-alquiler\/se-vende-piso-st-denis-1-habitaciones-16-77-m2\/","url":"https:\/\/saint-denis-immobilier.fr\/es\/operacion-de-alquiler\/se-vende-piso-st-denis-1-habitaciones-16-77-m2\/","name":"Venta APARTEMENT ST DENIS - 1 habitaciones - 16.77 m2","isPartOf":{"@id":"https:\/\/saint-denis-immobilier.fr\/#website"},"primaryImageOfPage":{"@id":"https:\/\/saint-denis-immobilier.fr\/es\/operacion-de-alquiler\/se-vende-piso-st-denis-1-habitaciones-16-77-m2\/#primaryimage"},"image":{"@id":"https:\/\/saint-denis-immobilier.fr\/es\/operacion-de-alquiler\/se-vende-piso-st-denis-1-habitaciones-16-77-m2\/#primaryimage"},"thumbnailUrl":"https:\/\/saint-denis-immobilier.fr\/wp-content\/uploads\/2025\/12\/2025-065021.jpg","datePublished":"2026-04-05T14:02:24+00:00","dateModified":"2026-04-05T16:02:24+00:00","description":"Inmuebles En VentaEn Alquiler APARTAMENTO ST DENIS - 1 habitacion(es) - 16.77 m2 93 Seine Saint Denis, alquiler y venta","breadcrumb":{"@id":"https:\/\/saint-denis-immobilier.fr\/es\/operacion-de-alquiler\/se-vende-piso-st-denis-1-habitaciones-16-77-m2\/#breadcrumb"},"inLanguage":"es","potentialAction":[{"@type":"ReadAction","target":["https:\/\/saint-denis-immobilier.fr\/es\/operacion-de-alquiler\/se-vende-piso-st-denis-1-habitaciones-16-77-m2\/"]}]},{"@type":"ImageObject","inLanguage":"es","@id":"https:\/\/saint-denis-immobilier.fr\/es\/operacion-de-alquiler\/se-vende-piso-st-denis-1-habitaciones-16-77-m2\/#primaryimage","url":"https:\/\/saint-denis-immobilier.fr\/wp-content\/uploads\/2025\/12\/2025-065021.jpg","contentUrl":"https:\/\/saint-denis-immobilier.fr\/wp-content\/uploads\/2025\/12\/2025-065021.jpg","width":800,"height":533,"caption":"Saint Denis Immobilier"},{"@type":"BreadcrumbList","@id":"https:\/\/saint-denis-immobilier.fr\/es\/operacion-de-alquiler\/se-vende-piso-st-denis-1-habitaciones-16-77-m2\/#breadcrumb","itemListElement":[{"@type":"ListItem","position":1,"name":"Home","item":"https:\/\/saint-denis-immobilier.fr\/"},{"@type":"ListItem","position":2,"name":"Nos biens \u00e0 la vente","item":"https:\/\/saint-denis-immobilier.fr\/biens\/"},{"@type":"ListItem","position":3,"name":"VENDU ! APPARTEMENT ST DENIS &#8211; 1 pi\u00e8ce(s) &#8211; 16.77 m2"}]},{"@type":"WebSite","@id":"https:\/\/saint-denis-immobilier.fr\/#website","url":"https:\/\/saint-denis-immobilier.fr\/","name":"Saint-Denis Immobilier","description":"agencia inmobiliaria en Saint-Denis","publisher":{"@id":"https:\/\/saint-denis-immobilier.fr\/#organization"},"potentialAction":[{"@type":"SearchAction","target":{"@type":"EntryPoint","urlTemplate":"https:\/\/saint-denis-immobilier.fr\/?s={search_term_string}"},"query-input":{"@type":"PropertyValueSpecification","valueRequired":true,"valueName":"search_term_string"}}],"inLanguage":"es"},{"@type":"Organization","@id":"https:\/\/saint-denis-immobilier.fr\/#organization","name":"Saint-Denis Immobilier","url":"https:\/\/saint-denis-immobilier.fr\/","logo":{"@type":"ImageObject","inLanguage":"es","@id":"https:\/\/saint-denis-immobilier.fr\/#\/schema\/logo\/image\/","url":"https:\/\/www.saint-denis-immobilier.fr\/wp-content\/uploads\/2020\/02\/logo-new-cropped.png","contentUrl":"https:\/\/www.saint-denis-immobilier.fr\/wp-content\/uploads\/2020\/02\/logo-new-cropped.png","width":452,"height":469,"caption":"Saint-Denis Immobilier"},"image":{"@id":"https:\/\/saint-denis-immobilier.fr\/#\/schema\/logo\/image\/"}}]}},"_links":{"self":[{"href":"https:\/\/saint-denis-immobilier.fr\/es\/wp-json\/wp\/v2\/product\/12956496","targetHints":{"allow":["GET"]}}],"collection":[{"href":"https:\/\/saint-denis-immobilier.fr\/es\/wp-json\/wp\/v2\/product"}],"about":[{"href":"https:\/\/saint-denis-immobilier.fr\/es\/wp-json\/wp\/v2\/types\/product"}],"wp:featuredmedia":[{"embeddable":true,"href":"https:\/\/saint-denis-immobilier.fr\/es\/wp-json\/wp\/v2\/media\/12956225"}],"wp:attachment":[{"href":"https:\/\/saint-denis-immobilier.fr\/es\/wp-json\/wp\/v2\/media?parent=12956496"}],"wp:term":[{"taxonomy":"product_brand","embeddable":true,"href":"https:\/\/saint-denis-immobilier.fr\/es\/wp-json\/wp\/v2\/product_brand?post=12956496"},{"taxonomy":"product_cat","embeddable":true,"href":"https:\/\/saint-denis-immobilier.fr\/es\/wp-json\/wp\/v2\/product_cat?post=12956496"},{"taxonomy":"product_tag","embeddable":true,"href":"https:\/\/saint-denis-immobilier.fr\/es\/wp-json\/wp\/v2\/product_tag?post=12956496"},{"taxonomy":"ville","embeddable":true,"href":"https:\/\/saint-denis-immobilier.fr\/es\/wp-json\/wp\/v2\/ville?post=12956496"},{"taxonomy":"code_postal","embeddable":true,"href":"https:\/\/saint-denis-immobilier.fr\/es\/wp-json\/wp\/v2\/code_postal?post=12956496"},{"taxonomy":"mot_cle","embeddable":true,"href":"https:\/\/saint-denis-immobilier.fr\/es\/wp-json\/wp\/v2\/mot_cle?post=12956496"},{"taxonomy":"surface_bien","embeddable":true,"href":"https:\/\/saint-denis-immobilier.fr\/es\/wp-json\/wp\/v2\/surface_bien?post=12956496"},{"taxonomy":"type_produit","embeddable":true,"href":"https:\/\/saint-denis-immobilier.fr\/es\/wp-json\/wp\/v2\/type_produit?post=12956496"},{"taxonomy":"prix_loc","embeddable":true,"href":"https:\/\/saint-denis-immobilier.fr\/es\/wp-json\/wp\/v2\/prix_loc?post=12956496"},{"taxonomy":"prix_transac","embeddable":true,"href":"https:\/\/saint-denis-immobilier.fr\/es\/wp-json\/wp\/v2\/prix_transac?post=12956496"},{"taxonomy":"vendu","embeddable":true,"href":"https:\/\/saint-denis-immobilier.fr\/es\/wp-json\/wp\/v2\/vendu?post=12956496"}],"curies":[{"name":"wp","href":"https:\/\/api.w.org\/{rel}","templated":true}]}}