{"id":12956503,"date":"2026-04-04T09:03:26","date_gmt":"2026-04-04T07:03:26","guid":{"rendered":"https:\/\/saint-denis-immobilier.fr\/transaction-location\/vendu-maison-l-ile-st-denis-8-pieces-130-m2\/"},"modified":"2026-04-04T11:03:28","modified_gmt":"2026-04-04T09:03:28","slug":"se-vende-casa-lile-st-denis-8-habitaciones-130-m2","status":"publish","type":"product","link":"https:\/\/saint-denis-immobilier.fr\/es\/operacion-de-alquiler\/se-vende-casa-lile-st-denis-8-habitaciones-130-m2\/","title":{"rendered":"\u00a1VENDIDO!<div class=\"sdi_vendu\"><\/div> CASA L ILE ST DENIS - 8 habitaci\u00f3n(es) - 130 m2"},"content":{"rendered":"<p>TRES RARE ! A 10 minutes de la gare SNCF RER D de Saint-Denis et 3 minutes d&rsquo;un arr\u00eat de tramway ligne T1. Un ensemble immobilier \u00e9difi\u00e9 sur une parcelle de 894 m\u00b2 compos\u00e9 de : &#8211; Un b\u00e2timent comprenant un rez-de-chauss\u00e9e commercial; au premier \u00e9tage : un d\u00e9gagement desservant double s\u00e9jour, chambre avec balcon, salle de bains, salle d&rsquo;eau avec WC; au deuxi\u00e8me \u00e9tage : trois pi\u00e8ces. A l&rsquo;ext\u00e9rieur : terrasse, jardin et d\u00e9pendances. &#8211; Un grand hangar comprenant un petit logement, fosse de garagiste. Plusieurs stationnements ext\u00e9rieurs. TRES GROS POTENTIEL !<\/p>\n<p>\u00a1VENDIDO!<\/p>\n<div class=\"sdi_vendu\"><\/div>\n<div class=\"column1 halfcolomnproductsingle\">\n<div class=\"prixvente\"><b>Precios<\/b>: 600000 \u20ac <\/div>\n<div class=\"prixloyer\"><b>Alquiler<\/b>: \u20ac \/mes<\/p>\n<style>.prixloyer {display:none !important;}<\/style>\n<\/div>\n<div class=\"caution\"><b>Dep\u00f3sito<\/b>: \u20ac <\/p>\n<style>.caution {display:none !important;}<\/style>\n<\/div>\n<div class=\"gesmaison\"><b>Em. CO2:\u00a0<\/b> <\/p>\n<style>.gesmaison {display:none !important;}<\/style>\n<\/div>\n<div class=\"gesappart\"><b>Em. CO2:\u00a0<\/b> <\/p>\n<style>.gesappart {display:none !important;}<\/style>\n<\/div>\n<div class=\"consomaison\"><b>Consumo<\/b>Kw\/h <\/p>\n<style>.consomaison {display:none !important;}<\/style>\n<\/div>\n<div class=\"consoappart\"><b>Consumo<\/b>Kw\/h <\/p>\n<style>.consoappart {display:none !important;}<\/style>\n<\/div>\n<div class=\"ville\"><b>Ciudad<\/b>93450 L ILE ST DENIS<\/div>\n<div class=\"surfacemaison\"><b>Superficie<\/b>: 130m2 <\/div>\n<div class=\"surfaceappart\"><b>Superficie<\/b>: m2 <\/p>\n<style>.surfaceappart {display:none !important;}<\/style>\n<\/div>\n<div class=\"surfaceimmeuble\"><b>Superficie<\/b>: m2 <\/p>\n<style>.surfaceimmeuble {display:none !important;}<\/style>\n<\/div>\n<div class=\"surfaceparking\"><b>Superficie<\/b>: m2 <\/p>\n<style>.surfaceparking {display:none !important;}<\/style>\n<\/div>\n<div class=\"surfaceterrain\"><b>Superficie<\/b>: m2 <\/p>\n<style>.surfaceterrain {display:none !important;}<\/style>\n<\/div>\n<div class=\"piecesmaison\"><b>Piezas<\/b>: 8 <\/div>\n<div class=\"piecesappart\"><b>Piezas<\/b>:  <\/p>\n<style>.piecesappart {display:none !important;}<\/style>\n<\/div>\n<div class=\"piecesimmeuble\"><b>Piezas<\/b>: <\/p>\n<style>.piecesimmeuble {display:none !important;}<\/style>\n<\/div>\n<div class=\"sdbmaison\"><b>Ba\u00f1os S.<\/b>: 1 <\/div>\n<div class=\"sdbappart\"><b>Ba\u00f1os S.<\/b>:  <\/p>\n<style>.sdbappart {display:none !important;}<\/style>\n<\/div>\n<div class=\"sdemaison\"><b>S. agua<\/b>: 1<\/div>\n<div class=\"sdeappart\"><b>S. agua<\/b>:  <\/p>\n<style>.sdeappart {display:none !important;}<\/style>\n<\/div>\n<div class=\"etagesappart\"><b>Suelo<\/b>: \/<\/p>\n<style>.etagesappart {display:none !important;}<\/style>\n<\/div>\n<div class=\"etagesmaison\"><b>Suelo<\/b>: 0\/1<\/p>\n<style>.etagesmaison {display:none !important;}<\/style>\n<\/div>\n<div class=\"etagesimmeuble\"><b>Suelo<\/b>:  <\/p>\n<style>.etagesimmeuble {display:none !important;}<\/style>\n<\/div>\n<\/div>\n<div class=\"column1 halfcolomnproductsingle\">\n<div class=\"assainissementterrain\"><b>Saneamiento<\/b>: <\/p>\n<style>.assainissementterrain {display:none !important;}<\/style>\n<\/div>\n<div class=\"construcmaison\"><b>Construcci\u00f3n<\/b>1930 Ladrillo <\/div>\n<div class=\"construcappart\"><b>Construcci\u00f3n<\/b>:   <\/p>\n<style>.construcappart {display:none !important;}<\/style>\n<\/div>\n<div class=\"chambresappart\"><b>Habitaciones<\/b>: <\/p>\n<style>.chambresappart {display:none !important;}<\/style>\n<\/div>\n<div class=\"chambresmaison\"><b>Habitaciones<\/b>: 6<\/div>\n<div class=\"chambresimmeuble\"><b>Habitaciones<\/b>: <\/p>\n<style>.chambresimmeuble {display:none !important;}<\/style>\n<\/div>\n<div class=\"vuedappart\"><b>Ver<\/b>:  <\/p>\n<style>.vuedappart {display:none !important;}<\/style>\n<\/div>\n<div class=\"vuemaison\"><b>Ver<\/b>:  <\/p>\n<style>.vuemaison {display:none !important;}<\/style>\n<\/div>\n<div class=\"fenetresmaison\"><b>Windows<\/b>:\u00a0 <\/p>\n<style>.fenetresmaison {display:none !important;}<\/style>\n<\/div>\n<div class=\"fenetresappart\"><b>Windows<\/b>:\u00a0 <\/p>\n<style>.fenetresappart {display:none !important;}<\/style>\n<\/div>\n<div class=\"chauffagemaison\"><b>Calefacci\u00f3n<\/b>Individual <\/div>\n<div class=\"chauffagemodemaison\"><b>Calefacci\u00f3n<\/b>: Gas<\/div>\n<div class=\"chauffageappart\"><b>Calefacci\u00f3n<\/b>:  <\/p>\n<style>.chauffageappart {display:none !important;}<\/style>\n<\/div>\n<div class=\"chauffagemodeappart\"><b>Calefacci\u00f3n<\/b>: <\/p>\n<style>.chauffagemodeappart {display:none !important;}<\/style>\n<\/div>\n<div class=\"cuisinemaison\"><b>Cocina<\/b>: Simple<\/p>\n<style>.cuisinemaison {display:none !important;}<\/style>\n<\/div>\n<div class=\"cuisineappart\"><b>Cocina<\/b>:  <\/p>\n<style>.cuisineappart {display:none !important;}<\/style>\n<\/div>\n<div class=\"honovente\"><b>Hono<\/b>: Vendedor <\/div>\n<div class=\"honoloc\"><b>Hono<\/b>: \u20ac <\/p>\n<style>.honoloc {display:none !important;}<\/style>\n<\/div>\n<\/div>\n<p>&nbsp;<br \/>\n<img decoding=\"async\" id=\"logoagence\" style=\"max-width: 35%;\" src=\"\/wp-content\/uploads\/2020\/03\/logo-new.png\" \/><strong>\u00a0<\/strong><\/p>\n<div class=\"dpeappart\" style=\"display: none;\"><\/div>\n<div class=\"dpemaison\" style=\"display: none;\"><img decoding=\"async\" src=\"\/wp-content\/uploads\/2020\/03\/DPE-vierge.png\" \/><\/div>\n<p>312<br \/>\n&nbsp;<br \/>\n<img decoding=\"async\" id=\"logoagence\" style=\"max-width: 35%;\" src=\"\/wp-content\/uploads\/2020\/03\/logo-new.png\" \/><strong>\u00a0<\/strong><\/p>\n<div class=\"dpeappart\" style=\"display: none;\"><\/div>\n<div class=\"dpemaison\" style=\"display: none;\"><img decoding=\"async\" src=\"\/wp-content\/uploads\/2020\/03\/DPE-vierge.png\" \/><\/div>","protected":false},"excerpt":{"rendered":"<p>  \u00a1MUY RARO! A s\u00f3lo 10 minutos de la estaci\u00f3n de tren Saint-Denis RER D y a 3 minutos de una parada de tranv\u00eda T1. Esta propiedad se encuentra en una parcela de 894 m\u00b2 y consta de : - Un edificio que comprende una planta baja comercial; en el primer piso: un pasillo que conduce a una sala de estar doble, dormitorio con balc\u00f3n, cuarto de ba\u00f1o, cuarto de ducha con WC; en el segundo piso: tres habitaciones. Exterior: terraza, jard\u00edn y dependencias. - Un gran cobertizo con una peque\u00f1a vivienda, foso de garaje. Varias plazas de aparcamiento al aire libre. \u00a1GRAN POTENCIAL!    \u00a1VENDIDO!<\/p>\n<div class=\"sdi_vendu\"><\/div>\n<div class=\"column1 halfcolomnproductsingle\">\n<div class=\"prixvente\"><b>Precios<\/b>: 600000 \u20ac <\/div>\n<div class=\"prixloyer\"><b>Alquiler<\/b>: \u20ac \/mes<\/p>\n<style>.prixloyer {display:none !important;}<\/style>\n<\/div>\n<div class=\"caution\"><b>Dep\u00f3sito<\/b>: \u20ac <\/p>\n<style>.caution {display:none !important;}<\/style>\n<\/div>\n<div class=\"gesmaison\"><b>Em. CO2:\u00a0<\/b> <\/p>\n<style>.gesmaison {display:none !important;}<\/style>\n<\/div>\n<div class=\"gesappart\"><b>Em. CO2:\u00a0<\/b> <\/p>\n<style>.gesappart {display:none !important;}<\/style>\n<\/div>\n<div class=\"consomaison\"><b>Consumo<\/b>Kw\/h <\/p>\n<style>.consomaison {display:none !important;}<\/style>\n<\/div>\n<div class=\"consoappart\"><b>Consumo<\/b>Kw\/h <\/p>\n<style>.consoappart {display:none !important;}<\/style>\n<\/div>\n<div class=\"ville\"><b>Ciudad<\/b>93450 L ILE ST DENIS<\/div>\n<div class=\"surfacemaison\"><b>Superficie<\/b>: 130m2 <\/div>\n<div class=\"surfaceappart\"><b>Superficie<\/b>: m2 <\/p>\n<style>.surfaceappart {display:none !important;}<\/style>\n<\/div>\n<div class=\"surfaceimmeuble\"><b>Superficie<\/b>: m2 <\/p>\n<style>.surfaceimmeuble {display:none !important;}<\/style>\n<\/div>\n<div class=\"surfaceparking\"><b>Superficie<\/b>: m2 <\/p>\n<style>.surfaceparking {display:none !important;}<\/style>\n<\/div>\n<div class=\"surfaceterrain\"><b>Superficie<\/b>: m2 <\/p>\n<style>.surfaceterrain {display:none !important;}<\/style>\n<\/div>\n<div class=\"piecesmaison\"><b>Piezas<\/b>: 8 <\/div>\n<div class=\"piecesappart\"><b>Piezas<\/b>:  <\/p>\n<style>.piecesappart {display:none !important;}<\/style>\n<\/div>\n<div class=\"piecesimmeuble\"><b>Piezas<\/b>: <\/p>\n<style>.piecesimmeuble {display:none !important;}<\/style>\n<\/div>\n<div class=\"sdbmaison\"><b>Ba\u00f1os S.<\/b>: 1 <\/div>\n<div class=\"sdbappart\"><b>Ba\u00f1os S.<\/b>:  <\/p>\n<style>.sdbappart {display:none !important;}<\/style>\n<\/div>\n<div class=\"sdemaison\"><b>S. agua<\/b>: 1<\/div>\n<div class=\"sdeappart\"><b>S. agua<\/b>:  <\/p>\n<style>.sdeappart {display:none !important;}<\/style>\n<\/div>\n<div class=\"etagesappart\"><b>Suelo<\/b>: \/<\/p>\n<style>.etagesappart {display:none !important;}<\/style>\n<\/div>\n<div class=\"etagesmaison\"><b>Suelo<\/b>: 0\/1<\/p>\n<style>.etagesmaison {display:none !important;}<\/style>\n<\/div>\n<div class=\"etagesimmeuble\"><b>Suelo<\/b>:  <\/p>\n<style>.etagesimmeuble {display:none !important;}<\/style>\n<\/div><\/div>\n<div class=\"column1 halfcolomnproductsingle\">\n<div class=\"assainissementterrain\"><b>Saneamiento<\/b>: <\/p>\n<style>.assainissementterrain {display:none !important;}<\/style>\n<\/div>\n<div class=\"construcmaison\"><b>Construcci\u00f3n<\/b>1930 Ladrillo <\/div>\n<div class=\"construcappart\"><b>Construcci\u00f3n<\/b>:   <\/p>\n<style>.construcappart {display:none !important;}<\/style>\n<\/div>\n<div class=\"chambresappart\"><b>Habitaciones<\/b>: <\/p>\n<style>.chambresappart {display:none !important;}<\/style>\n<\/div>\n<div class=\"chambresmaison\"><b>Habitaciones<\/b>: 6<\/div>\n<div class=\"chambresimmeuble\"><b>Habitaciones<\/b>: <\/p>\n<style>.chambresimmeuble {display:none !important;}<\/style>\n<\/div>\n<div class=\"vuedappart\"><b>Ver<\/b>:  <\/p>\n<style>.vuedappart {display:none !important;}<\/style>\n<\/div>\n<div class=\"vuemaison\"><b>Ver<\/b>:  <\/p>\n<style>.vuemaison {display:none !important;}<\/style>\n<\/div>\n<div class=\"fenetresmaison\"><b>Windows<\/b>:\u00a0 <\/p>\n<style>.fenetresmaison {display:none !important;}<\/style>\n<\/div>\n<div class=\"fenetresappart\"><b>Windows<\/b>:\u00a0 <\/p>\n<style>.fenetresappart {display:none !important;}<\/style>\n<\/div>\n<div class=\"chauffagemaison\"><b>Calefacci\u00f3n<\/b>Individual <\/div>\n<div class=\"chauffagemodemaison\"><b>Calefacci\u00f3n<\/b>: Gas<\/div>\n<div class=\"chauffageappart\"><b>Calefacci\u00f3n<\/b>:  <\/p>\n<style>.chauffageappart {display:none !important;}<\/style>\n<\/div>\n<div class=\"chauffagemodeappart\"><b>Calefacci\u00f3n<\/b>: <\/p>\n<style>.chauffagemodeappart {display:none !important;}<\/style>\n<\/div>\n<div class=\"cuisinemaison\"><b>Cocina<\/b>: Simple<\/p>\n<style>.cuisinemaison {display:none !important;}<\/style>\n<\/div>\n<div class=\"cuisineappart\"><b>Cocina<\/b>:  <\/p>\n<style>.cuisineappart {display:none !important;}<\/style>\n<\/div>\n<div class=\"honovente\"><b>Hono<\/b>: Vendedor <\/div>\n<div class=\"honoloc\"><b>Hono<\/b>: \u20ac <\/p>\n<style>.honoloc {display:none !important;}<\/style>\n<\/div><\/div>\n<p> \u00a0  <img decoding=\"async\" id=\"logoagence\" style=\"max-width: 35%;\" src=\"\/wp-content\/uploads\/2020\/03\/logo-new.png\" \/> <\/p>\n<div> Id del anuncio: 31975453<\/div>\n<div class=\"dpeappart\" style=\"display: none;\"><\/div>\n<div class=\"dpemaison\" style=\"display: none;\"><img decoding=\"async\" src=\"\/wp-content\/uploads\/2020\/03\/DPE-vierge.png\" \/><\/div>","protected":false},"featured_media":12956367,"template":"","meta":{"_et_pb_use_builder":"on","_et_pb_old_content":"","_et_gb_content_width":""},"product_brand":[],"product_cat":[981],"product_tag":[2290,3660,2293,3708,2291,3707,2292],"ville":[2540],"code_postal":[1011],"mot_cle":[2725,967,963,1017,966,2542,964,2541,968,965],"surface_bien":[2543],"type_produit":[2268],"prix_loc":[2285],"prix_transac":[2544],"vendu":[2454],"class_list":{"0":"post-12956503","1":"product","2":"type-product","3":"status-publish","4":"has-post-thumbnail","6":"product_cat-maison","7":"product_tag-appartement-a-vendre","8":"product_tag-brique","9":"product_tag-immobilier","10":"product_tag-l-ile-st-denis","11":"product_tag-maison-a-vendre","12":"product_tag-maison-l-ile-st-denis-8-pieces-130-m2","13":"product_tag-transaction","14":"pa_prixtransactionpouralerte-2538","15":"pa_surfacepouralerte-2367","16":"ville-l-ile-st-denis","17":"code_postal-1011","18":"mot_cle-08-m2","19":"mot_cle-967","20":"mot_cle-appartement-a-vendre","21":"mot_cle-brique","22":"mot_cle-immobilier","23":"mot_cle-l-ile-st-denis","24":"mot_cle-maison-a-vendre","25":"mot_cle-maison-l-ile-st-denis-8-pieces-130-m2","26":"mot_cle-saint-denis","27":"mot_cle-transaction","28":"surface_bien-2543","29":"type_produit-acheter","30":"prix_loc-2285","31":"prix_transac-600000-00","32":"vendu-2454","34":"first","35":"instock","36":"purchasable","37":"product-type-simple"},"yoast_head":"<!-- This site is optimized with the Yoast SEO plugin v27.3 - https:\/\/yoast.com\/product\/yoast-seo-wordpress\/ -->\n<title>A vendre MAISON L ILE ST DENIS - 8 pi\u00e8ce(s) - 130 m2<\/title>\n<meta name=\"description\" content=\"Immobilier A vendreA louer MAISON L ILE ST DENIS - 8 pi\u00e8ce(s) - 130 m2 93 Seine Saint Denis, location et vente\" \/>\n<meta name=\"robots\" content=\"index, follow, max-snippet:-1, max-image-preview:large, max-video-preview:-1\" \/>\n<link rel=\"canonical\" href=\"https:\/\/saint-denis-immobilier.fr\/es\/operacion-de-alquiler\/se-vende-casa-lile-st-denis-8-habitaciones-130-m2\/\" \/>\n<meta property=\"og:locale\" content=\"es_ES\" \/>\n<meta property=\"og:type\" content=\"article\" \/>\n<meta property=\"og:title\" content=\"A vendre MAISON L ILE ST DENIS - 8 pi\u00e8ce(s) - 130 m2\" \/>\n<meta property=\"og:description\" content=\"Immobilier A vendreA louer MAISON L ILE ST DENIS - 8 pi\u00e8ce(s) - 130 m2 93 Seine Saint Denis, location et vente\" \/>\n<meta property=\"og:url\" content=\"https:\/\/saint-denis-immobilier.fr\/es\/operacion-de-alquiler\/se-vende-casa-lile-st-denis-8-habitaciones-130-m2\/\" \/>\n<meta property=\"og:site_name\" content=\"Saint-Denis Immobilier\" \/>\n<meta property=\"article:modified_time\" content=\"2026-04-04T09:03:28+00:00\" \/>\n<meta property=\"og:image\" content=\"https:\/\/saint-denis-immobilier.fr\/wp-content\/uploads\/2025\/12\/2025-064844-2.jpg\" \/>\n\t<meta property=\"og:image:width\" content=\"800\" \/>\n\t<meta property=\"og:image:height\" content=\"533\" \/>\n\t<meta property=\"og:image:type\" content=\"image\/jpeg\" \/>\n<meta name=\"twitter:card\" content=\"summary_large_image\" \/>\n<meta name=\"twitter:label1\" content=\"Tiempo de lectura\" \/>\n\t<meta name=\"twitter:data1\" content=\"1 minuto\" \/>\n<script type=\"application\/ld+json\" class=\"yoast-schema-graph\">{\"@context\":\"https:\\\/\\\/schema.org\",\"@graph\":[{\"@type\":\"WebPage\",\"@id\":\"https:\\\/\\\/saint-denis-immobilier.fr\\\/es\\\/operacion-de-alquiler\\\/se-vende-casa-lile-st-denis-8-habitaciones-130-m2\\\/\",\"url\":\"https:\\\/\\\/saint-denis-immobilier.fr\\\/es\\\/operacion-de-alquiler\\\/se-vende-casa-lile-st-denis-8-habitaciones-130-m2\\\/\",\"name\":\"A vendre MAISON L ILE ST DENIS - 8 pi\u00e8ce(s) - 130 m2\",\"isPartOf\":{\"@id\":\"https:\\\/\\\/saint-denis-immobilier.fr\\\/#website\"},\"primaryImageOfPage\":{\"@id\":\"https:\\\/\\\/saint-denis-immobilier.fr\\\/es\\\/operacion-de-alquiler\\\/se-vende-casa-lile-st-denis-8-habitaciones-130-m2\\\/#primaryimage\"},\"image\":{\"@id\":\"https:\\\/\\\/saint-denis-immobilier.fr\\\/es\\\/operacion-de-alquiler\\\/se-vende-casa-lile-st-denis-8-habitaciones-130-m2\\\/#primaryimage\"},\"thumbnailUrl\":\"https:\\\/\\\/saint-denis-immobilier.fr\\\/wp-content\\\/uploads\\\/2025\\\/12\\\/2025-064844-2.jpg\",\"datePublished\":\"2026-04-04T07:03:26+00:00\",\"dateModified\":\"2026-04-04T09:03:28+00:00\",\"description\":\"Immobilier A vendreA louer MAISON L ILE ST DENIS - 8 pi\u00e8ce(s) - 130 m2 93 Seine Saint Denis, location et vente\",\"breadcrumb\":{\"@id\":\"https:\\\/\\\/saint-denis-immobilier.fr\\\/es\\\/operacion-de-alquiler\\\/se-vende-casa-lile-st-denis-8-habitaciones-130-m2\\\/#breadcrumb\"},\"inLanguage\":\"es\",\"potentialAction\":[{\"@type\":\"ReadAction\",\"target\":[\"https:\\\/\\\/saint-denis-immobilier.fr\\\/es\\\/operacion-de-alquiler\\\/se-vende-casa-lile-st-denis-8-habitaciones-130-m2\\\/\"]}]},{\"@type\":\"ImageObject\",\"inLanguage\":\"es\",\"@id\":\"https:\\\/\\\/saint-denis-immobilier.fr\\\/es\\\/operacion-de-alquiler\\\/se-vende-casa-lile-st-denis-8-habitaciones-130-m2\\\/#primaryimage\",\"url\":\"https:\\\/\\\/saint-denis-immobilier.fr\\\/wp-content\\\/uploads\\\/2025\\\/12\\\/2025-064844-2.jpg\",\"contentUrl\":\"https:\\\/\\\/saint-denis-immobilier.fr\\\/wp-content\\\/uploads\\\/2025\\\/12\\\/2025-064844-2.jpg\",\"width\":800,\"height\":533,\"caption\":\"Saint Denis Immobilier\"},{\"@type\":\"BreadcrumbList\",\"@id\":\"https:\\\/\\\/saint-denis-immobilier.fr\\\/es\\\/operacion-de-alquiler\\\/se-vende-casa-lile-st-denis-8-habitaciones-130-m2\\\/#breadcrumb\",\"itemListElement\":[{\"@type\":\"ListItem\",\"position\":1,\"name\":\"Home\",\"item\":\"https:\\\/\\\/saint-denis-immobilier.fr\\\/\"},{\"@type\":\"ListItem\",\"position\":2,\"name\":\"Nos biens \u00e0 la vente\",\"item\":\"https:\\\/\\\/saint-denis-immobilier.fr\\\/biens\\\/\"},{\"@type\":\"ListItem\",\"position\":3,\"name\":\"VENDU ! MAISON L ILE ST DENIS &#8211; 8 pi\u00e8ce(s) &#8211; 130 m2\"}]},{\"@type\":\"WebSite\",\"@id\":\"https:\\\/\\\/saint-denis-immobilier.fr\\\/#website\",\"url\":\"https:\\\/\\\/saint-denis-immobilier.fr\\\/\",\"name\":\"Saint-Denis Immobilier\",\"description\":\"agence immobiliere \u00e0 Saint-Denis\",\"publisher\":{\"@id\":\"https:\\\/\\\/saint-denis-immobilier.fr\\\/#organization\"},\"potentialAction\":[{\"@type\":\"SearchAction\",\"target\":{\"@type\":\"EntryPoint\",\"urlTemplate\":\"https:\\\/\\\/saint-denis-immobilier.fr\\\/?s={search_term_string}\"},\"query-input\":{\"@type\":\"PropertyValueSpecification\",\"valueRequired\":true,\"valueName\":\"search_term_string\"}}],\"inLanguage\":\"es\"},{\"@type\":\"Organization\",\"@id\":\"https:\\\/\\\/saint-denis-immobilier.fr\\\/#organization\",\"name\":\"Saint-Denis Immobilier\",\"url\":\"https:\\\/\\\/saint-denis-immobilier.fr\\\/\",\"logo\":{\"@type\":\"ImageObject\",\"inLanguage\":\"es\",\"@id\":\"https:\\\/\\\/saint-denis-immobilier.fr\\\/#\\\/schema\\\/logo\\\/image\\\/\",\"url\":\"https:\\\/\\\/www.saint-denis-immobilier.fr\\\/wp-content\\\/uploads\\\/2020\\\/02\\\/logo-new-cropped.png\",\"contentUrl\":\"https:\\\/\\\/www.saint-denis-immobilier.fr\\\/wp-content\\\/uploads\\\/2020\\\/02\\\/logo-new-cropped.png\",\"width\":452,\"height\":469,\"caption\":\"Saint-Denis Immobilier\"},\"image\":{\"@id\":\"https:\\\/\\\/saint-denis-immobilier.fr\\\/#\\\/schema\\\/logo\\\/image\\\/\"}}]}<\/script>\n<!-- \/ Yoast SEO plugin. -->","yoast_head_json":{"title":"Venta CASA L ILE ST DENIS - 8 habitaciones - 130 m2","description":"Inmobiliario VentaAlquiler CASA L ILE ST DENIS - 8 habitaciones - 130 m2 93 Seine Saint Denis, alquiler y venta","robots":{"index":"index","follow":"follow","max-snippet":"max-snippet:-1","max-image-preview":"max-image-preview:large","max-video-preview":"max-video-preview:-1"},"canonical":"https:\/\/saint-denis-immobilier.fr\/es\/operacion-de-alquiler\/se-vende-casa-lile-st-denis-8-habitaciones-130-m2\/","og_locale":"es_ES","og_type":"article","og_title":"A vendre MAISON L ILE ST DENIS - 8 pi\u00e8ce(s) - 130 m2","og_description":"Immobilier A vendreA louer MAISON L ILE ST DENIS - 8 pi\u00e8ce(s) - 130 m2 93 Seine Saint Denis, location et vente","og_url":"https:\/\/saint-denis-immobilier.fr\/es\/operacion-de-alquiler\/se-vende-casa-lile-st-denis-8-habitaciones-130-m2\/","og_site_name":"Saint-Denis Immobilier","article_modified_time":"2026-04-04T09:03:28+00:00","og_image":[{"width":800,"height":533,"url":"https:\/\/saint-denis-immobilier.fr\/wp-content\/uploads\/2025\/12\/2025-064844-2.jpg","type":"image\/jpeg"}],"twitter_card":"summary_large_image","twitter_misc":{"Tiempo de lectura":"1 minuto"},"schema":{"@context":"https:\/\/schema.org","@graph":[{"@type":"WebPage","@id":"https:\/\/saint-denis-immobilier.fr\/es\/operacion-de-alquiler\/se-vende-casa-lile-st-denis-8-habitaciones-130-m2\/","url":"https:\/\/saint-denis-immobilier.fr\/es\/operacion-de-alquiler\/se-vende-casa-lile-st-denis-8-habitaciones-130-m2\/","name":"Venta CASA L ILE ST DENIS - 8 habitaciones - 130 m2","isPartOf":{"@id":"https:\/\/saint-denis-immobilier.fr\/#website"},"primaryImageOfPage":{"@id":"https:\/\/saint-denis-immobilier.fr\/es\/operacion-de-alquiler\/se-vende-casa-lile-st-denis-8-habitaciones-130-m2\/#primaryimage"},"image":{"@id":"https:\/\/saint-denis-immobilier.fr\/es\/operacion-de-alquiler\/se-vende-casa-lile-st-denis-8-habitaciones-130-m2\/#primaryimage"},"thumbnailUrl":"https:\/\/saint-denis-immobilier.fr\/wp-content\/uploads\/2025\/12\/2025-064844-2.jpg","datePublished":"2026-04-04T07:03:26+00:00","dateModified":"2026-04-04T09:03:28+00:00","description":"Inmobiliario VentaAlquiler CASA L ILE ST DENIS - 8 habitaciones - 130 m2 93 Seine Saint Denis, alquiler y venta","breadcrumb":{"@id":"https:\/\/saint-denis-immobilier.fr\/es\/operacion-de-alquiler\/se-vende-casa-lile-st-denis-8-habitaciones-130-m2\/#breadcrumb"},"inLanguage":"es","potentialAction":[{"@type":"ReadAction","target":["https:\/\/saint-denis-immobilier.fr\/es\/operacion-de-alquiler\/se-vende-casa-lile-st-denis-8-habitaciones-130-m2\/"]}]},{"@type":"ImageObject","inLanguage":"es","@id":"https:\/\/saint-denis-immobilier.fr\/es\/operacion-de-alquiler\/se-vende-casa-lile-st-denis-8-habitaciones-130-m2\/#primaryimage","url":"https:\/\/saint-denis-immobilier.fr\/wp-content\/uploads\/2025\/12\/2025-064844-2.jpg","contentUrl":"https:\/\/saint-denis-immobilier.fr\/wp-content\/uploads\/2025\/12\/2025-064844-2.jpg","width":800,"height":533,"caption":"Saint Denis Immobilier"},{"@type":"BreadcrumbList","@id":"https:\/\/saint-denis-immobilier.fr\/es\/operacion-de-alquiler\/se-vende-casa-lile-st-denis-8-habitaciones-130-m2\/#breadcrumb","itemListElement":[{"@type":"ListItem","position":1,"name":"Home","item":"https:\/\/saint-denis-immobilier.fr\/"},{"@type":"ListItem","position":2,"name":"Nos biens \u00e0 la vente","item":"https:\/\/saint-denis-immobilier.fr\/biens\/"},{"@type":"ListItem","position":3,"name":"VENDU ! MAISON L ILE ST DENIS &#8211; 8 pi\u00e8ce(s) &#8211; 130 m2"}]},{"@type":"WebSite","@id":"https:\/\/saint-denis-immobilier.fr\/#website","url":"https:\/\/saint-denis-immobilier.fr\/","name":"Saint-Denis Immobilier","description":"agencia inmobiliaria en Saint-Denis","publisher":{"@id":"https:\/\/saint-denis-immobilier.fr\/#organization"},"potentialAction":[{"@type":"SearchAction","target":{"@type":"EntryPoint","urlTemplate":"https:\/\/saint-denis-immobilier.fr\/?s={search_term_string}"},"query-input":{"@type":"PropertyValueSpecification","valueRequired":true,"valueName":"search_term_string"}}],"inLanguage":"es"},{"@type":"Organization","@id":"https:\/\/saint-denis-immobilier.fr\/#organization","name":"Saint-Denis Immobilier","url":"https:\/\/saint-denis-immobilier.fr\/","logo":{"@type":"ImageObject","inLanguage":"es","@id":"https:\/\/saint-denis-immobilier.fr\/#\/schema\/logo\/image\/","url":"https:\/\/www.saint-denis-immobilier.fr\/wp-content\/uploads\/2020\/02\/logo-new-cropped.png","contentUrl":"https:\/\/www.saint-denis-immobilier.fr\/wp-content\/uploads\/2020\/02\/logo-new-cropped.png","width":452,"height":469,"caption":"Saint-Denis Immobilier"},"image":{"@id":"https:\/\/saint-denis-immobilier.fr\/#\/schema\/logo\/image\/"}}]}},"_links":{"self":[{"href":"https:\/\/saint-denis-immobilier.fr\/es\/wp-json\/wp\/v2\/product\/12956503","targetHints":{"allow":["GET"]}}],"collection":[{"href":"https:\/\/saint-denis-immobilier.fr\/es\/wp-json\/wp\/v2\/product"}],"about":[{"href":"https:\/\/saint-denis-immobilier.fr\/es\/wp-json\/wp\/v2\/types\/product"}],"wp:featuredmedia":[{"embeddable":true,"href":"https:\/\/saint-denis-immobilier.fr\/es\/wp-json\/wp\/v2\/media\/12956367"}],"wp:attachment":[{"href":"https:\/\/saint-denis-immobilier.fr\/es\/wp-json\/wp\/v2\/media?parent=12956503"}],"wp:term":[{"taxonomy":"product_brand","embeddable":true,"href":"https:\/\/saint-denis-immobilier.fr\/es\/wp-json\/wp\/v2\/product_brand?post=12956503"},{"taxonomy":"product_cat","embeddable":true,"href":"https:\/\/saint-denis-immobilier.fr\/es\/wp-json\/wp\/v2\/product_cat?post=12956503"},{"taxonomy":"product_tag","embeddable":true,"href":"https:\/\/saint-denis-immobilier.fr\/es\/wp-json\/wp\/v2\/product_tag?post=12956503"},{"taxonomy":"ville","embeddable":true,"href":"https:\/\/saint-denis-immobilier.fr\/es\/wp-json\/wp\/v2\/ville?post=12956503"},{"taxonomy":"code_postal","embeddable":true,"href":"https:\/\/saint-denis-immobilier.fr\/es\/wp-json\/wp\/v2\/code_postal?post=12956503"},{"taxonomy":"mot_cle","embeddable":true,"href":"https:\/\/saint-denis-immobilier.fr\/es\/wp-json\/wp\/v2\/mot_cle?post=12956503"},{"taxonomy":"surface_bien","embeddable":true,"href":"https:\/\/saint-denis-immobilier.fr\/es\/wp-json\/wp\/v2\/surface_bien?post=12956503"},{"taxonomy":"type_produit","embeddable":true,"href":"https:\/\/saint-denis-immobilier.fr\/es\/wp-json\/wp\/v2\/type_produit?post=12956503"},{"taxonomy":"prix_loc","embeddable":true,"href":"https:\/\/saint-denis-immobilier.fr\/es\/wp-json\/wp\/v2\/prix_loc?post=12956503"},{"taxonomy":"prix_transac","embeddable":true,"href":"https:\/\/saint-denis-immobilier.fr\/es\/wp-json\/wp\/v2\/prix_transac?post=12956503"},{"taxonomy":"vendu","embeddable":true,"href":"https:\/\/saint-denis-immobilier.fr\/es\/wp-json\/wp\/v2\/vendu?post=12956503"}],"curies":[{"name":"wp","href":"https:\/\/api.w.org\/{rel}","templated":true}]}}