{"id":12957004,"date":"2026-04-05T16:00:14","date_gmt":"2026-04-05T14:00:14","guid":{"rendered":"https:\/\/saint-denis-immobilier.fr\/transaction-location\/appartement-saint-denis-1-pieces-20-m2\/"},"modified":"2026-04-05T18:00:19","modified_gmt":"2026-04-05T16:00:19","slug":"piso-saint-denis-1-habitacion-20-m2","status":"publish","type":"product","link":"https:\/\/saint-denis-immobilier.fr\/es\/operacion-de-alquiler\/piso-saint-denis-1-habitacion-20-m2\/","title":{"rendered":"<span class=\"sdi_exclu\"><\/span>  Apartamento Saint Denis 1 habitacion(es) 20 m2"},"content":{"rendered":"<p>IDEAL INVERSI\u00d3N - En un entorno tranquilo en el coraz\u00f3n del centro hist\u00f3rico de Saint-Denis, cerca del metro, tranv\u00eda, RER y tiendas.<br \/>\nEn un condominio peque\u00f1o y bien cuidado en el tercer y \u00faltimo piso, un estudio de 19,25 m\u00b2 Loi Carrez totalmente amueblado y equipado VENDIDO OCUPADO con una orientaci\u00f3n este, jard\u00edn muy tranquilo que no se pasa por alto, que consta de un hall de entrada, sala de estar con TV, sof\u00e1 cama, mesa de caf\u00e9, lavadora integrada y vista sin obst\u00e1culos, cocina equipada con placa el\u00e9ctrica, campana extractora, microondas, nevera, cuarto de ducha con WC.<br \/>\nCalefacci\u00f3n el\u00e9ctrica individual.<br \/>\nGastos anuales de comunidad: aproximadamente 1032 euros. ;<br \/>\nImpuesto sobre bienes inmuebles 2025: 446 euros ;<br \/>\nArrendamiento amueblado a partir del 1 de julio de 2023;<br \/>\nInquilino al d\u00eda en el pago del alquiler ;<br \/>\nAlquiler sin gastos: 590 euros ;<br \/>\nProvisi\u00f3n sobre gastos: 35 euros ;<br \/>\nLoyer CC : 625 euros ;<br \/>\nEXCLUSIVA<\/p>\n<div class=\"column1 halfcolomnproductsingle\">\n<div class=\"prixvente\"><b>Precios<\/b>: 99000 \u20ac <\/div>\n<div class=\"prixloyer\"><b>Alquiler<\/b>: \u20ac \/mes<\/p>\n<style>.prixloyer {display:none !important;}<\/style>\n<\/div>\n<div class=\"caution\"><b>Dep\u00f3sito<\/b>: \u20ac <\/p>\n<style>.caution {display:none !important;}<\/style>\n<\/div>\n<div class=\"gesmaison\"><b>Em. CO2:\u00a0<\/b> <\/p>\n<style>.gesmaison {display:none !important;}<\/style>\n<\/div>\n<div class=\"gesappart\"><b>Em. CO2:\u00a0<\/b>B <\/div>\n<div class=\"consomaison\"><b>Consumo<\/b>Kw\/h <\/p>\n<style>.consomaison {display:none !important;}<\/style>\n<\/div>\n<div class=\"consoappart\"><b>Consumo<\/b>: 261 Kw\/h <\/div>\n<div class=\"ville\"><b>Ciudad<\/b>93200 SAINT DENIS<\/div>\n<div class=\"surfacemaison\"><b>Superficie<\/b>: m2 <\/p>\n<style>.surfacemaison {display:none !important;}<\/style>\n<\/div>\n<div class=\"surfaceappart\"><b>Superficie<\/b>: 20m2 <\/div>\n<div class=\"surfaceimmeuble\"><b>Superficie<\/b>: m2 <\/p>\n<style>.surfaceimmeuble {display:none !important;}<\/style>\n<\/div>\n<div class=\"surfaceparking\"><b>Superficie<\/b>: m2 <\/p>\n<style>.surfaceparking {display:none !important;}<\/style>\n<\/div>\n<div class=\"surfaceterrain\"><b>Superficie<\/b>: m2 <\/p>\n<style>.surfaceterrain {display:none !important;}<\/style>\n<\/div>\n<div class=\"piecesmaison\"><b>Piezas<\/b>:  <\/p>\n<style>.piecesmaison {display:none !important;}<\/style>\n<\/div>\n<div class=\"piecesappart\"><b>Piezas<\/b>: 1 <\/div>\n<div class=\"piecesimmeuble\"><b>Piezas<\/b>: <\/p>\n<style>.piecesimmeuble {display:none !important;}<\/style>\n<\/div>\n<div class=\"sdbmaison\"><b>Ba\u00f1os S.<\/b>:  <\/p>\n<style>.sdbmaison {display:none !important;}<\/style>\n<\/div>\n<div class=\"sdbappart\"><b>Ba\u00f1os S.<\/b>: 0 <\/p>\n<style>.sdbappart {display:none !important;}<\/style>\n<\/div>\n<div class=\"sdemaison\"><b>S. agua<\/b>: <\/p>\n<style>.sdemaison {display:none !important;}<\/style>\n<\/div>\n<div class=\"sdeappart\"><b>S. agua<\/b>: 1 <\/div>\n<div class=\"etagesappart\"><b>Suelo<\/b>: 3\/3<\/div>\n<div class=\"etagesmaison\"><b>Suelo<\/b>: \/<\/p>\n<style>.etagesmaison {display:none !important;}<\/style>\n<\/div>\n<div class=\"etagesimmeuble\"><b>Suelo<\/b>:  <\/p>\n<style>.etagesimmeuble {display:none !important;}<\/style>\n<\/div>\n<\/div>\n<div class=\"column1 halfcolomnproductsingle\">\n<div class=\"assainissementterrain\"><b>Saneamiento<\/b>: <\/p>\n<style>.assainissementterrain {display:none !important;}<\/style>\n<\/div>\n<div class=\"construcmaison\"><b>Construcci\u00f3n<\/b>:   <\/p>\n<style>.construcmaison {display:none !important;}<\/style>\n<\/div>\n<div class=\"construcappart\"><b>Construcci\u00f3n<\/b>1900 Piedra y ladrillo <\/div>\n<div class=\"chambresappart\"><b>Habitaciones<\/b>: 0<\/p>\n<style>.chambresappart {display:none !important;}<\/style>\n<\/div>\n<div class=\"chambresmaison\"><b>Habitaciones<\/b>: <\/p>\n<style>.chambresmaison {display:none !important;}<\/style>\n<\/div>\n<div class=\"chambresimmeuble\"><b>Habitaciones<\/b>: <\/p>\n<style>.chambresimmeuble {display:none !important;}<\/style>\n<\/div>\n<div class=\"vuedappart\"><b>Ver<\/b>:  <\/p>\n<style>.vuedappart {display:none !important;}<\/style>\n<\/div>\n<div class=\"vuemaison\"><b>Ver<\/b>:  <\/p>\n<style>.vuemaison {display:none !important;}<\/style>\n<\/div>\n<div class=\"fenetresmaison\"><b>Windows<\/b>:\u00a0 <\/p>\n<style>.fenetresmaison {display:none !important;}<\/style>\n<\/div>\n<div class=\"fenetresappart\"><b>Windows<\/b>: Doble acristalamiento de PVC <\/div>\n<div class=\"chauffagemaison\"><b>Calefacci\u00f3n<\/b>:  <\/p>\n<style>.chauffagemaison {display:none !important;}<\/style>\n<\/div>\n<div class=\"chauffagemodemaison\"><b>Calefacci\u00f3n<\/b>: <\/p>\n<style>.chauffagemodemaison {display:none !important;}<\/style>\n<\/div>\n<div class=\"chauffageappart\"><b>Calefacci\u00f3n<\/b>Individual <\/div>\n<div class=\"chauffagemodeappart\"><b>Calefacci\u00f3n<\/b>El\u00e9ctrico<\/div>\n<div class=\"cuisinemaison\"><b>Cocina<\/b>: <\/p>\n<style>.cuisinemaison {display:none !important;}<\/style>\n<\/div>\n<div class=\"cuisineappart\"><b>Cocina<\/b>Abierto Equipado <\/p>\n<style>.cuisineappart {display:none !important;}<\/style>\n<\/div>\n<div class=\"honovente\"><b>Hono<\/b>: Vendedor <\/div>\n<div class=\"honoloc\"><b>Hono<\/b>: \u20ac <\/p>\n<style>.honoloc {display:none !important;}<\/style>\n<\/div>\n<\/div>\n<p>&nbsp;<br \/>\n<img decoding=\"async\" id=\"logoagence\" style=\"max-width: 35%;\" src=\"\/wp-content\/uploads\/2020\/03\/logo-new.png\" \/><strong>\u00a0<\/strong><\/p>\n<div class=\"dpeappart\" style=\"display: none;\"><img decoding=\"async\" src=\"\/wp-content\/uploads\/2020\/03\/DPE-D.png\" \/><\/div>\n<div class=\"dpemaison\" style=\"display: none;\"><\/div>\n<p>1630<br \/>\n&nbsp;<br \/>\n<img decoding=\"async\" id=\"logoagence\" style=\"max-width: 35%;\" src=\"\/wp-content\/uploads\/2020\/03\/logo-new.png\" \/><strong>\u00a0<\/strong><\/p>\n<div class=\"dpeappart\" style=\"display: none;\"><img decoding=\"async\" src=\"\/wp-content\/uploads\/2020\/03\/DPE-D.png\" \/><\/div>\n<div class=\"dpemaison\" style=\"display: none;\"><\/div>","protected":false},"excerpt":{"rendered":"<p>  IDEAL INVERSI\u00d3N - En un entorno tranquilo en el coraz\u00f3n del centro hist\u00f3rico de Saint-Denis, cerca del metro, tranv\u00eda, RER y tiendas.<br \/>\nEn un condominio peque\u00f1o y bien cuidado en el tercer y \u00faltimo piso, un estudio de 19,25 m\u00b2 Loi Carrez totalmente amueblado y equipado VENDIDO OCUPADO con una orientaci\u00f3n este, jard\u00edn muy tranquilo que no se pasa por alto, que consta de un hall de entrada, sala de estar con TV, sof\u00e1 cama, mesa de caf\u00e9, lavadora integrada y vista sin obst\u00e1culos, cocina equipada con placa el\u00e9ctrica, campana extractora, microondas, nevera, cuarto de ducha con WC.<br \/>\nCalefacci\u00f3n el\u00e9ctrica individual.<br \/>\nGastos anuales de comunidad: aproximadamente 1032 euros. ;<br \/>\nImpuesto sobre bienes inmuebles 2025: 446 euros ;<br \/>\nArrendamiento amueblado a partir del 1 de julio de 2023;<br \/>\nInquilino al d\u00eda en el pago del alquiler ;<br \/>\nAlquiler sin gastos: 590 euros ;<br \/>\nProvisi\u00f3n sobre gastos: 35 euros ;<br \/>\nAlquiler CC: 625 euros; \u00a1Exclusivo!     <\/p>\n<div class=\"column1 halfcolomnproductsingle\">\n<div class=\"prixvente\"><b>Precios<\/b>: 99000 \u20ac <\/div>\n<div class=\"prixloyer\"><b>Alquiler<\/b>: \u20ac \/mes<\/p>\n<style>.prixloyer {display:none !important;}<\/style>\n<\/div>\n<div class=\"caution\"><b>Dep\u00f3sito<\/b>: \u20ac <\/p>\n<style>.caution {display:none !important;}<\/style>\n<\/div>\n<div class=\"gesmaison\"><b>Em. CO2:\u00a0<\/b> <\/p>\n<style>.gesmaison {display:none !important;}<\/style>\n<\/div>\n<div class=\"gesappart\"><b>Em. CO2:\u00a0<\/b>B <\/div>\n<div class=\"consomaison\"><b>Consumo<\/b>Kw\/h <\/p>\n<style>.consomaison {display:none !important;}<\/style>\n<\/div>\n<div class=\"consoappart\"><b>Consumo<\/b>: 261 Kw\/h <\/div>\n<div class=\"ville\"><b>Ciudad<\/b>93200 SAINT DENIS<\/div>\n<div class=\"surfacemaison\"><b>Superficie<\/b>: m2 <\/p>\n<style>.surfacemaison {display:none !important;}<\/style>\n<\/div>\n<div class=\"surfaceappart\"><b>Superficie<\/b>: 20m2 <\/div>\n<div class=\"surfaceimmeuble\"><b>Superficie<\/b>: m2 <\/p>\n<style>.surfaceimmeuble {display:none !important;}<\/style>\n<\/div>\n<div class=\"surfaceparking\"><b>Superficie<\/b>: m2 <\/p>\n<style>.surfaceparking {display:none !important;}<\/style>\n<\/div>\n<div class=\"surfaceterrain\"><b>Superficie<\/b>: m2 <\/p>\n<style>.surfaceterrain {display:none !important;}<\/style>\n<\/div>\n<div class=\"piecesmaison\"><b>Piezas<\/b>:  <\/p>\n<style>.piecesmaison {display:none !important;}<\/style>\n<\/div>\n<div class=\"piecesappart\"><b>Piezas<\/b>: 1 <\/div>\n<div class=\"piecesimmeuble\"><b>Piezas<\/b>: <\/p>\n<style>.piecesimmeuble {display:none !important;}<\/style>\n<\/div>\n<div class=\"sdbmaison\"><b>Ba\u00f1os S.<\/b>:  <\/p>\n<style>.sdbmaison {display:none !important;}<\/style>\n<\/div>\n<div class=\"sdbappart\"><b>Ba\u00f1os S.<\/b>: 0 <\/p>\n<style>.sdbappart {display:none !important;}<\/style>\n<\/div>\n<div class=\"sdemaison\"><b>S. agua<\/b>: <\/p>\n<style>.sdemaison {display:none !important;}<\/style>\n<\/div>\n<div class=\"sdeappart\"><b>S. agua<\/b>: 1 <\/div>\n<div class=\"etagesappart\"><b>Suelo<\/b>: 3\/3<\/div>\n<div class=\"etagesmaison\"><b>Suelo<\/b>: \/<\/p>\n<style>.etagesmaison {display:none !important;}<\/style>\n<\/div>\n<div class=\"etagesimmeuble\"><b>Suelo<\/b>:  <\/p>\n<style>.etagesimmeuble {display:none !important;}<\/style>\n<\/div><\/div>\n<div class=\"column1 halfcolomnproductsingle\">\n<div class=\"assainissementterrain\"><b>Saneamiento<\/b>: <\/p>\n<style>.assainissementterrain {display:none !important;}<\/style>\n<\/div>\n<div class=\"construcmaison\"><b>Construcci\u00f3n<\/b>:   <\/p>\n<style>.construcmaison {display:none !important;}<\/style>\n<\/div>\n<div class=\"construcappart\"><b>Construcci\u00f3n<\/b>1900 Piedra y ladrillo <\/div>\n<div class=\"chambresappart\"><b>Habitaciones<\/b>: 0<\/p>\n<style>.chambresappart {display:none !important;}<\/style>\n<\/div>\n<div class=\"chambresmaison\"><b>Habitaciones<\/b>: <\/p>\n<style>.chambresmaison {display:none !important;}<\/style>\n<\/div>\n<div class=\"chambresimmeuble\"><b>Habitaciones<\/b>: <\/p>\n<style>.chambresimmeuble {display:none !important;}<\/style>\n<\/div>\n<div class=\"vuedappart\"><b>Ver<\/b>:  <\/p>\n<style>.vuedappart {display:none !important;}<\/style>\n<\/div>\n<div class=\"vuemaison\"><b>Ver<\/b>:  <\/p>\n<style>.vuemaison {display:none !important;}<\/style>\n<\/div>\n<div class=\"fenetresmaison\"><b>Windows<\/b>:\u00a0 <\/p>\n<style>.fenetresmaison {display:none !important;}<\/style>\n<\/div>\n<div class=\"fenetresappart\"><b>Windows<\/b>: Doble acristalamiento de PVC <\/div>\n<div class=\"chauffagemaison\"><b>Calefacci\u00f3n<\/b>:  <\/p>\n<style>.chauffagemaison {display:none !important;}<\/style>\n<\/div>\n<div class=\"chauffagemodemaison\"><b>Calefacci\u00f3n<\/b>: <\/p>\n<style>.chauffagemodemaison {display:none !important;}<\/style>\n<\/div>\n<div class=\"chauffageappart\"><b>Calefacci\u00f3n<\/b>Individual <\/div>\n<div class=\"chauffagemodeappart\"><b>Calefacci\u00f3n<\/b>El\u00e9ctrico<\/div>\n<div class=\"cuisinemaison\"><b>Cocina<\/b>: <\/p>\n<style>.cuisinemaison {display:none !important;}<\/style>\n<\/div>\n<div class=\"cuisineappart\"><b>Cocina<\/b>Abierto Equipado <\/p>\n<style>.cuisineappart {display:none !important;}<\/style>\n<\/div>\n<div class=\"honovente\"><b>Hono<\/b>: Vendedor <\/div>\n<div class=\"honoloc\"><b>Hono<\/b>: \u20ac <\/p>\n<style>.honoloc {display:none !important;}<\/style>\n<\/div><\/div>\n<p> \u00a0  <img decoding=\"async\" id=\"logoagence\" style=\"max-width: 35%;\" src=\"\/wp-content\/uploads\/2020\/03\/logo-new.png\" \/> <\/p>\n<div> Id del anuncio: 60324395<\/div>\n<div class=\"dpeappart\" style=\"display: none;\"><img decoding=\"async\" src=\"\/wp-content\/uploads\/2020\/03\/DPE-D.png\" \/><\/div>\n<div class=\"dpemaison\" style=\"display: none;\"><\/div>","protected":false},"featured_media":12957005,"template":"","meta":{"_et_pb_use_builder":"on","_et_pb_old_content":"","_et_gb_content_width":""},"product_brand":[],"product_cat":[984],"product_tag":[2641,2290,2293,2291,2299,2288,2292],"ville":[2638],"code_postal":[969],"mot_cle":[2725,967,963,966,964,972,968,965],"surface_bien":[2949],"type_produit":[2268],"prix_loc":[2285],"prix_transac":[2444],"vendu":[2453],"class_list":{"0":"post-12957004","1":"product","2":"type-product","3":"status-publish","4":"has-post-thumbnail","6":"product_cat-appartement","7":"product_tag-ales-appartement-a-vendre-maison-a-vendre-transaction-immobilier","8":"product_tag-appartement-a-vendre","9":"product_tag-immobilier","10":"product_tag-maison-a-vendre","11":"product_tag-pierre-et-brique","12":"product_tag-saint-denis","13":"product_tag-transaction","14":"pa_prixtransactionpouralerte-2438","15":"pa_surfacepouralerte-2351","16":"ville-saint-denis","17":"code_postal-969","18":"mot_cle-08-m2","19":"mot_cle-967","20":"mot_cle-appartement-a-vendre","21":"mot_cle-immobilier","22":"mot_cle-maison-a-vendre","23":"mot_cle-pierre-et-brique","24":"mot_cle-saint-denis","25":"mot_cle-transaction","26":"surface_bien-2949","27":"type_produit-acheter","28":"prix_loc-2285","29":"prix_transac-99000-00","31":"first","32":"instock","33":"purchasable","34":"product-type-simple"},"yoast_head":"<!-- This site is optimized with the Yoast SEO plugin v27.3 - https:\/\/yoast.com\/product\/yoast-seo-wordpress\/ -->\n<title>A vendre Appartement Saint Denis 1 pi\u00e8ce(s) 20 m2<\/title>\n<meta name=\"description\" content=\"Immobilier A vendreA louer Appartement Saint Denis 1 pi\u00e8ce(s) 20 m2 93 Seine Saint Denis, location et vente\" \/>\n<meta name=\"robots\" content=\"index, follow, max-snippet:-1, max-image-preview:large, max-video-preview:-1\" \/>\n<link rel=\"canonical\" href=\"https:\/\/saint-denis-immobilier.fr\/es\/operacion-de-alquiler\/piso-saint-denis-1-habitacion-20-m2\/\" \/>\n<meta property=\"og:locale\" content=\"es_ES\" \/>\n<meta property=\"og:type\" content=\"article\" \/>\n<meta property=\"og:title\" content=\"A vendre Appartement Saint Denis 1 pi\u00e8ce(s) 20 m2\" \/>\n<meta property=\"og:description\" content=\"Immobilier A vendreA louer Appartement Saint Denis 1 pi\u00e8ce(s) 20 m2 93 Seine Saint Denis, location et vente\" \/>\n<meta property=\"og:url\" content=\"https:\/\/saint-denis-immobilier.fr\/es\/operacion-de-alquiler\/piso-saint-denis-1-habitacion-20-m2\/\" \/>\n<meta property=\"og:site_name\" content=\"Saint-Denis Immobilier\" \/>\n<meta property=\"article:modified_time\" content=\"2026-04-05T16:00:19+00:00\" \/>\n<meta property=\"og:image\" content=\"https:\/\/saint-denis-immobilier.fr\/wp-content\/uploads\/2026\/04\/2026-100135.jpg\" \/>\n\t<meta property=\"og:image:width\" content=\"1920\" \/>\n\t<meta property=\"og:image:height\" content=\"1080\" \/>\n\t<meta property=\"og:image:type\" content=\"image\/jpeg\" \/>\n<meta name=\"twitter:card\" content=\"summary_large_image\" \/>\n<meta name=\"twitter:label1\" content=\"Tiempo de lectura\" \/>\n\t<meta name=\"twitter:data1\" content=\"1 minuto\" \/>\n<script type=\"application\/ld+json\" class=\"yoast-schema-graph\">{\"@context\":\"https:\\\/\\\/schema.org\",\"@graph\":[{\"@type\":\"WebPage\",\"@id\":\"https:\\\/\\\/saint-denis-immobilier.fr\\\/es\\\/operacion-de-alquiler\\\/piso-saint-denis-1-habitacion-20-m2\\\/\",\"url\":\"https:\\\/\\\/saint-denis-immobilier.fr\\\/es\\\/operacion-de-alquiler\\\/piso-saint-denis-1-habitacion-20-m2\\\/\",\"name\":\"A vendre Appartement Saint Denis 1 pi\u00e8ce(s) 20 m2\",\"isPartOf\":{\"@id\":\"https:\\\/\\\/saint-denis-immobilier.fr\\\/#website\"},\"primaryImageOfPage\":{\"@id\":\"https:\\\/\\\/saint-denis-immobilier.fr\\\/es\\\/operacion-de-alquiler\\\/piso-saint-denis-1-habitacion-20-m2\\\/#primaryimage\"},\"image\":{\"@id\":\"https:\\\/\\\/saint-denis-immobilier.fr\\\/es\\\/operacion-de-alquiler\\\/piso-saint-denis-1-habitacion-20-m2\\\/#primaryimage\"},\"thumbnailUrl\":\"https:\\\/\\\/saint-denis-immobilier.fr\\\/wp-content\\\/uploads\\\/2026\\\/04\\\/2026-100135.jpg\",\"datePublished\":\"2026-04-05T14:00:14+00:00\",\"dateModified\":\"2026-04-05T16:00:19+00:00\",\"description\":\"Immobilier A vendreA louer Appartement Saint Denis 1 pi\u00e8ce(s) 20 m2 93 Seine Saint Denis, location et vente\",\"breadcrumb\":{\"@id\":\"https:\\\/\\\/saint-denis-immobilier.fr\\\/es\\\/operacion-de-alquiler\\\/piso-saint-denis-1-habitacion-20-m2\\\/#breadcrumb\"},\"inLanguage\":\"es\",\"potentialAction\":[{\"@type\":\"ReadAction\",\"target\":[\"https:\\\/\\\/saint-denis-immobilier.fr\\\/es\\\/operacion-de-alquiler\\\/piso-saint-denis-1-habitacion-20-m2\\\/\"]}]},{\"@type\":\"ImageObject\",\"inLanguage\":\"es\",\"@id\":\"https:\\\/\\\/saint-denis-immobilier.fr\\\/es\\\/operacion-de-alquiler\\\/piso-saint-denis-1-habitacion-20-m2\\\/#primaryimage\",\"url\":\"https:\\\/\\\/saint-denis-immobilier.fr\\\/wp-content\\\/uploads\\\/2026\\\/04\\\/2026-100135.jpg\",\"contentUrl\":\"https:\\\/\\\/saint-denis-immobilier.fr\\\/wp-content\\\/uploads\\\/2026\\\/04\\\/2026-100135.jpg\",\"width\":1920,\"height\":1080,\"caption\":\"Saint Denis Immobilier\"},{\"@type\":\"BreadcrumbList\",\"@id\":\"https:\\\/\\\/saint-denis-immobilier.fr\\\/es\\\/operacion-de-alquiler\\\/piso-saint-denis-1-habitacion-20-m2\\\/#breadcrumb\",\"itemListElement\":[{\"@type\":\"ListItem\",\"position\":1,\"name\":\"Home\",\"item\":\"https:\\\/\\\/saint-denis-immobilier.fr\\\/\"},{\"@type\":\"ListItem\",\"position\":2,\"name\":\"Nos biens \u00e0 la vente\",\"item\":\"https:\\\/\\\/saint-denis-immobilier.fr\\\/biens\\\/\"},{\"@type\":\"ListItem\",\"position\":3,\"name\":\"Appartement Saint Denis 1 pi\u00e8ce(s) 20 m2\"}]},{\"@type\":\"WebSite\",\"@id\":\"https:\\\/\\\/saint-denis-immobilier.fr\\\/#website\",\"url\":\"https:\\\/\\\/saint-denis-immobilier.fr\\\/\",\"name\":\"Saint-Denis Immobilier\",\"description\":\"agence immobiliere \u00e0 Saint-Denis\",\"publisher\":{\"@id\":\"https:\\\/\\\/saint-denis-immobilier.fr\\\/#organization\"},\"potentialAction\":[{\"@type\":\"SearchAction\",\"target\":{\"@type\":\"EntryPoint\",\"urlTemplate\":\"https:\\\/\\\/saint-denis-immobilier.fr\\\/?s={search_term_string}\"},\"query-input\":{\"@type\":\"PropertyValueSpecification\",\"valueRequired\":true,\"valueName\":\"search_term_string\"}}],\"inLanguage\":\"es\"},{\"@type\":\"Organization\",\"@id\":\"https:\\\/\\\/saint-denis-immobilier.fr\\\/#organization\",\"name\":\"Saint-Denis Immobilier\",\"url\":\"https:\\\/\\\/saint-denis-immobilier.fr\\\/\",\"logo\":{\"@type\":\"ImageObject\",\"inLanguage\":\"es\",\"@id\":\"https:\\\/\\\/saint-denis-immobilier.fr\\\/#\\\/schema\\\/logo\\\/image\\\/\",\"url\":\"https:\\\/\\\/www.saint-denis-immobilier.fr\\\/wp-content\\\/uploads\\\/2020\\\/02\\\/logo-new-cropped.png\",\"contentUrl\":\"https:\\\/\\\/www.saint-denis-immobilier.fr\\\/wp-content\\\/uploads\\\/2020\\\/02\\\/logo-new-cropped.png\",\"width\":452,\"height\":469,\"caption\":\"Saint-Denis Immobilier\"},\"image\":{\"@id\":\"https:\\\/\\\/saint-denis-immobilier.fr\\\/#\\\/schema\\\/logo\\\/image\\\/\"}}]}<\/script>\n<!-- \/ Yoast SEO plugin. -->","yoast_head_json":{"title":"Venta Apartamento Saint Denis 1 habitaci\u00f3n(es) 20 m2","description":"Inmobiliario VentaAlquiler Apartamento Saint Denis 1 habitacion(es) 20 m2 93 Seine Saint Denis, alquiler y venta","robots":{"index":"index","follow":"follow","max-snippet":"max-snippet:-1","max-image-preview":"max-image-preview:large","max-video-preview":"max-video-preview:-1"},"canonical":"https:\/\/saint-denis-immobilier.fr\/es\/operacion-de-alquiler\/piso-saint-denis-1-habitacion-20-m2\/","og_locale":"es_ES","og_type":"article","og_title":"A vendre Appartement Saint Denis 1 pi\u00e8ce(s) 20 m2","og_description":"Immobilier A vendreA louer Appartement Saint Denis 1 pi\u00e8ce(s) 20 m2 93 Seine Saint Denis, location et vente","og_url":"https:\/\/saint-denis-immobilier.fr\/es\/operacion-de-alquiler\/piso-saint-denis-1-habitacion-20-m2\/","og_site_name":"Saint-Denis Immobilier","article_modified_time":"2026-04-05T16:00:19+00:00","og_image":[{"width":1920,"height":1080,"url":"https:\/\/saint-denis-immobilier.fr\/wp-content\/uploads\/2026\/04\/2026-100135.jpg","type":"image\/jpeg"}],"twitter_card":"summary_large_image","twitter_misc":{"Tiempo de lectura":"1 minuto"},"schema":{"@context":"https:\/\/schema.org","@graph":[{"@type":"WebPage","@id":"https:\/\/saint-denis-immobilier.fr\/es\/operacion-de-alquiler\/piso-saint-denis-1-habitacion-20-m2\/","url":"https:\/\/saint-denis-immobilier.fr\/es\/operacion-de-alquiler\/piso-saint-denis-1-habitacion-20-m2\/","name":"Venta Apartamento Saint Denis 1 habitaci\u00f3n(es) 20 m2","isPartOf":{"@id":"https:\/\/saint-denis-immobilier.fr\/#website"},"primaryImageOfPage":{"@id":"https:\/\/saint-denis-immobilier.fr\/es\/operacion-de-alquiler\/piso-saint-denis-1-habitacion-20-m2\/#primaryimage"},"image":{"@id":"https:\/\/saint-denis-immobilier.fr\/es\/operacion-de-alquiler\/piso-saint-denis-1-habitacion-20-m2\/#primaryimage"},"thumbnailUrl":"https:\/\/saint-denis-immobilier.fr\/wp-content\/uploads\/2026\/04\/2026-100135.jpg","datePublished":"2026-04-05T14:00:14+00:00","dateModified":"2026-04-05T16:00:19+00:00","description":"Inmobiliario VentaAlquiler Apartamento Saint Denis 1 habitacion(es) 20 m2 93 Seine Saint Denis, alquiler y venta","breadcrumb":{"@id":"https:\/\/saint-denis-immobilier.fr\/es\/operacion-de-alquiler\/piso-saint-denis-1-habitacion-20-m2\/#breadcrumb"},"inLanguage":"es","potentialAction":[{"@type":"ReadAction","target":["https:\/\/saint-denis-immobilier.fr\/es\/operacion-de-alquiler\/piso-saint-denis-1-habitacion-20-m2\/"]}]},{"@type":"ImageObject","inLanguage":"es","@id":"https:\/\/saint-denis-immobilier.fr\/es\/operacion-de-alquiler\/piso-saint-denis-1-habitacion-20-m2\/#primaryimage","url":"https:\/\/saint-denis-immobilier.fr\/wp-content\/uploads\/2026\/04\/2026-100135.jpg","contentUrl":"https:\/\/saint-denis-immobilier.fr\/wp-content\/uploads\/2026\/04\/2026-100135.jpg","width":1920,"height":1080,"caption":"Saint Denis Immobilier"},{"@type":"BreadcrumbList","@id":"https:\/\/saint-denis-immobilier.fr\/es\/operacion-de-alquiler\/piso-saint-denis-1-habitacion-20-m2\/#breadcrumb","itemListElement":[{"@type":"ListItem","position":1,"name":"Home","item":"https:\/\/saint-denis-immobilier.fr\/"},{"@type":"ListItem","position":2,"name":"Nos biens \u00e0 la vente","item":"https:\/\/saint-denis-immobilier.fr\/biens\/"},{"@type":"ListItem","position":3,"name":"Appartement Saint Denis 1 pi\u00e8ce(s) 20 m2"}]},{"@type":"WebSite","@id":"https:\/\/saint-denis-immobilier.fr\/#website","url":"https:\/\/saint-denis-immobilier.fr\/","name":"Saint-Denis Immobilier","description":"agencia inmobiliaria en Saint-Denis","publisher":{"@id":"https:\/\/saint-denis-immobilier.fr\/#organization"},"potentialAction":[{"@type":"SearchAction","target":{"@type":"EntryPoint","urlTemplate":"https:\/\/saint-denis-immobilier.fr\/?s={search_term_string}"},"query-input":{"@type":"PropertyValueSpecification","valueRequired":true,"valueName":"search_term_string"}}],"inLanguage":"es"},{"@type":"Organization","@id":"https:\/\/saint-denis-immobilier.fr\/#organization","name":"Saint-Denis Immobilier","url":"https:\/\/saint-denis-immobilier.fr\/","logo":{"@type":"ImageObject","inLanguage":"es","@id":"https:\/\/saint-denis-immobilier.fr\/#\/schema\/logo\/image\/","url":"https:\/\/www.saint-denis-immobilier.fr\/wp-content\/uploads\/2020\/02\/logo-new-cropped.png","contentUrl":"https:\/\/www.saint-denis-immobilier.fr\/wp-content\/uploads\/2020\/02\/logo-new-cropped.png","width":452,"height":469,"caption":"Saint-Denis Immobilier"},"image":{"@id":"https:\/\/saint-denis-immobilier.fr\/#\/schema\/logo\/image\/"}}]}},"_links":{"self":[{"href":"https:\/\/saint-denis-immobilier.fr\/es\/wp-json\/wp\/v2\/product\/12957004","targetHints":{"allow":["GET"]}}],"collection":[{"href":"https:\/\/saint-denis-immobilier.fr\/es\/wp-json\/wp\/v2\/product"}],"about":[{"href":"https:\/\/saint-denis-immobilier.fr\/es\/wp-json\/wp\/v2\/types\/product"}],"wp:featuredmedia":[{"embeddable":true,"href":"https:\/\/saint-denis-immobilier.fr\/es\/wp-json\/wp\/v2\/media\/12957005"}],"wp:attachment":[{"href":"https:\/\/saint-denis-immobilier.fr\/es\/wp-json\/wp\/v2\/media?parent=12957004"}],"wp:term":[{"taxonomy":"product_brand","embeddable":true,"href":"https:\/\/saint-denis-immobilier.fr\/es\/wp-json\/wp\/v2\/product_brand?post=12957004"},{"taxonomy":"product_cat","embeddable":true,"href":"https:\/\/saint-denis-immobilier.fr\/es\/wp-json\/wp\/v2\/product_cat?post=12957004"},{"taxonomy":"product_tag","embeddable":true,"href":"https:\/\/saint-denis-immobilier.fr\/es\/wp-json\/wp\/v2\/product_tag?post=12957004"},{"taxonomy":"ville","embeddable":true,"href":"https:\/\/saint-denis-immobilier.fr\/es\/wp-json\/wp\/v2\/ville?post=12957004"},{"taxonomy":"code_postal","embeddable":true,"href":"https:\/\/saint-denis-immobilier.fr\/es\/wp-json\/wp\/v2\/code_postal?post=12957004"},{"taxonomy":"mot_cle","embeddable":true,"href":"https:\/\/saint-denis-immobilier.fr\/es\/wp-json\/wp\/v2\/mot_cle?post=12957004"},{"taxonomy":"surface_bien","embeddable":true,"href":"https:\/\/saint-denis-immobilier.fr\/es\/wp-json\/wp\/v2\/surface_bien?post=12957004"},{"taxonomy":"type_produit","embeddable":true,"href":"https:\/\/saint-denis-immobilier.fr\/es\/wp-json\/wp\/v2\/type_produit?post=12957004"},{"taxonomy":"prix_loc","embeddable":true,"href":"https:\/\/saint-denis-immobilier.fr\/es\/wp-json\/wp\/v2\/prix_loc?post=12957004"},{"taxonomy":"prix_transac","embeddable":true,"href":"https:\/\/saint-denis-immobilier.fr\/es\/wp-json\/wp\/v2\/prix_transac?post=12957004"},{"taxonomy":"vendu","embeddable":true,"href":"https:\/\/saint-denis-immobilier.fr\/es\/wp-json\/wp\/v2\/vendu?post=12957004"}],"curies":[{"name":"wp","href":"https:\/\/api.w.org\/{rel}","templated":true}]}}