{"id":12956490,"date":"2026-04-05T16:02:11","date_gmt":"2026-04-05T14:02:11","guid":{"rendered":"https:\/\/saint-denis-immobilier.fr\/transaction-location\/vendu-appartement-st-denis-4-pieces-91-m2\/"},"modified":"2026-04-05T18:02:17","modified_gmt":"2026-04-05T16:02:17","slug":"venduto-appartamento-st-denis-4-camere-91-m2","status":"publish","type":"product","link":"https:\/\/saint-denis-immobilier.fr\/it\/transazione-di-noleggio\/venduto-appartamento-st-denis-4-camere-91-m2\/","title":{"rendered":"<span class=\"sdi_exclu\"><\/span>VENDUTO!<div class=\"sdi_vendu\"><\/div>  APPARTAMENTO ST DENIS - 4 vano(i) - 91 m2"},"content":{"rendered":"<p>COUP DE COEUR ! A 6 minutes de la station de m\u00e9tro ligne 13 Basilique. Dans une belle r\u00e9sidence semi-r\u00e9cente au cinqui\u00e8me et dernier \u00e9tage avec ascenseur et face au Parc de la L\u00e9gion d&rsquo;Honneur, un appartement en tr\u00e8s bon \u00e9tat et traversant comprenant une entr\u00e9e, un double s\u00e9jour avec balcon terrasse expos\u00e9 sud, une cuisine, un d\u00e9gagement, deux chambres (possibilit\u00e9 trois chambres), salle de bains, WC, et deux caves en sous-sol. Fonctionnel, vue d\u00e9gag\u00e9e, copropri\u00e9t\u00e9 bien entretenue. Charges annuelles comprenant chauffage, eau chaude et eau froide : 4 723EUR. Honoraires charge vendeur.<br \/>\nESCLUSIVO!<\/p>\n<p>VENDUTO!<\/p>\n<div class=\"sdi_vendu\"><\/div>\n<div class=\"column1 halfcolomnproductsingle\">\n<div class=\"prixvente\"><b>Prezzi<\/b>: 179000 \u20ac <\/div>\n<div class=\"prixloyer\"><b>Affitto<\/b>: \u20ac \/mese<\/p>\n<style>.prixloyer {display:none !important;}<\/style>\n<\/div>\n<div class=\"caution\"><b>Deposito<\/b>: \u20ac <\/p>\n<style>.caution {display:none !important;}<\/style>\n<\/div>\n<div class=\"gesmaison\"><b>Em. CO2:\u00a0<\/b> <\/p>\n<style>.gesmaison {display:none !important;}<\/style>\n<\/div>\n<div class=\"gesappart\"><b>Em. CO2:\u00a0<\/b>G <\/div>\n<div class=\"consomaison\"><b>Consumo<\/b>Kw\/h <\/p>\n<style>.consomaison {display:none !important;}<\/style>\n<\/div>\n<div class=\"consoappart\"><b>Consumo<\/b>: 297 Kw\/h <\/div>\n<div class=\"ville\"><b>Citt\u00e0<\/b>93200 ST DENIS<\/div>\n<div class=\"surfacemaison\"><b>Superficie<\/b>: m2 <\/p>\n<style>.surfacemaison {display:none !important;}<\/style>\n<\/div>\n<div class=\"surfaceappart\"><b>Superficie<\/b>: 91m2 <\/div>\n<div class=\"surfaceimmeuble\"><b>Superficie<\/b>: m2 <\/p>\n<style>.surfaceimmeuble {display:none !important;}<\/style>\n<\/div>\n<div class=\"surfaceparking\"><b>Superficie<\/b>: m2 <\/p>\n<style>.surfaceparking {display:none !important;}<\/style>\n<\/div>\n<div class=\"surfaceterrain\"><b>Superficie<\/b>: m2 <\/p>\n<style>.surfaceterrain {display:none !important;}<\/style>\n<\/div>\n<div class=\"piecesmaison\"><b>Parti di ricambio<\/b>:  <\/p>\n<style>.piecesmaison {display:none !important;}<\/style>\n<\/div>\n<div class=\"piecesappart\"><b>Parti di ricambio<\/b>: 4 <\/div>\n<div class=\"piecesimmeuble\"><b>Parti di ricambio<\/b>: <\/p>\n<style>.piecesimmeuble {display:none !important;}<\/style>\n<\/div>\n<div class=\"sdbmaison\"><b>Bagni S.<\/b>:  <\/p>\n<style>.sdbmaison {display:none !important;}<\/style>\n<\/div>\n<div class=\"sdbappart\"><b>Bagni S.<\/b>: 1 <\/div>\n<div class=\"sdemaison\"><b>S. acqua<\/b>: <\/p>\n<style>.sdemaison {display:none !important;}<\/style>\n<\/div>\n<div class=\"sdeappart\"><b>S. acqua<\/b>:  <\/p>\n<style>.sdeappart {display:none !important;}<\/style>\n<\/div>\n<div class=\"etagesappart\"><b>Piano<\/b>: 5\/5<\/div>\n<div class=\"etagesmaison\"><b>Piano<\/b>: \/<\/p>\n<style>.etagesmaison {display:none !important;}<\/style>\n<\/div>\n<div class=\"etagesimmeuble\"><b>Piano<\/b>:  <\/p>\n<style>.etagesimmeuble {display:none !important;}<\/style>\n<\/div>\n<\/div>\n<div class=\"column1 halfcolomnproductsingle\">\n<div class=\"assainissementterrain\"><b>Igiene<\/b>: <\/p>\n<style>.assainissementterrain {display:none !important;}<\/style>\n<\/div>\n<div class=\"construcmaison\"><b>Costruzione<\/b>:   <\/p>\n<style>.construcmaison {display:none !important;}<\/style>\n<\/div>\n<div class=\"construcappart\"><b>Costruzione<\/b>: 1970  <\/div>\n<div class=\"chambresappart\"><b>Camere<\/b>: 2<\/div>\n<div class=\"chambresmaison\"><b>Camere<\/b>: <\/p>\n<style>.chambresmaison {display:none !important;}<\/style>\n<\/div>\n<div class=\"chambresimmeuble\"><b>Camere<\/b>: <\/p>\n<style>.chambresimmeuble {display:none !important;}<\/style>\n<\/div>\n<div class=\"vuedappart\"><b>Vista<\/b>:  <\/p>\n<style>.vuedappart {display:none !important;}<\/style>\n<\/div>\n<div class=\"vuemaison\"><b>Vista<\/b>:  <\/p>\n<style>.vuemaison {display:none !important;}<\/style>\n<\/div>\n<div class=\"fenetresmaison\"><b>Finestre<\/b>:\u00a0 <\/p>\n<style>.fenetresmaison {display:none !important;}<\/style>\n<\/div>\n<div class=\"fenetresappart\"><b>Finestre<\/b>:\u00a0 <\/p>\n<style>.fenetresappart {display:none !important;}<\/style>\n<\/div>\n<div class=\"chauffagemaison\"><b>Riscaldamento<\/b>:  <\/p>\n<style>.chauffagemaison {display:none !important;}<\/style>\n<\/div>\n<div class=\"chauffagemodemaison\"><b>Riscaldamento<\/b>: <\/p>\n<style>.chauffagemodemaison {display:none !important;}<\/style>\n<\/div>\n<div class=\"chauffageappart\"><b>Riscaldamento<\/b>: Collettivo <\/div>\n<div class=\"chauffagemodeappart\"><b>Riscaldamento<\/b>: Gas<\/div>\n<div class=\"cuisinemaison\"><b>Cucina<\/b>: <\/p>\n<style>.cuisinemaison {display:none !important;}<\/style>\n<\/div>\n<div class=\"cuisineappart\"><b>Cucina<\/b>Amenag\u00e9e <\/p>\n<style>.cuisineappart {display:none !important;}<\/style>\n<\/div>\n<div class=\"honovente\"><b>Hono<\/b>: Venditore <\/div>\n<div class=\"honoloc\"><b>Hono<\/b>: \u20ac <\/p>\n<style>.honoloc {display:none !important;}<\/style>\n<\/div>\n<\/div>\n<p>&nbsp;<br \/>\n<img decoding=\"async\" id=\"logoagence\" style=\"max-width: 35%;\" src=\"\/wp-content\/uploads\/2020\/03\/logo-new.png\" \/><strong>\u00a0<\/strong><\/p>\n<div class=\"dpeappart\" style=\"display: none;\"><img decoding=\"async\" src=\"\/wp-content\/uploads\/2020\/03\/DPE-E.png\" \/><\/div>\n<div class=\"dpemaison\" style=\"display: none;\"><\/div>\n<p>318<br \/>\n&nbsp;<br \/>\n<img decoding=\"async\" id=\"logoagence\" style=\"max-width: 35%;\" src=\"\/wp-content\/uploads\/2020\/03\/logo-new.png\" \/><strong>\u00a0<\/strong><\/p>\n<div class=\"dpeappart\" style=\"display: none;\"><img decoding=\"async\" src=\"\/wp-content\/uploads\/2020\/03\/DPE-E.png\" \/><\/div>\n<div class=\"dpemaison\" style=\"display: none;\"><\/div>","protected":false},"excerpt":{"rendered":"<p>  VI PIACER\u00c0! A 6 minuti dalla linea 13 della metropolitana Basilique. In una bella residenza bifamiliare al quinto e ultimo piano con ascensore e di fronte al Parc de la L\u00e9gion d'Honneur, questo appartamento in ottime condizioni \u00e8 composto da un ingresso, un doppio soggiorno con balcone-terrazza esposto a sud, una cucina, un disimpegno, due camere da letto (possibilit\u00e0 di tre camere da letto), bagno, WC e due cantine al piano interrato. Funzionale, vista aperta, condominio ben tenuto. Spese annuali comprensive di riscaldamento, acqua calda e fredda: 4.723EUR. Spese a carico del venditore. ESCLUSIVO!  VENDUTO!<\/p>\n<div class=\"sdi_vendu\"><\/div>\n<div class=\"column1 halfcolomnproductsingle\">\n<div class=\"prixvente\"><b>Prezzi<\/b>: 179000 \u20ac <\/div>\n<div class=\"prixloyer\"><b>Affitto<\/b>: \u20ac \/mese<\/p>\n<style>.prixloyer {display:none !important;}<\/style>\n<\/div>\n<div class=\"caution\"><b>Deposito<\/b>: \u20ac <\/p>\n<style>.caution {display:none !important;}<\/style>\n<\/div>\n<div class=\"gesmaison\"><b>Em. CO2:\u00a0<\/b> <\/p>\n<style>.gesmaison {display:none !important;}<\/style>\n<\/div>\n<div class=\"gesappart\"><b>Em. CO2:\u00a0<\/b>G <\/div>\n<div class=\"consomaison\"><b>Consumo<\/b>Kw\/h <\/p>\n<style>.consomaison {display:none !important;}<\/style>\n<\/div>\n<div class=\"consoappart\"><b>Consumo<\/b>: 297 Kw\/h <\/div>\n<div class=\"ville\"><b>Citt\u00e0<\/b>93200 ST DENIS<\/div>\n<div class=\"surfacemaison\"><b>Superficie<\/b>: m2 <\/p>\n<style>.surfacemaison {display:none !important;}<\/style>\n<\/div>\n<div class=\"surfaceappart\"><b>Superficie<\/b>: 91m2 <\/div>\n<div class=\"surfaceimmeuble\"><b>Superficie<\/b>: m2 <\/p>\n<style>.surfaceimmeuble {display:none !important;}<\/style>\n<\/div>\n<div class=\"surfaceparking\"><b>Superficie<\/b>: m2 <\/p>\n<style>.surfaceparking {display:none !important;}<\/style>\n<\/div>\n<div class=\"surfaceterrain\"><b>Superficie<\/b>: m2 <\/p>\n<style>.surfaceterrain {display:none !important;}<\/style>\n<\/div>\n<div class=\"piecesmaison\"><b>Parti di ricambio<\/b>:  <\/p>\n<style>.piecesmaison {display:none !important;}<\/style>\n<\/div>\n<div class=\"piecesappart\"><b>Parti di ricambio<\/b>: 4 <\/div>\n<div class=\"piecesimmeuble\"><b>Parti di ricambio<\/b>: <\/p>\n<style>.piecesimmeuble {display:none !important;}<\/style>\n<\/div>\n<div class=\"sdbmaison\"><b>Bagni S.<\/b>:  <\/p>\n<style>.sdbmaison {display:none !important;}<\/style>\n<\/div>\n<div class=\"sdbappart\"><b>Bagni S.<\/b>: 1 <\/div>\n<div class=\"sdemaison\"><b>S. acqua<\/b>: <\/p>\n<style>.sdemaison {display:none !important;}<\/style>\n<\/div>\n<div class=\"sdeappart\"><b>S. acqua<\/b>:  <\/p>\n<style>.sdeappart {display:none !important;}<\/style>\n<\/div>\n<div class=\"etagesappart\"><b>Piano<\/b>: 5\/5<\/div>\n<div class=\"etagesmaison\"><b>Piano<\/b>: \/<\/p>\n<style>.etagesmaison {display:none !important;}<\/style>\n<\/div>\n<div class=\"etagesimmeuble\"><b>Piano<\/b>:  <\/p>\n<style>.etagesimmeuble {display:none !important;}<\/style>\n<\/div><\/div>\n<div class=\"column1 halfcolomnproductsingle\">\n<div class=\"assainissementterrain\"><b>Igiene<\/b>: <\/p>\n<style>.assainissementterrain {display:none !important;}<\/style>\n<\/div>\n<div class=\"construcmaison\"><b>Costruzione<\/b>:   <\/p>\n<style>.construcmaison {display:none !important;}<\/style>\n<\/div>\n<div class=\"construcappart\"><b>Costruzione<\/b>: 1970  <\/div>\n<div class=\"chambresappart\"><b>Camere<\/b>: 2<\/div>\n<div class=\"chambresmaison\"><b>Camere<\/b>: <\/p>\n<style>.chambresmaison {display:none !important;}<\/style>\n<\/div>\n<div class=\"chambresimmeuble\"><b>Camere<\/b>: <\/p>\n<style>.chambresimmeuble {display:none !important;}<\/style>\n<\/div>\n<div class=\"vuedappart\"><b>Vista<\/b>:  <\/p>\n<style>.vuedappart {display:none !important;}<\/style>\n<\/div>\n<div class=\"vuemaison\"><b>Vista<\/b>:  <\/p>\n<style>.vuemaison {display:none !important;}<\/style>\n<\/div>\n<div class=\"fenetresmaison\"><b>Finestre<\/b>:\u00a0 <\/p>\n<style>.fenetresmaison {display:none !important;}<\/style>\n<\/div>\n<div class=\"fenetresappart\"><b>Finestre<\/b>:\u00a0 <\/p>\n<style>.fenetresappart {display:none !important;}<\/style>\n<\/div>\n<div class=\"chauffagemaison\"><b>Riscaldamento<\/b>:  <\/p>\n<style>.chauffagemaison {display:none !important;}<\/style>\n<\/div>\n<div class=\"chauffagemodemaison\"><b>Riscaldamento<\/b>: <\/p>\n<style>.chauffagemodemaison {display:none !important;}<\/style>\n<\/div>\n<div class=\"chauffageappart\"><b>Riscaldamento<\/b>: Collettivo <\/div>\n<div class=\"chauffagemodeappart\"><b>Riscaldamento<\/b>: Gas<\/div>\n<div class=\"cuisinemaison\"><b>Cucina<\/b>: <\/p>\n<style>.cuisinemaison {display:none !important;}<\/style>\n<\/div>\n<div class=\"cuisineappart\"><b>Cucina<\/b>Amenag\u00e9e <\/p>\n<style>.cuisineappart {display:none !important;}<\/style>\n<\/div>\n<div class=\"honovente\"><b>Hono<\/b>: Venditore <\/div>\n<div class=\"honoloc\"><b>Hono<\/b>: \u20ac <\/p>\n<style>.honoloc {display:none !important;}<\/style>\n<\/div><\/div>\n<p> \u00a0  <img decoding=\"async\" id=\"logoagence\" style=\"max-width: 35%;\" src=\"\/wp-content\/uploads\/2020\/03\/logo-new.png\" \/> <\/p>\n<div> ID annuncio: 31975638<\/div>\n<div class=\"dpeappart\" style=\"display: none;\"><img decoding=\"async\" src=\"\/wp-content\/uploads\/2020\/03\/DPE-E.png\" \/><\/div>\n<div class=\"dpemaison\" style=\"display: none;\"><\/div>","protected":false},"featured_media":12956183,"template":"","meta":{"_et_pb_use_builder":"on","_et_pb_old_content":"","_et_gb_content_width":""},"product_brand":[],"product_cat":[984],"product_tag":[2641,2290,3686,2293,2291,3595,2292],"ville":[2440],"code_postal":[969],"mot_cle":[2725,967,963,2511,966,964,968,2442,965],"surface_bien":[2512],"type_produit":[2268],"prix_loc":[2285],"prix_transac":[2513],"vendu":[2454],"class_list":{"0":"post-12956490","1":"product","2":"type-product","3":"status-publish","4":"has-post-thumbnail","6":"product_cat-appartement","7":"product_tag-ales-appartement-a-vendre-maison-a-vendre-transaction-immobilier","8":"product_tag-appartement-a-vendre","9":"product_tag-appartement-st-denis-4-pieces-91-m2","10":"product_tag-immobilier","11":"product_tag-maison-a-vendre","12":"product_tag-st-denis","13":"product_tag-transaction","14":"pa_prixtransactionpouralerte-2437","15":"pa_surfacepouralerte-2320","16":"ville-st-denis","17":"code_postal-969","18":"mot_cle-08-m2","19":"mot_cle-967","20":"mot_cle-appartement-a-vendre","21":"mot_cle-appartement-st-denis-4-pieces-91-m2","22":"mot_cle-immobilier","23":"mot_cle-maison-a-vendre","24":"mot_cle-saint-denis","25":"mot_cle-st-denis","26":"mot_cle-transaction","27":"surface_bien-2512","28":"type_produit-acheter","29":"prix_loc-2285","30":"prix_transac-179000-00","31":"vendu-2454","33":"first","34":"instock","35":"purchasable","36":"product-type-simple"},"yoast_head":"<!-- This site is optimized with the Yoast SEO plugin v27.3 - https:\/\/yoast.com\/product\/yoast-seo-wordpress\/ -->\n<title>A vendre APPARTEMENT ST DENIS - 4 pi\u00e8ce(s) - 91 m2<\/title>\n<meta name=\"description\" content=\"Immobilier A vendreA louer APPARTEMENT ST DENIS - 4 pi\u00e8ce(s) - 91 m2 93 Seine Saint Denis, location et vente\" \/>\n<meta name=\"robots\" content=\"index, follow, max-snippet:-1, max-image-preview:large, max-video-preview:-1\" \/>\n<link rel=\"canonical\" href=\"https:\/\/saint-denis-immobilier.fr\/it\/transazione-di-noleggio\/venduto-appartamento-st-denis-4-camere-91-m2\/\" \/>\n<meta property=\"og:locale\" content=\"it_IT\" \/>\n<meta property=\"og:type\" content=\"article\" \/>\n<meta property=\"og:title\" content=\"A vendre APPARTEMENT ST DENIS - 4 pi\u00e8ce(s) - 91 m2\" \/>\n<meta property=\"og:description\" content=\"Immobilier A vendreA louer APPARTEMENT ST DENIS - 4 pi\u00e8ce(s) - 91 m2 93 Seine Saint Denis, location et vente\" \/>\n<meta property=\"og:url\" content=\"https:\/\/saint-denis-immobilier.fr\/it\/transazione-di-noleggio\/venduto-appartamento-st-denis-4-camere-91-m2\/\" \/>\n<meta property=\"og:site_name\" content=\"Saint-Denis Immobilier\" \/>\n<meta property=\"article:modified_time\" content=\"2026-04-05T16:02:17+00:00\" \/>\n<meta property=\"og:image\" content=\"https:\/\/saint-denis-immobilier.fr\/wp-content\/uploads\/2025\/12\/2025-065347.jpg\" \/>\n\t<meta property=\"og:image:width\" content=\"800\" \/>\n\t<meta property=\"og:image:height\" content=\"533\" \/>\n\t<meta property=\"og:image:type\" content=\"image\/jpeg\" \/>\n<meta name=\"twitter:card\" content=\"summary_large_image\" \/>\n<meta name=\"twitter:label1\" content=\"Tempo di lettura stimato\" \/>\n\t<meta name=\"twitter:data1\" content=\"1 minuto\" \/>\n<script type=\"application\/ld+json\" class=\"yoast-schema-graph\">{\"@context\":\"https:\\\/\\\/schema.org\",\"@graph\":[{\"@type\":\"WebPage\",\"@id\":\"https:\\\/\\\/saint-denis-immobilier.fr\\\/it\\\/transazione-di-noleggio\\\/venduto-appartamento-st-denis-4-camere-91-m2\\\/\",\"url\":\"https:\\\/\\\/saint-denis-immobilier.fr\\\/it\\\/transazione-di-noleggio\\\/venduto-appartamento-st-denis-4-camere-91-m2\\\/\",\"name\":\"A vendre APPARTEMENT ST DENIS - 4 pi\u00e8ce(s) - 91 m2\",\"isPartOf\":{\"@id\":\"https:\\\/\\\/saint-denis-immobilier.fr\\\/#website\"},\"primaryImageOfPage\":{\"@id\":\"https:\\\/\\\/saint-denis-immobilier.fr\\\/it\\\/transazione-di-noleggio\\\/venduto-appartamento-st-denis-4-camere-91-m2\\\/#primaryimage\"},\"image\":{\"@id\":\"https:\\\/\\\/saint-denis-immobilier.fr\\\/it\\\/transazione-di-noleggio\\\/venduto-appartamento-st-denis-4-camere-91-m2\\\/#primaryimage\"},\"thumbnailUrl\":\"https:\\\/\\\/saint-denis-immobilier.fr\\\/wp-content\\\/uploads\\\/2025\\\/12\\\/2025-065347.jpg\",\"datePublished\":\"2026-04-05T14:02:11+00:00\",\"dateModified\":\"2026-04-05T16:02:17+00:00\",\"description\":\"Immobilier A vendreA louer APPARTEMENT ST DENIS - 4 pi\u00e8ce(s) - 91 m2 93 Seine Saint Denis, location et vente\",\"breadcrumb\":{\"@id\":\"https:\\\/\\\/saint-denis-immobilier.fr\\\/it\\\/transazione-di-noleggio\\\/venduto-appartamento-st-denis-4-camere-91-m2\\\/#breadcrumb\"},\"inLanguage\":\"it-IT\",\"potentialAction\":[{\"@type\":\"ReadAction\",\"target\":[\"https:\\\/\\\/saint-denis-immobilier.fr\\\/it\\\/transazione-di-noleggio\\\/venduto-appartamento-st-denis-4-camere-91-m2\\\/\"]}]},{\"@type\":\"ImageObject\",\"inLanguage\":\"it-IT\",\"@id\":\"https:\\\/\\\/saint-denis-immobilier.fr\\\/it\\\/transazione-di-noleggio\\\/venduto-appartamento-st-denis-4-camere-91-m2\\\/#primaryimage\",\"url\":\"https:\\\/\\\/saint-denis-immobilier.fr\\\/wp-content\\\/uploads\\\/2025\\\/12\\\/2025-065347.jpg\",\"contentUrl\":\"https:\\\/\\\/saint-denis-immobilier.fr\\\/wp-content\\\/uploads\\\/2025\\\/12\\\/2025-065347.jpg\",\"width\":800,\"height\":533,\"caption\":\"Saint Denis Immobilier\"},{\"@type\":\"BreadcrumbList\",\"@id\":\"https:\\\/\\\/saint-denis-immobilier.fr\\\/it\\\/transazione-di-noleggio\\\/venduto-appartamento-st-denis-4-camere-91-m2\\\/#breadcrumb\",\"itemListElement\":[{\"@type\":\"ListItem\",\"position\":1,\"name\":\"Home\",\"item\":\"https:\\\/\\\/saint-denis-immobilier.fr\\\/\"},{\"@type\":\"ListItem\",\"position\":2,\"name\":\"Nos biens \u00e0 la vente\",\"item\":\"https:\\\/\\\/saint-denis-immobilier.fr\\\/biens\\\/\"},{\"@type\":\"ListItem\",\"position\":3,\"name\":\"VENDU ! APPARTEMENT ST DENIS &#8211; 4 pi\u00e8ce(s) &#8211; 91 m2\"}]},{\"@type\":\"WebSite\",\"@id\":\"https:\\\/\\\/saint-denis-immobilier.fr\\\/#website\",\"url\":\"https:\\\/\\\/saint-denis-immobilier.fr\\\/\",\"name\":\"Saint-Denis Immobilier\",\"description\":\"agence immobiliere \u00e0 Saint-Denis\",\"publisher\":{\"@id\":\"https:\\\/\\\/saint-denis-immobilier.fr\\\/#organization\"},\"potentialAction\":[{\"@type\":\"SearchAction\",\"target\":{\"@type\":\"EntryPoint\",\"urlTemplate\":\"https:\\\/\\\/saint-denis-immobilier.fr\\\/?s={search_term_string}\"},\"query-input\":{\"@type\":\"PropertyValueSpecification\",\"valueRequired\":true,\"valueName\":\"search_term_string\"}}],\"inLanguage\":\"it-IT\"},{\"@type\":\"Organization\",\"@id\":\"https:\\\/\\\/saint-denis-immobilier.fr\\\/#organization\",\"name\":\"Saint-Denis Immobilier\",\"url\":\"https:\\\/\\\/saint-denis-immobilier.fr\\\/\",\"logo\":{\"@type\":\"ImageObject\",\"inLanguage\":\"it-IT\",\"@id\":\"https:\\\/\\\/saint-denis-immobilier.fr\\\/#\\\/schema\\\/logo\\\/image\\\/\",\"url\":\"https:\\\/\\\/www.saint-denis-immobilier.fr\\\/wp-content\\\/uploads\\\/2020\\\/02\\\/logo-new-cropped.png\",\"contentUrl\":\"https:\\\/\\\/www.saint-denis-immobilier.fr\\\/wp-content\\\/uploads\\\/2020\\\/02\\\/logo-new-cropped.png\",\"width\":452,\"height\":469,\"caption\":\"Saint-Denis Immobilier\"},\"image\":{\"@id\":\"https:\\\/\\\/saint-denis-immobilier.fr\\\/#\\\/schema\\\/logo\\\/image\\\/\"}}]}<\/script>\n<!-- \/ Yoast SEO plugin. -->","yoast_head_json":{"title":"Vendita APPARTAMENTO ST DENIS - 4 vano(i) - 91 m2","description":"Immobili in venditaAffitto APPARTAMENTO ST DENIS - 4 vano(i) - 91 m2 93 Senna Saint Denis, affitto e vendita","robots":{"index":"index","follow":"follow","max-snippet":"max-snippet:-1","max-image-preview":"max-image-preview:large","max-video-preview":"max-video-preview:-1"},"canonical":"https:\/\/saint-denis-immobilier.fr\/it\/transazione-di-noleggio\/venduto-appartamento-st-denis-4-camere-91-m2\/","og_locale":"it_IT","og_type":"article","og_title":"A vendre APPARTEMENT ST DENIS - 4 pi\u00e8ce(s) - 91 m2","og_description":"Immobilier A vendreA louer APPARTEMENT ST DENIS - 4 pi\u00e8ce(s) - 91 m2 93 Seine Saint Denis, location et vente","og_url":"https:\/\/saint-denis-immobilier.fr\/it\/transazione-di-noleggio\/venduto-appartamento-st-denis-4-camere-91-m2\/","og_site_name":"Saint-Denis Immobilier","article_modified_time":"2026-04-05T16:02:17+00:00","og_image":[{"width":800,"height":533,"url":"https:\/\/saint-denis-immobilier.fr\/wp-content\/uploads\/2025\/12\/2025-065347.jpg","type":"image\/jpeg"}],"twitter_card":"summary_large_image","twitter_misc":{"Tempo di lettura stimato":"1 minuto"},"schema":{"@context":"https:\/\/schema.org","@graph":[{"@type":"WebPage","@id":"https:\/\/saint-denis-immobilier.fr\/it\/transazione-di-noleggio\/venduto-appartamento-st-denis-4-camere-91-m2\/","url":"https:\/\/saint-denis-immobilier.fr\/it\/transazione-di-noleggio\/venduto-appartamento-st-denis-4-camere-91-m2\/","name":"Vendita APPARTAMENTO ST DENIS - 4 vano(i) - 91 m2","isPartOf":{"@id":"https:\/\/saint-denis-immobilier.fr\/#website"},"primaryImageOfPage":{"@id":"https:\/\/saint-denis-immobilier.fr\/it\/transazione-di-noleggio\/venduto-appartamento-st-denis-4-camere-91-m2\/#primaryimage"},"image":{"@id":"https:\/\/saint-denis-immobilier.fr\/it\/transazione-di-noleggio\/venduto-appartamento-st-denis-4-camere-91-m2\/#primaryimage"},"thumbnailUrl":"https:\/\/saint-denis-immobilier.fr\/wp-content\/uploads\/2025\/12\/2025-065347.jpg","datePublished":"2026-04-05T14:02:11+00:00","dateModified":"2026-04-05T16:02:17+00:00","description":"Immobili in venditaAffitto APPARTAMENTO ST DENIS - 4 vano(i) - 91 m2 93 Senna Saint Denis, affitto e vendita","breadcrumb":{"@id":"https:\/\/saint-denis-immobilier.fr\/it\/transazione-di-noleggio\/venduto-appartamento-st-denis-4-camere-91-m2\/#breadcrumb"},"inLanguage":"it-IT","potentialAction":[{"@type":"ReadAction","target":["https:\/\/saint-denis-immobilier.fr\/it\/transazione-di-noleggio\/venduto-appartamento-st-denis-4-camere-91-m2\/"]}]},{"@type":"ImageObject","inLanguage":"it-IT","@id":"https:\/\/saint-denis-immobilier.fr\/it\/transazione-di-noleggio\/venduto-appartamento-st-denis-4-camere-91-m2\/#primaryimage","url":"https:\/\/saint-denis-immobilier.fr\/wp-content\/uploads\/2025\/12\/2025-065347.jpg","contentUrl":"https:\/\/saint-denis-immobilier.fr\/wp-content\/uploads\/2025\/12\/2025-065347.jpg","width":800,"height":533,"caption":"Saint Denis Immobilier"},{"@type":"BreadcrumbList","@id":"https:\/\/saint-denis-immobilier.fr\/it\/transazione-di-noleggio\/venduto-appartamento-st-denis-4-camere-91-m2\/#breadcrumb","itemListElement":[{"@type":"ListItem","position":1,"name":"Home","item":"https:\/\/saint-denis-immobilier.fr\/"},{"@type":"ListItem","position":2,"name":"Nos biens \u00e0 la vente","item":"https:\/\/saint-denis-immobilier.fr\/biens\/"},{"@type":"ListItem","position":3,"name":"VENDU ! APPARTEMENT ST DENIS &#8211; 4 pi\u00e8ce(s) &#8211; 91 m2"}]},{"@type":"WebSite","@id":"https:\/\/saint-denis-immobilier.fr\/#website","url":"https:\/\/saint-denis-immobilier.fr\/","name":"Saint-Denis Immobiliare","description":"agenzia immobiliare a Saint-Denis","publisher":{"@id":"https:\/\/saint-denis-immobilier.fr\/#organization"},"potentialAction":[{"@type":"SearchAction","target":{"@type":"EntryPoint","urlTemplate":"https:\/\/saint-denis-immobilier.fr\/?s={search_term_string}"},"query-input":{"@type":"PropertyValueSpecification","valueRequired":true,"valueName":"search_term_string"}}],"inLanguage":"it-IT"},{"@type":"Organization","@id":"https:\/\/saint-denis-immobilier.fr\/#organization","name":"Saint-Denis Immobiliare","url":"https:\/\/saint-denis-immobilier.fr\/","logo":{"@type":"ImageObject","inLanguage":"it-IT","@id":"https:\/\/saint-denis-immobilier.fr\/#\/schema\/logo\/image\/","url":"https:\/\/www.saint-denis-immobilier.fr\/wp-content\/uploads\/2020\/02\/logo-new-cropped.png","contentUrl":"https:\/\/www.saint-denis-immobilier.fr\/wp-content\/uploads\/2020\/02\/logo-new-cropped.png","width":452,"height":469,"caption":"Saint-Denis Immobilier"},"image":{"@id":"https:\/\/saint-denis-immobilier.fr\/#\/schema\/logo\/image\/"}}]}},"_links":{"self":[{"href":"https:\/\/saint-denis-immobilier.fr\/it\/wp-json\/wp\/v2\/product\/12956490","targetHints":{"allow":["GET"]}}],"collection":[{"href":"https:\/\/saint-denis-immobilier.fr\/it\/wp-json\/wp\/v2\/product"}],"about":[{"href":"https:\/\/saint-denis-immobilier.fr\/it\/wp-json\/wp\/v2\/types\/product"}],"wp:featuredmedia":[{"embeddable":true,"href":"https:\/\/saint-denis-immobilier.fr\/it\/wp-json\/wp\/v2\/media\/12956183"}],"wp:attachment":[{"href":"https:\/\/saint-denis-immobilier.fr\/it\/wp-json\/wp\/v2\/media?parent=12956490"}],"wp:term":[{"taxonomy":"product_brand","embeddable":true,"href":"https:\/\/saint-denis-immobilier.fr\/it\/wp-json\/wp\/v2\/product_brand?post=12956490"},{"taxonomy":"product_cat","embeddable":true,"href":"https:\/\/saint-denis-immobilier.fr\/it\/wp-json\/wp\/v2\/product_cat?post=12956490"},{"taxonomy":"product_tag","embeddable":true,"href":"https:\/\/saint-denis-immobilier.fr\/it\/wp-json\/wp\/v2\/product_tag?post=12956490"},{"taxonomy":"ville","embeddable":true,"href":"https:\/\/saint-denis-immobilier.fr\/it\/wp-json\/wp\/v2\/ville?post=12956490"},{"taxonomy":"code_postal","embeddable":true,"href":"https:\/\/saint-denis-immobilier.fr\/it\/wp-json\/wp\/v2\/code_postal?post=12956490"},{"taxonomy":"mot_cle","embeddable":true,"href":"https:\/\/saint-denis-immobilier.fr\/it\/wp-json\/wp\/v2\/mot_cle?post=12956490"},{"taxonomy":"surface_bien","embeddable":true,"href":"https:\/\/saint-denis-immobilier.fr\/it\/wp-json\/wp\/v2\/surface_bien?post=12956490"},{"taxonomy":"type_produit","embeddable":true,"href":"https:\/\/saint-denis-immobilier.fr\/it\/wp-json\/wp\/v2\/type_produit?post=12956490"},{"taxonomy":"prix_loc","embeddable":true,"href":"https:\/\/saint-denis-immobilier.fr\/it\/wp-json\/wp\/v2\/prix_loc?post=12956490"},{"taxonomy":"prix_transac","embeddable":true,"href":"https:\/\/saint-denis-immobilier.fr\/it\/wp-json\/wp\/v2\/prix_transac?post=12956490"},{"taxonomy":"vendu","embeddable":true,"href":"https:\/\/saint-denis-immobilier.fr\/it\/wp-json\/wp\/v2\/vendu?post=12956490"}],"curies":[{"name":"wp","href":"https:\/\/api.w.org\/{rel}","templated":true}]}}